{"id":15602,"date":"2022-10-07T13:35:06","date_gmt":"2022-10-07T11:35:06","guid":{"rendered":"https:\/\/mbconveyors.com\/?page_id=15602"},"modified":"2022-10-07T17:02:33","modified_gmt":"2022-10-07T15:02:33","slug":"gdpr-cookie-policy","status":"publish","type":"page","link":"https:\/\/mbconveyors.com\/de\/gdpr-cookie-policy\/","title":{"rendered":"Cookie Policy"},"content":{"rendered":"<p>[vc_row][vc_column][vc_column_text]<\/p>\n<h3>Informationen zur Verwendung der Cookies<\/h3>\n<p>Diese Cookie-Politik erkl\u00e4rt, was Cookies sind und wie wir sie verwenden, welche Arten von Cookies wir verwenden, welche Informationen wir mit Hilfe von Cookies sammeln und wie diese Informationen verwendet werden, und wie Sie Ihre Cookie-Einstellungen verwalten k\u00f6nnen. Weitere Informationen dar\u00fcber, wie wir Ihre pers\u00f6nlichen Daten verwenden, speichern und aufbewahren, finden Sie in unserer Datenschutzerkl\u00e4rung.<\/p>\n<p>Sie k\u00f6nnen Ihr Einverst\u00e4ndnis in der Cookie-Erkl\u00e4rung auf unserer Website jederzeit \u00e4ndern oder widerrufen.<br \/>\nIn unserer Datenschutzerkl\u00e4rung erfahren Sie mehr dar\u00fcber, wer wir sind, wie Sie uns kontaktieren k\u00f6nnen und wie wir personenbezogene Daten verarbeiten.<br \/>\nIhre Zustimmung gilt f\u00fcr die folgenden Bereiche: mbconveyors.com<br \/>\n<div class=\"cli_user_consent_state\">Dein aktueller Status: Keine Einwilligung erteilt. <a class=\"cli_manage_current_consent\" style=\"cursor:pointer;text-decoration:underline;\">Verwalte deine Einwilligung<\/a> <\/div>[\/vc_column_text][vc_empty_space height=&#8220;31px&#8220;][\/vc_column][\/vc_row][vc_row][vc_column][vc_column_text]<\/p>\n<h3>Was sind Cookies?<\/h3>\n<p>Cookies sind kleine Textdateien, die dazu dienen, kleine Informationen zu speichern. Sie werden auf Ihrem Endger\u00e4t gespeichert, wenn die Website in Ihrem Browser geladen wird. Diese Cookies helfen uns, die Website ordnungsgem\u00e4\u00df zu betreiben, sie sicherer zu machen, die Nutzererfahrung zu verbessern und zu verstehen, wie die Website funktioniert, und zu analysieren, was funktioniert und wo sie verbessert werden muss.[\/vc_column_text][vc_empty_space height=&#8220;31px&#8220;][\/vc_column][\/vc_row][vc_row][vc_column][vc_column_text]<\/p>\n<h3>Wie verwenden wir Cookies?<\/h3>\n<p>Wie die meisten Online-Dienste verwendet auch unsere Website eigene Cookies und Cookies von Drittanbietern f\u00fcr unterschiedliche Zwecke. Erstanbieter-Cookies sind in der Regel f\u00fcr das ordnungsgem\u00e4\u00dfe Funktionieren der Website erforderlich und erfassen keine personenbezogenen Daten von Ihnen.<\/p>\n<p>Die auf unserer Website verwendeten Cookies von Drittanbietern dienen haupts\u00e4chlich dazu, zu verstehen, wie die Website funktioniert, wie Sie mit unserer Website interagieren, unsere Dienste sicher zu halten, relevante Werbung f\u00fcr Sie bereitzustellen und Ihnen alles in allem eine bessere und verbesserte Benutzererfahrung zu bieten und Ihre zuk\u00fcnftigen Interaktionen mit unserer Website zu beschleunigen.[\/vc_column_text][vc_empty_space height=&#8220;31px&#8220;][\/vc_column][\/vc_row][vc_row][vc_column][vc_column_text]<\/p>\n<h3>Welche Arten von Cookies verwenden wir?<\/h3>\n<p><strong>Notwendige Cookies<\/strong>: Einige Cookies sind unbedingt erforderlich, um die volle Funktionalit\u00e4t unserer Website nutzen zu k\u00f6nnen. Sie erm\u00f6glichen es uns, Benutzersitzungen aufrechtzuerhalten und Sicherheitsbedrohungen zu verhindern. Sie sammeln und speichern keine pers\u00f6nlichen Daten. Diese Cookies erm\u00f6glichen es Ihnen zum Beispiel, sich bei Ihrem Konto anzumelden, Produkte in Ihren Warenkorb zu legen und sich sicher abzumelden.<\/p>\n<p><strong>Statistik-Cookies<\/strong>: Diese Cookies speichern Informationen wie die Anzahl der Besucher der Website, die Anzahl einzelner Besucher, die besuchten Seiten der Website, die Herkunft des Besuchs usw. Diese Daten helfen uns, die Leistung der Website zu verstehen und zu analysieren und festzustellen, wo sie verbessert werden muss.<\/p>\n<p><strong>Werbe-Cookies<\/strong>: Diese Cookies werden verwendet, um die Werbung, die wir Ihnen zeigen, so anzupassen, dass sie f\u00fcr Sie sinnvoll ist. Diese Cookies helfen uns auch, die Effizienz dieser Werbekampagnen zu verfolgen. Die in diesen Cookies gespeicherten Informationen k\u00f6nnen auch von Drittanbietern verwendet werden, um Ihnen Werbung auf anderen Websites in Ihrem Browser anzuzeigen.<\/p>\n<p><strong>Funktionale Cookies<\/strong>: Dies sind Cookies, die einige nicht wesentliche Funktionen auf unserer Website unterst\u00fctzen. Zu diesen Funktionen geh\u00f6ren die Einbettung von Inhalten wie Videos oder die Freigabe von Website-Inhalten auf Social-Media-Plattformen.<\/p>\n<p><strong>Pr\u00e4ferenzen<\/strong>: Diese Cookies helfen uns, Ihre Browser-Einstellungen und Pr\u00e4ferenzen, wie z. B. die bevorzugte Sprache, zu speichern, damit Sie bei zuk\u00fcnftigen Besuchen der Website eine bessere und effizientere Erfahrung machen k\u00f6nnen.<br \/>\n<p>Die folgende Liste beschreibt detailliert die auf unserer Website verwendeten Cookies<\/p><table class=\"cookielawinfo-row-cat-table cookielawinfo-classic\"><thead><tr><th class=\"cookielawinfo-column-1\">Cookie<\/th><th class=\"cookielawinfo-column-4\">Beschreibung<\/th><\/tr><\/thead><tbody><tr class=\"cookielawinfo-row\"><td class=\"cookielawinfo-column-1\">CONSENT<\/td><td class=\"cookielawinfo-column-4\">YouTube sets this cookie via embedded youtube-videos and registers anonymous statistical data.<\/td><\/tr><tr class=\"cookielawinfo-row\"><td class=\"cookielawinfo-column-1\">cookielawinfo-checkbox-analytics<\/td><td class=\"cookielawinfo-column-4\">This cookie is set by GDPR Cookie Consent plugin. The cookie is used to store the user consent for the cookies in the category \"Analytics\".<\/td><\/tr><tr class=\"cookielawinfo-row\"><td class=\"cookielawinfo-column-1\">cookielawinfo-checkbox-functional<\/td><td class=\"cookielawinfo-column-4\">The cookie is set by GDPR cookie consent to record the user consent for the cookies in the category \"Functional\".<\/td><\/tr><tr class=\"cookielawinfo-row\"><td class=\"cookielawinfo-column-1\">cookielawinfo-checkbox-necessary<\/td><td class=\"cookielawinfo-column-4\">This cookie is set by GDPR Cookie Consent plugin. The cookies is used to store the user consent for the cookies in the category \"Necessary\".<\/td><\/tr><tr class=\"cookielawinfo-row\"><td class=\"cookielawinfo-column-1\">cookielawinfo-checkbox-others<\/td><td class=\"cookielawinfo-column-4\">This cookie is set by GDPR Cookie Consent plugin. The cookie is used to store the user consent for the cookies in the category \"Other.<\/td><\/tr><tr class=\"cookielawinfo-row\"><td class=\"cookielawinfo-column-1\">cookielawinfo-checkbox-performance<\/td><td class=\"cookielawinfo-column-4\">This cookie is set by GDPR Cookie Consent plugin. The cookie is used to store the user consent for the cookies in the category \"Performance\".<\/td><\/tr><tr class=\"cookielawinfo-row\"><td class=\"cookielawinfo-column-1\">viewed_cookie_policy<\/td><td class=\"cookielawinfo-column-4\">The cookie is set by the GDPR Cookie Consent plugin and is used to store whether or not user has consented to the use of cookies. It does not store any personal data.<\/td><\/tr><tr class=\"cookielawinfo-row\"><td class=\"cookielawinfo-column-1\">VISITOR_INFO1_LIVE<\/td><td class=\"cookielawinfo-column-4\">A cookie set by YouTube to measure bandwidth that determines whether the user gets the new or old player interface.<\/td><\/tr><tr class=\"cookielawinfo-row\"><td class=\"cookielawinfo-column-1\">wp-wpml_current_language<\/td><td class=\"cookielawinfo-column-4\">No description available.<\/td><\/tr><tr class=\"cookielawinfo-row\"><td class=\"cookielawinfo-column-1\">YSC<\/td><td class=\"cookielawinfo-column-4\">YSC cookie is set by Youtube and is used to track the views of embedded videos on Youtube pages.<\/td><\/tr><tr class=\"cookielawinfo-row\"><td class=\"cookielawinfo-column-1\">yt-remote-connected-devices<\/td><td class=\"cookielawinfo-column-4\">YouTube sets this cookie to store the video preferences of the user using embedded YouTube video.<\/td><\/tr><tr class=\"cookielawinfo-row\"><td class=\"cookielawinfo-column-1\">yt-remote-device-id<\/td><td class=\"cookielawinfo-column-4\">YouTube sets this cookie to store the video preferences of the user using embedded YouTube video.<\/td><\/tr><tr class=\"cookielawinfo-row\"><td class=\"cookielawinfo-column-1\">yt.innertube::nextId<\/td><td class=\"cookielawinfo-column-4\">This cookie, set by YouTube, registers a unique ID to store data on what videos from YouTube the user has seen.<\/td><\/tr><tr class=\"cookielawinfo-row\"><td class=\"cookielawinfo-column-1\">yt.innertube::requests<\/td><td class=\"cookielawinfo-column-4\">This cookie, set by YouTube, registers a unique ID to store data on what videos from YouTube the user has seen.<\/td><\/tr><tr class=\"cookielawinfo-row\"><td class=\"cookielawinfo-column-1\">_ga<\/td><td class=\"cookielawinfo-column-4\">The _ga cookie, installed by Google Analytics, calculates visitor, session and campaign data and also keeps track of site usage for the site's analytics report. The cookie stores information anonymously and assigns a randomly generated number to recognize unique visitors.<\/td><\/tr><tr class=\"cookielawinfo-row\"><td class=\"cookielawinfo-column-1\">_ga_HNCSJ2JTL9<\/td><td class=\"cookielawinfo-column-4\">This cookie is installed by Google Analytics.<\/td><\/tr><\/tbody><\/table>[\/vc_column_text][vc_empty_space height=&#8220;31px&#8220;][\/vc_column][\/vc_row][vc_row][vc_column][vc_column_text]<\/p>\n<h3>Wie kann ich meine Cookie-Einstellungen kontrollieren?<\/h3>\n<p>Wenn Sie sich entscheiden, Ihre Pr\u00e4ferenzen im Laufe der Browsersitzung zu \u00e4ndern, k\u00f6nnen Sie auf die Schaltfl\u00e4che \u201eCookie-Verwaltung\u201c unten links auf Ihrem Bildschirm klicken. Dadurch wird die Einwilligungserkl\u00e4rung erneut angezeigt, so dass Sie Ihre Einstellungen \u00e4ndern oder Ihre Einwilligung vollst\u00e4ndig widerrufen k\u00f6nnen.<\/p>\n<p>Dar\u00fcber hinaus bieten verschiedene Browser unterschiedliche Methoden zum Blockieren und L\u00f6schen von Cookies, die von den Websites verwendet werden. Sie k\u00f6nnen Ihre Browsereinstellungen \u00e4ndern, um Cookies zu blockieren\/l\u00f6schen. Weitere Informationen \u00fcber die Verwaltung und L\u00f6schung von Cookies finden Sie hier: wikipedia.org, www.allaboutcookies.org.[\/vc_column_text][vc_empty_space height=&#8220;31px&#8220;][\/vc_column][\/vc_row][vc_row][vc_column][vc_column_text]<\/p>\n<div class=\"cli_pg_page_contaner\">\n<div><\/div>\n<div><\/div>\n<div><\/div>\n<div><\/div>\n<div><\/div>\n<\/div>\n<p>[\/vc_column_text][\/vc_column][\/vc_row]<\/p>\n","protected":false},"excerpt":{"rendered":"<p>[vc_row][vc_column][vc_column_text] Informationen zur Verwendung der Cookies Diese Cookie-Politik erkl\u00e4rt, was Cookies sind und wie wir sie verwenden, welche Arten von Cookies wir verwenden, welche Informationen wir mit Hilfe von Cookies sammeln und wie diese Informationen verwendet werden, und wie Sie Ihre Cookie-Einstellungen verwalten k\u00f6nnen. Weitere Informationen dar\u00fcber, wie wir Ihre pers\u00f6nlichen Daten verwenden, speichern und&hellip;<\/p>\n","protected":false},"author":12,"featured_media":0,"parent":0,"menu_order":0,"comment_status":"closed","ping_status":"closed","template":"","meta":[],"aioseo_notices":[],"_links":{"self":[{"href":"https:\/\/mbconveyors.com\/de\/wp-json\/wp\/v2\/pages\/15602"}],"collection":[{"href":"https:\/\/mbconveyors.com\/de\/wp-json\/wp\/v2\/pages"}],"about":[{"href":"https:\/\/mbconveyors.com\/de\/wp-json\/wp\/v2\/types\/page"}],"author":[{"embeddable":true,"href":"https:\/\/mbconveyors.com\/de\/wp-json\/wp\/v2\/users\/12"}],"replies":[{"embeddable":true,"href":"https:\/\/mbconveyors.com\/de\/wp-json\/wp\/v2\/comments?post=15602"}],"version-history":[{"count":5,"href":"https:\/\/mbconveyors.com\/de\/wp-json\/wp\/v2\/pages\/15602\/revisions"}],"predecessor-version":[{"id":15610,"href":"https:\/\/mbconveyors.com\/de\/wp-json\/wp\/v2\/pages\/15602\/revisions\/15610"}],"wp:attachment":[{"href":"https:\/\/mbconveyors.com\/de\/wp-json\/wp\/v2\/media?parent=15602"}],"curies":[{"name":"wp","href":"https:\/\/api.w.org\/{rel}","templated":true}]}}