{"id":5326,"date":"2019-01-30T17:08:50","date_gmt":"2019-01-30T16:08:50","guid":{"rendered":"https:\/\/mbconveyors.com\/?page_id=5326"},"modified":"2020-06-14T19:01:48","modified_gmt":"2020-06-14T17:01:48","slug":"plastic-belt","status":"publish","type":"page","link":"https:\/\/mbconveyors.com\/de\/plastic-belt\/","title":{"rendered":"Plastic belt"},"content":{"rendered":"<p>[vc_row equal_height=&#8220;yes&#8220; css=&#8220;.vc_custom_1570706146299{margin-top: 70px !important;margin-bottom: 61px !important;}&#8220;][vc_column width=&#8220;3\/12&#8243; css=&#8220;.vc_custom_1570706129986{margin-top: 0px !important;margin-bottom: 0px !important;padding-top: 0px !important;padding-bottom: 0px !important;}&#8220;][vc_single_image image=&#8220;6285&#8243; img_size=&#8220;full&#8220; css=&#8220;.vc_custom_1570706124273{margin-top: 0px !important;margin-bottom: 0px !important;padding-top: 0px !important;padding-bottom: 0px !important;}&#8220;][\/vc_column][vc_column width=&#8220;4\/12&#8243; css=&#8220;.vc_custom_1543486482642{padding-right: 30px !important;padding-left: 30px !important;background-color: #eaeaea !important;}&#8220;]<div id=\"ultimate-heading-90906a06f42034dba\" class=\"uvc-heading ult-adjust-bottom-margin ultimate-heading-90906a06f42034dba uvc-4729 \" data-hspacer=\"no_spacer\"  data-halign=\"left\" style=\"text-align:left\"><div class=\"uvc-heading-spacer no_spacer\" style=\"top\"><\/div><div class=\"uvc-main-heading ult-responsive\"  data-ultimate-target='.uvc-heading.ultimate-heading-90906a06f42034dba h2'  data-responsive-json-new='{\"font-size\":\"desktop:32px;\",\"line-height\":\"desktop:46px;\"}' ><h2 style=\"font-weight:bold;margin-bottom:15px;\">Mission<\/h2><\/div><\/div><div class=\"uavc-list-icon uavc-list-icon-wrapper ult-adjust-bottom-margin   \"><ul class=\"uavc-list\"><li><div class=\"uavc-list-content\" id=\"list-icon-wrap-6608\">\n<div class=\"uavc-list-icon  \" data-animation=\"\" data-animation-delay=\"03\" style=\"margin-right:12px;\"><div class=\"ult-just-icon-wrapper  \"><div class=\"align-icon\" style=\"text-align:center;\">\n<div class=\"aio-icon none \"  style=\"color:#954b97;font-size:20px;display:inline-block;\">\n\t<i class=\"Defaults-circle-o\"><\/i>\n<\/div><\/div><\/div>\n<\/div><span  data-ultimate-target='#list-icon-wrap-6608 .uavc-list-desc'  data-responsive-json-new='{\"font-size\":\"\",\"line-height\":\"\"}'  class=\"uavc-list-desc ult-responsive\" style=\"\">Transport von sehr hei\u00dfen Produkten (bis 130\u00b0C) oder besonders kleinen oder scharfen Produkten<\/span><\/div><\/li><li><div class=\"uavc-list-content\" id=\"list-icon-wrap-1057\">\n<div class=\"uavc-list-icon  \" data-animation=\"\" data-animation-delay=\"03\" style=\"margin-right:12px;\"><div class=\"ult-just-icon-wrapper  \"><div class=\"align-icon\" style=\"text-align:center;\">\n<div class=\"aio-icon none \"  style=\"color:#954b97;font-size:20px;display:inline-block;\">\n\t<i class=\"Defaults-circle-o\"><\/i>\n<\/div><\/div><\/div>\n<\/div><span  data-ultimate-target='#list-icon-wrap-1057 .uavc-list-desc'  data-responsive-json-new='{\"font-size\":\"\",\"line-height\":\"\"}'  class=\"uavc-list-desc ult-responsive\" style=\"\">Vorhandensein von elektrostatischen Ladungen<\/span><\/div><\/li><li><div class=\"uavc-list-content\" id=\"list-icon-wrap-7620\">\n<div class=\"uavc-list-icon  \" data-animation=\"\" data-animation-delay=\"03\" style=\"margin-right:12px;\"><div class=\"ult-just-icon-wrapper  \"><div class=\"align-icon\" style=\"text-align:center;\">\n<div class=\"aio-icon none \"  style=\"color:#954b97;font-size:20px;display:inline-block;\">\n\t<i class=\"Defaults-circle-o\"><\/i>\n<\/div><\/div><\/div>\n<\/div><span  data-ultimate-target='#list-icon-wrap-7620 .uavc-list-desc'  data-responsive-json-new='{\"font-size\":\"\",\"line-height\":\"\"}'  class=\"uavc-list-desc ult-responsive\" style=\"\">Beg\u00fcnstigung der Produktabk\u00fchlung<br \/>\n<\/span><\/div><\/li><\/ul><\/div>[\/vc_column][vc_column width=&#8220;1\/12&#8243;][vc_empty_space height=&#8220;90px&#8220;][vc_icon icon_fontawesome=&#8220;fa fa-arrow-right&#8220; color=&#8220;custom&#8220; size=&#8220;xl&#8220; align=&#8220;center&#8220; custom_color=&#8220;#954b97&#8243;][\/vc_column][vc_column width=&#8220;4\/12&#8243; css=&#8220;.vc_custom_1543486417321{padding-right: 30px !important;padding-left: 30px !important;background-color: #eaeaea !important;}&#8220;]<div id=\"ultimate-heading-69646a06f42035044\" class=\"uvc-heading ult-adjust-bottom-margin ultimate-heading-69646a06f42035044 uvc-3263 \" data-hspacer=\"no_spacer\"  data-halign=\"left\" style=\"text-align:left\"><div class=\"uvc-heading-spacer no_spacer\" style=\"top\"><\/div><div class=\"uvc-main-heading ult-responsive\"  data-ultimate-target='.uvc-heading.ultimate-heading-69646a06f42035044 h2'  data-responsive-json-new='{\"font-size\":\"desktop:32px;\",\"line-height\":\"desktop:46px;\"}' ><h2 style=\"font-weight:bold;margin-bottom:15px;\">L\u00f6sung<\/h2><\/div><\/div><div class=\"uavc-list-icon uavc-list-icon-wrapper ult-adjust-bottom-margin   \"><ul class=\"uavc-list\"><li><div class=\"uavc-list-content\" id=\"list-icon-wrap-7949\">\n<div class=\"uavc-list-icon  \" data-animation=\"\" data-animation-delay=\"03\" style=\"margin-right:12px;\"><div class=\"ult-just-icon-wrapper  \"><div class=\"align-icon\" style=\"text-align:center;\">\n<div class=\"aio-icon none \"  style=\"color:#954b97;font-size:20px;display:inline-block;\">\n\t<i class=\"Defaults-circle-o\"><\/i>\n<\/div><\/div><\/div>\n<\/div><span  data-ultimate-target='#list-icon-wrap-7949 .uavc-list-desc'  data-responsive-json-new='{\"font-size\":\"\",\"line-height\":\"\"}'  class=\"uavc-list-desc ult-responsive\" style=\"\">F\u00f6rderb\u00e4nder mit von MB patentiertem Kunststoffgliedergurt<\/span><\/div><\/li><li><div class=\"uavc-list-content\" id=\"list-icon-wrap-8098\">\n<div class=\"uavc-list-icon  \" data-animation=\"\" data-animation-delay=\"03\" style=\"margin-right:12px;\"><div class=\"ult-just-icon-wrapper  \"><div class=\"align-icon\" style=\"text-align:center;\">\n<div class=\"aio-icon none \"  style=\"color:#954b97;font-size:20px;display:inline-block;\">\n\t<i class=\"Defaults-circle-o\"><\/i>\n<\/div><\/div><\/div>\n<\/div><span  data-ultimate-target='#list-icon-wrap-8098 .uavc-list-desc'  data-responsive-json-new='{\"font-size\":\"\",\"line-height\":\"\"}'  class=\"uavc-list-desc ult-responsive\" style=\"\">F\u00f6rderb\u00e4nder mit von MB patentiertem perforiertem Kunststoffgliedergurt<\/p>\n<p><iframe class=\"ginger-extension-definitionpopup\" style=\"display: none;\"><\/iframe><\/span><\/div><\/li><\/ul><\/div>[\/vc_column][\/vc_row][vc_row css=&#8220;.vc_custom_1568761196669{margin-top: 20px !important;}&#8220;][vc_column width=&#8220;1\/2&#8243;][vc_single_image image=&#8220;5327&#8243; img_size=&#8220;full&#8220;][\/vc_column][vc_column width=&#8220;1\/2&#8243;]<div id=\"ultimate-heading-59986a06f42035207\" class=\"uvc-heading ult-adjust-bottom-margin ultimate-heading-59986a06f42035207 uvc-3538 \" data-hspacer=\"line_only\"  data-halign=\"left\" style=\"text-align:left\"><div class=\"uvc-main-heading ult-responsive\"  data-ultimate-target='.uvc-heading.ultimate-heading-59986a06f42035207 h2'  data-responsive-json-new='{\"font-size\":\"desktop:30px;\",\"line-height\":\"\"}' ><h2 style=\"font-family:&#039;Open Sans Condensed&#039;;font-style:italic;font-weight:700;\">HAUPTEIGENSCHAFTEN<\/h2><\/div><div class=\"uvc-heading-spacer line_only\" style=\"topheight:1px;\"><span class=\"uvc-headings-line\" style=\"border-style:solid;border-bottom-width:1px;border-color:#ccc;width:250px;\"><\/span><\/div><\/div>[vc_empty_space height=&#8220;20px&#8220;]<div class=\"uavc-list-icon uavc-list-icon-wrapper ult-adjust-bottom-margin   \"><ul class=\"uavc-list\"><li><div class=\"uavc-list-content\" id=\"list-icon-wrap-3827\">\n<div class=\"uavc-list-icon  \" data-animation=\"\" data-animation-delay=\"03\" style=\"margin-right:12px;\"><div class=\"ult-just-icon-wrapper  \"><div class=\"align-icon\" style=\"text-align:center;\">\n<div class=\"aio-icon none \"  style=\"color:#954b97;font-size:20px;display:inline-block;\">\n\t<i class=\"Defaults-circle-o\"><\/i>\n<\/div><\/div><\/div>\n<\/div><span  data-ultimate-target='#list-icon-wrap-3827 .uavc-list-desc'  data-responsive-json-new='{\"font-size\":\"\",\"line-height\":\"\"}'  class=\"uavc-list-desc ult-responsive\" style=\"\">Die seitliche Begrenzungskante \u00f6ffnet sich auch w\u00e4hrend der Drehung des Verschlusses an den Antriebskettenr\u00e4dern nicht<\/span><\/div><\/li><li><div class=\"uavc-list-content\" id=\"list-icon-wrap-6226\">\n<div class=\"uavc-list-icon  \" data-animation=\"\" data-animation-delay=\"03\" style=\"margin-right:12px;\"><div class=\"ult-just-icon-wrapper  \"><div class=\"align-icon\" style=\"text-align:center;\">\n<div class=\"aio-icon none \"  style=\"color:#954b97;font-size:20px;display:inline-block;\">\n\t<i class=\"Defaults-circle-o\"><\/i>\n<\/div><\/div><\/div>\n<\/div><span  data-ultimate-target='#list-icon-wrap-6226 .uavc-list-desc'  data-responsive-json-new='{\"font-size\":\"\",\"line-height\":\"\"}'  class=\"uavc-list-desc ult-responsive\" style=\"\">Die Kontaktfl\u00e4che des Verschlusses ist leicht gepr\u00e4gt<\/span><\/div><\/li><li><div class=\"uavc-list-content\" id=\"list-icon-wrap-9147\">\n<div class=\"uavc-list-icon  \" data-animation=\"\" data-animation-delay=\"03\" style=\"margin-right:12px;\"><div class=\"ult-just-icon-wrapper  \"><div class=\"align-icon\" style=\"text-align:center;\">\n<div class=\"aio-icon none \"  style=\"color:#954b97;font-size:20px;display:inline-block;\">\n\t<i class=\"Defaults-circle-o\"><\/i>\n<\/div><\/div><\/div>\n<\/div><span  data-ultimate-target='#list-icon-wrap-9147 .uavc-list-desc'  data-responsive-json-new='{\"font-size\":\"\",\"line-height\":\"\"}'  class=\"uavc-list-desc ult-responsive\" style=\"\">Mit Fiberglas beladener PA6-Rollladen<\/span><\/div><\/li><li><div class=\"uavc-list-content\" id=\"list-icon-wrap-2015\">\n<div class=\"uavc-list-icon  \" data-animation=\"\" data-animation-delay=\"03\" style=\"margin-right:12px;\"><div class=\"ult-just-icon-wrapper  \"><div class=\"align-icon\" style=\"text-align:center;\">\n<div class=\"aio-icon none \"  style=\"color:#954b97;font-size:20px;display:inline-block;\">\n\t<i class=\"Defaults-circle-o\"><\/i>\n<\/div><\/div><\/div>\n<\/div><span  data-ultimate-target='#list-icon-wrap-2015 .uavc-list-desc'  data-responsive-json-new='{\"font-size\":\"\",\"line-height\":\"\"}'  class=\"uavc-list-desc ult-responsive\" style=\"\">Betriebstemperatur von + 1 \u00b0 C bis ca. 130 \u00b0 C<\/span><\/div><\/li><li><div class=\"uavc-list-content\" id=\"list-icon-wrap-4300\">\n<div class=\"uavc-list-icon  \" data-animation=\"\" data-animation-delay=\"03\" style=\"margin-right:12px;\"><div class=\"ult-just-icon-wrapper  \"><div class=\"align-icon\" style=\"text-align:center;\">\n<div class=\"aio-icon none \"  style=\"color:#954b97;font-size:20px;display:inline-block;\">\n\t<i class=\"Defaults-circle-o\"><\/i>\n<\/div><\/div><\/div>\n<\/div><span  data-ultimate-target='#list-icon-wrap-4300 .uavc-list-desc'  data-responsive-json-new='{\"font-size\":\"\",\"line-height\":\"\"}'  class=\"uavc-list-desc ult-responsive\" style=\"\">Standardliste: h = 35 oder 45 mm modular, min. 25 mm<\/span><\/div><\/li><li><div class=\"uavc-list-content\" id=\"list-icon-wrap-1491\">\n<div class=\"uavc-list-icon  \" data-animation=\"\" data-animation-delay=\"03\" style=\"margin-right:12px;\"><div class=\"ult-just-icon-wrapper  \"><div class=\"align-icon\" style=\"text-align:center;\">\n<div class=\"aio-icon none \"  style=\"color:#954b97;font-size:20px;display:inline-block;\">\n\t<i class=\"Defaults-circle-o\"><\/i>\n<\/div><\/div><\/div>\n<\/div><span  data-ultimate-target='#list-icon-wrap-1491 .uavc-list-desc'  data-responsive-json-new='{\"font-size\":\"\",\"line-height\":\"\"}'  class=\"uavc-list-desc ult-responsive\" style=\"\">M\u00f6glichkeit der Anbringung von Spezialstreifen nach Kundenwunsch<\/span><\/div><\/li><li><div class=\"uavc-list-content\" id=\"list-icon-wrap-5271\">\n<div class=\"uavc-list-icon  \" data-animation=\"\" data-animation-delay=\"03\" style=\"margin-right:12px;\"><div class=\"ult-just-icon-wrapper  \"><div class=\"align-icon\" style=\"text-align:center;\">\n<div class=\"aio-icon none \"  style=\"color:#954b97;font-size:20px;display:inline-block;\">\n\t<i class=\"Defaults-circle-o\"><\/i>\n<\/div><\/div><\/div>\n<\/div><span  data-ultimate-target='#list-icon-wrap-5271 .uavc-list-desc'  data-responsive-json-new='{\"font-size\":\"\",\"line-height\":\"\"}'  class=\"uavc-list-desc ult-responsive\" style=\"\">A=da 175 a 775mm (passo100mm)<\/span><\/div><\/li><\/ul><\/div>[\/vc_column][\/vc_row][vc_row][vc_column width=&#8220;1\/4&#8243;]<div class=\"aio-icon-component    style_1\"><div id=\"Info-box-wrap-2404\" class=\"aio-icon-box default-icon\" style=\"\"  ><div class=\"aio-icon-default\"><div class=\"ult-just-icon-wrapper  \"><div class=\"align-icon\" style=\"text-align:center;\">\n<div class=\"aio-icon none \"  style=\"color:#954b97;font-size:16px;display:inline-block;\">\n\t<i class=\"Defaults-plus\"><\/i>\n<\/div><\/div><\/div><\/div><div class=\"aio-icon-header\" ><h3 class=\"aio-icon-title ult-responsive\"  data-ultimate-target='#Info-box-wrap-2404 .aio-icon-title'  data-responsive-json-new='{\"font-size\":\"desktop:24px;\",\"line-height\":\"\"}'  style=\"font-family:&#039;Open Sans Condensed&#039;;font-style:italic;font-weight:normal;font-style:normal;\">ABMESSUNGEN<\/h3><\/div> <!-- header --><\/div> <!-- aio-icon-box --><\/div> <!-- aio-icon-component -->[vc_single_image image=&#8220;7507&#8243; img_size=&#8220;full&#8220;][\/vc_column][vc_column width=&#8220;1\/4&#8243;]<div class=\"aio-icon-component    style_1\"><div id=\"Info-box-wrap-3724\" class=\"aio-icon-box default-icon\" style=\"\"  ><div class=\"aio-icon-default\"><div class=\"ult-just-icon-wrapper  \"><div class=\"align-icon\" style=\"text-align:center;\">\n<div class=\"aio-icon none \"  style=\"color:#954b97;font-size:16px;display:inline-block;\">\n\t<i class=\"Defaults-plus\"><\/i>\n<\/div><\/div><\/div><\/div><div class=\"aio-icon-header\" ><h3 class=\"aio-icon-title ult-responsive\"  data-ultimate-target='#Info-box-wrap-3724 .aio-icon-title'  data-responsive-json-new='{\"font-size\":\"desktop:24px;\",\"line-height\":\"\"}'  style=\"font-family:&#039;Open Sans Condensed&#039;;font-style:italic;font-weight:normal;font-style:normal;\">MODUL 25<\/h3><\/div> <!-- header --><\/div> <!-- aio-icon-box --><\/div> <!-- aio-icon-component -->[vc_single_image image=&#8220;5329&#8243; img_size=&#8220;full&#8220;][\/vc_column][vc_column width=&#8220;1\/4&#8243;]<div class=\"aio-icon-component    style_1\"><div id=\"Info-box-wrap-4101\" class=\"aio-icon-box default-icon\" style=\"\"  ><div class=\"aio-icon-default\"><div class=\"ult-just-icon-wrapper  \"><div class=\"align-icon\" style=\"text-align:center;\">\n<div class=\"aio-icon none \"  style=\"color:#954b97;font-size:16px;display:inline-block;\">\n\t<i class=\"Defaults-plus\"><\/i>\n<\/div><\/div><\/div><\/div><div class=\"aio-icon-header\" ><h3 class=\"aio-icon-title ult-responsive\"  data-ultimate-target='#Info-box-wrap-4101 .aio-icon-title'  data-responsive-json-new='{\"font-size\":\"desktop:24px;\",\"line-height\":\"\"}'  style=\"font-family:&#039;Open Sans Condensed&#039;;font-style:italic;font-weight:normal;font-style:normal;\">MODUL 50<\/h3><\/div> <!-- header --><\/div> <!-- aio-icon-box --><\/div> <!-- aio-icon-component -->[vc_single_image image=&#8220;5330&#8243; img_size=&#8220;full&#8220;][\/vc_column][vc_column width=&#8220;1\/4&#8243;]<div class=\"aio-icon-component    style_1\"><div id=\"Info-box-wrap-5764\" class=\"aio-icon-box default-icon\" style=\"\"  ><div class=\"aio-icon-default\"><div class=\"ult-just-icon-wrapper  \"><div class=\"align-icon\" style=\"text-align:center;\">\n<div class=\"aio-icon none \"  style=\"color:#954b97;font-size:16px;display:inline-block;\">\n\t<i class=\"Defaults-plus\"><\/i>\n<\/div><\/div><\/div><\/div><div class=\"aio-icon-header\" ><h3 class=\"aio-icon-title ult-responsive\"  data-ultimate-target='#Info-box-wrap-5764 .aio-icon-title'  data-responsive-json-new='{\"font-size\":\"desktop:24px;\",\"line-height\":\"\"}'  style=\"font-family:&#039;Open Sans Condensed&#039;;font-style:italic;font-weight:normal;font-style:normal;\">MODUL 100<\/h3><\/div> <!-- header --><\/div> <!-- aio-icon-box --><\/div> <!-- aio-icon-component -->[vc_single_image image=&#8220;5331&#8243; img_size=&#8220;full&#8220;][\/vc_column][\/vc_row][vc_row][vc_column width=&#8220;1\/2&#8243;][vc_single_image image=&#8220;5328&#8243; img_size=&#8220;full&#8220;][\/vc_column][vc_column width=&#8220;1\/2&#8243;]<div id=\"ultimate-heading-93906a06f420357de\" class=\"uvc-heading ult-adjust-bottom-margin ultimate-heading-93906a06f420357de uvc-9052 \" data-hspacer=\"line_only\"  data-halign=\"left\" style=\"text-align:left\"><div class=\"uvc-main-heading ult-responsive\"  data-ultimate-target='.uvc-heading.ultimate-heading-93906a06f420357de h2'  data-responsive-json-new='{\"font-size\":\"desktop:30px;\",\"line-height\":\"\"}' ><h2 style=\"font-family:&#039;Open Sans Condensed&#039;;font-style:italic;font-weight:700;\">PATENTIERTER PERFORIERTER VERSCHLUSS<\/h2><\/div><div class=\"uvc-heading-spacer line_only\" style=\"topheight:1px;\"><span class=\"uvc-headings-line\" style=\"border-style:solid;border-bottom-width:1px;border-color:#ccc;width:250px;\"><\/span><\/div><div class=\"uvc-sub-heading ult-responsive\"  data-ultimate-target='.uvc-heading.ultimate-heading-93906a06f420357de .uvc-sub-heading '  data-responsive-json-new='{\"font-size\":\"\",\"line-height\":\"\"}'  style=\"font-weight:normal;margin-top:20px;\">Einf\u00fchrung des neuen, patentierten perforierten Rollladens von MB Conveyors f\u00fcr K\u00fchlsysteme. Wie Sie auf dem nebenstehenden Bild sehen k\u00f6nnen, sorgt dieser Verschlusstyp f\u00fcr den Luftdurchtritt zwischen den Maschen, aus denen er besteht, um die K\u00fchlung des transportierten Produkts zu erm\u00f6glichen.<\/div><\/div>[\/vc_column][\/vc_row][vc_row][vc_column][vc_empty_space height=&#8220;30px&#8220;]<div id=\"ultimate-heading-47286a06f42035817\" class=\"uvc-heading ult-adjust-bottom-margin ultimate-heading-47286a06f42035817 uvc-4630 \" data-hspacer=\"line_only\"  data-halign=\"left\" style=\"text-align:left\"><div class=\"uvc-main-heading ult-responsive\"  data-ultimate-target='.uvc-heading.ultimate-heading-47286a06f42035817 h2'  data-responsive-json-new='{\"font-size\":\"desktop:30px;\",\"line-height\":\"\"}' ><h2 style=\"font-family:&#039;Open Sans Condensed&#039;;font-style:italic;font-weight:700;\">PRODUKTPROGRAMM<\/h2><\/div><div class=\"uvc-heading-spacer line_only\" style=\"topheight:1px;\"><span class=\"uvc-headings-line\" style=\"border-style:solid;border-bottom-width:1px;border-color:#ccc;width:250px;\"><\/span><\/div><\/div>[vc_empty_space height=&#8220;20px&#8220;]<div class=\"dt-shortcode with-isotope\"><div class=\"wf-container dt-portfolio-shortcode loading-effect-fade-in iso-grid description-under-image content-align-left hover-color-static\" data-padding=\"20px\" data-cur-page=\"1\" data-posts-per-page=\"-1\" data-width=\"300px\" data-columns=\"4\">\n<div class=\"wf-cell\" data-post-id=\"5322\" data-date=\"2022-12-05T05:01:03+01:00\" data-name=\"PA TP\">\n<article class=\"post post-5322 dt_portfolio type-dt_portfolio status-publish has-post-thumbnail hentry dt_portfolio_category-plastic-belt-deu dt_portfolio_category-94\">\n\n\t<div class=\"project-list-media\">\n\t<figure class=\"buttons-on-img forward-post\">\n\t\t<a href=\"https:\/\/mbconveyors.com\/de\/product\/pa-tp\/\" class=\"alignnone rollover layzr-bg\" title=\"MB_PA TP_IMG_preview_r02\"  aria-label=\"Post image\"><img class=\"preload-me iso-lazy-load aspect\" src=\"data:image\/svg+xml,%3Csvg%20xmlns%3D&#39;http%3A%2F%2Fwww.w3.org%2F2000%2Fsvg&#39;%20viewBox%3D&#39;0%200%20270%20180&#39;%2F%3E\" data-src=\"https:\/\/mbconveyors.com\/wp-content\/uploads\/2021\/06\/MB_PA-TP_IMG_preview_r02.jpg\" data-srcset=\"https:\/\/mbconveyors.com\/wp-content\/uploads\/2021\/06\/MB_PA-TP_IMG_preview_r02.jpg 270w\" loading=\"eager\" style=\"--ratio: 270 \/ 180\" sizes=\"(max-width: 270px) 100vw, 270px\" alt=\"\" width=\"270\" height=\"180\"  \/><\/a>\t\t\t<\/figure>\n<\/div>\n<div class=\"project-list-content\">\n\t<h3 class=\"entry-title\"><a href=\"https:\/\/mbconveyors.com\/de\/product\/pa-tp\/\" title=\"PA TP\" rel=\"bookmark\">PA TP<\/a><\/h3><\/div>\n<\/article>\n\n<\/div>\n<div class=\"wf-cell\" data-post-id=\"5319\" data-date=\"2022-12-05T05:02:51+01:00\" data-name=\"CP TP\">\n<article class=\"post post-5319 dt_portfolio type-dt_portfolio status-publish has-post-thumbnail hentry dt_portfolio_category-plastic-belt-deu dt_portfolio_category-94\">\n\n\t<div class=\"project-list-media\">\n\t<figure class=\"buttons-on-img forward-post\">\n\t\t<a href=\"https:\/\/mbconveyors.com\/de\/product\/cp-tp\/\" class=\"alignnone rollover layzr-bg\" title=\"MB_CP TP_IMG_preview_r02\"  aria-label=\"Post image\"><img class=\"preload-me iso-lazy-load aspect\" src=\"data:image\/svg+xml,%3Csvg%20xmlns%3D&#39;http%3A%2F%2Fwww.w3.org%2F2000%2Fsvg&#39;%20viewBox%3D&#39;0%200%20270%20180&#39;%2F%3E\" data-src=\"https:\/\/mbconveyors.com\/wp-content\/uploads\/2021\/06\/MB_CP-TP_IMG_preview_r02.jpg\" data-srcset=\"https:\/\/mbconveyors.com\/wp-content\/uploads\/2021\/06\/MB_CP-TP_IMG_preview_r02.jpg 270w\" loading=\"eager\" style=\"--ratio: 270 \/ 180\" sizes=\"(max-width: 270px) 100vw, 270px\" alt=\"\" width=\"270\" height=\"180\"  \/><\/a>\t\t\t<\/figure>\n<\/div>\n<div class=\"project-list-content\">\n\t<h3 class=\"entry-title\"><a href=\"https:\/\/mbconveyors.com\/de\/product\/cp-tp\/\" title=\"CP TP\" rel=\"bookmark\">CP TP<\/a><\/h3><\/div>\n<\/article>\n\n<\/div>\n<div class=\"wf-cell\" data-post-id=\"5307\" data-date=\"2022-12-05T05:03:33+01:00\" data-name=\"CPT TP\">\n<article class=\"post post-5307 dt_portfolio type-dt_portfolio status-publish has-post-thumbnail hentry dt_portfolio_category-plastic-belt-deu dt_portfolio_category-94\">\n\n\t<div class=\"project-list-media\">\n\t<figure class=\"buttons-on-img forward-post\">\n\t\t<a href=\"https:\/\/mbconveyors.com\/de\/product\/cpt-tp\/\" class=\"alignnone rollover layzr-bg\" title=\"MB_CPT TP_IMG_preview_r02\"  aria-label=\"Post image\"><img class=\"preload-me iso-lazy-load aspect\" src=\"data:image\/svg+xml,%3Csvg%20xmlns%3D&#39;http%3A%2F%2Fwww.w3.org%2F2000%2Fsvg&#39;%20viewBox%3D&#39;0%200%20270%20180&#39;%2F%3E\" data-src=\"https:\/\/mbconveyors.com\/wp-content\/uploads\/2021\/06\/MB_CPT-TP_IMG_preview_r02.jpg\" data-srcset=\"https:\/\/mbconveyors.com\/wp-content\/uploads\/2021\/06\/MB_CPT-TP_IMG_preview_r02.jpg 270w\" loading=\"eager\" style=\"--ratio: 270 \/ 180\" sizes=\"(max-width: 270px) 100vw, 270px\" alt=\"\" width=\"270\" height=\"180\"  \/><\/a>\t\t\t<\/figure>\n<\/div>\n<div class=\"project-list-content\">\n\t<h3 class=\"entry-title\"><a href=\"https:\/\/mbconveyors.com\/de\/product\/cpt-tp\/\" title=\"CPT TP\" rel=\"bookmark\">CPT TP<\/a><\/h3><\/div>\n<\/article>\n\n<\/div><\/div><\/div>[\/vc_column][\/vc_row]<\/p>\n","protected":false},"excerpt":{"rendered":"<p>[vc_row equal_height=&#8220;yes&#8220; css=&#8220;.vc_custom_1570706146299{margin-top: 70px !important;margin-bottom: 61px !important;}&#8220;][vc_column width=&#8220;3\/12&#8243; css=&#8220;.vc_custom_1570706129986{margin-top: 0px !important;margin-bottom: 0px !important;padding-top: 0px !important;padding-bottom: 0px !important;}&#8220;][vc_single_image image=&#8220;6285&#8243; img_size=&#8220;full&#8220; css=&#8220;.vc_custom_1570706124273{margin-top: 0px !important;margin-bottom: 0px !important;padding-top: 0px !important;padding-bottom: 0px !important;}&#8220;][\/vc_column][vc_column width=&#8220;4\/12&#8243; css=&#8220;.vc_custom_1543486482642{padding-right: 30px !important;padding-left: 30px !important;background-color: #eaeaea !important;}&#8220;][\/vc_column][vc_column width=&#8220;1\/12&#8243;][vc_empty_space height=&#8220;90px&#8220;][vc_icon icon_fontawesome=&#8220;fa fa-arrow-right&#8220; color=&#8220;custom&#8220; size=&#8220;xl&#8220; align=&#8220;center&#8220; custom_color=&#8220;#954b97&#8243;][\/vc_column][vc_column width=&#8220;4\/12&#8243; css=&#8220;.vc_custom_1543486417321{padding-right: 30px !important;padding-left: 30px !important;background-color: #eaeaea !important;}&#8220;][\/vc_column][\/vc_row][vc_row css=&#8220;.vc_custom_1568761196669{margin-top: 20px !important;}&#8220;][vc_column&hellip;<\/p>\n","protected":false},"author":6,"featured_media":0,"parent":0,"menu_order":0,"comment_status":"closed","ping_status":"closed","template":"","meta":[],"aioseo_notices":[],"_links":{"self":[{"href":"https:\/\/mbconveyors.com\/de\/wp-json\/wp\/v2\/pages\/5326"}],"collection":[{"href":"https:\/\/mbconveyors.com\/de\/wp-json\/wp\/v2\/pages"}],"about":[{"href":"https:\/\/mbconveyors.com\/de\/wp-json\/wp\/v2\/types\/page"}],"author":[{"embeddable":true,"href":"https:\/\/mbconveyors.com\/de\/wp-json\/wp\/v2\/users\/6"}],"replies":[{"embeddable":true,"href":"https:\/\/mbconveyors.com\/de\/wp-json\/wp\/v2\/comments?post=5326"}],"version-history":[{"count":0,"href":"https:\/\/mbconveyors.com\/de\/wp-json\/wp\/v2\/pages\/5326\/revisions"}],"wp:attachment":[{"href":"https:\/\/mbconveyors.com\/de\/wp-json\/wp\/v2\/media?parent=5326"}],"curies":[{"name":"wp","href":"https:\/\/api.w.org\/{rel}","templated":true}]}}