{"id":5456,"date":"2018-11-29T11:05:15","date_gmt":"2018-11-29T10:05:15","guid":{"rendered":"https:\/\/mbconveyors.com\/?page_id=5456"},"modified":"2020-07-14T18:14:05","modified_gmt":"2020-07-14T16:14:05","slug":"separierung","status":"publish","type":"page","link":"https:\/\/mbconveyors.com\/de\/separierung\/","title":{"rendered":"Separierung"},"content":{"rendered":"<p>[vc_row equal_height=&#8220;yes&#8220; css=&#8220;.vc_custom_1570704602913{margin-top: 70px !important;margin-bottom: 20px !important;}&#8220;][vc_column width=&#8220;3\/12&#8243; css=&#8220;.vc_custom_1570704587461{margin-top: 0px !important;margin-bottom: 0px !important;padding-top: 0px !important;padding-bottom: 0px !important;}&#8220;][vc_single_image image=&#8220;6293&#8243; img_size=&#8220;full&#8220; css=&#8220;.vc_custom_1570704580829{margin-top: 0px !important;margin-bottom: 0px !important;padding-top: 0px !important;padding-bottom: 0px !important;}&#8220;][\/vc_column][vc_column width=&#8220;4\/12&#8243; css=&#8220;.vc_custom_1543486482642{padding-right: 30px !important;padding-left: 30px !important;background-color: #eaeaea !important;}&#8220;]<div id=\"ultimate-heading-67386a06f41d1bf16\" class=\"uvc-heading ult-adjust-bottom-margin ultimate-heading-67386a06f41d1bf16 uvc-4848 \" data-hspacer=\"no_spacer\"  data-halign=\"left\" style=\"text-align:left\"><div class=\"uvc-heading-spacer no_spacer\" style=\"top\"><\/div><div class=\"uvc-main-heading ult-responsive\"  data-ultimate-target='.uvc-heading.ultimate-heading-67386a06f41d1bf16 h2'  data-responsive-json-new='{\"font-size\":\"desktop:32px;\",\"line-height\":\"desktop:46px;\"}' ><h2 style=\"font-weight:bold;margin-bottom:15px;\">mission<\/h2><\/div><\/div><div class=\"uavc-list-icon uavc-list-icon-wrapper ult-adjust-bottom-margin   \"><ul class=\"uavc-list\"><li><div class=\"uavc-list-content\" id=\"list-icon-wrap-8260\">\n<div class=\"uavc-list-icon  \" data-animation=\"\" data-animation-delay=\"03\" style=\"margin-right:12px;\"><div class=\"ult-just-icon-wrapper  \"><div class=\"align-icon\" style=\"text-align:center;\">\n<div class=\"aio-icon none \"  style=\"color:#e94930;font-size:20px;display:inline-block;\">\n\t<i class=\"Defaults-circle-o\"><\/i>\n<\/div><\/div><\/div>\n<\/div><span  data-ultimate-target='#list-icon-wrap-8260 .uavc-list-desc'  data-responsive-json-new='{\"font-size\":\"\",\"line-height\":\"\"}'  class=\"uavc-list-desc ult-responsive\" style=\"\">Effektive Trennung des Spritzteils von den Ang\u00fcssen auf der Strecke von der Spritzgie\u00dfmaschine bis zum Beh\u00e4lter<\/span><\/div><\/li><\/ul><\/div>[\/vc_column][vc_column width=&#8220;1\/12&#8243;][vc_empty_space height=&#8220;90px&#8220;][vc_icon icon_fontawesome=&#8220;fa fa-arrow-right&#8220; color=&#8220;custom&#8220; size=&#8220;xl&#8220; align=&#8220;center&#8220; custom_color=&#8220;#e94930&#8243;][\/vc_column][vc_column width=&#8220;4\/12&#8243; css=&#8220;.vc_custom_1543486417321{padding-right: 30px !important;padding-left: 30px !important;background-color: #eaeaea !important;}&#8220;]<div id=\"ultimate-heading-43766a06f41d1c003\" class=\"uvc-heading ult-adjust-bottom-margin ultimate-heading-43766a06f41d1c003 uvc-9139 \" data-hspacer=\"no_spacer\"  data-halign=\"left\" style=\"text-align:left\"><div class=\"uvc-heading-spacer no_spacer\" style=\"top\"><\/div><div class=\"uvc-main-heading ult-responsive\"  data-ultimate-target='.uvc-heading.ultimate-heading-43766a06f41d1c003 h2'  data-responsive-json-new='{\"font-size\":\"desktop:32px;\",\"line-height\":\"desktop:46px;\"}' ><h2 style=\"font-weight:bold;margin-bottom:15px;\">L\u00f6sung<\/h2><\/div><\/div><div class=\"uavc-list-icon uavc-list-icon-wrapper ult-adjust-bottom-margin   \"><ul class=\"uavc-list\"><li><div class=\"uavc-list-content\" id=\"list-icon-wrap-4565\">\n<div class=\"uavc-list-icon  \" data-animation=\"\" data-animation-delay=\"03\" style=\"margin-right:12px;\"><div class=\"ult-just-icon-wrapper  \"><div class=\"align-icon\" style=\"text-align:center;\">\n<div class=\"aio-icon none \"  style=\"color:#e94930;font-size:20px;display:inline-block;\">\n\t<i class=\"Defaults-circle-o\"><\/i>\n<\/div><\/div><\/div>\n<\/div><span  data-ultimate-target='#list-icon-wrap-4565 .uavc-list-desc'  data-responsive-json-new='{\"font-size\":\"\",\"line-height\":\"\"}'  class=\"uavc-list-desc ult-responsive\" style=\"\">Integrierte Separatoren auf dem F\u00f6rderband<\/span><\/div><\/li><li><div class=\"uavc-list-content\" id=\"list-icon-wrap-3291\">\n<div class=\"uavc-list-icon  \" data-animation=\"\" data-animation-delay=\"03\" style=\"margin-right:12px;\"><div class=\"ult-just-icon-wrapper  \"><div class=\"align-icon\" style=\"text-align:center;\">\n<div class=\"aio-icon none \"  style=\"color:#e94930;font-size:20px;display:inline-block;\">\n\t<i class=\"Defaults-circle-o\"><\/i>\n<\/div><\/div><\/div>\n<\/div><span  data-ultimate-target='#list-icon-wrap-3291 .uavc-list-desc'  data-responsive-json-new='{\"font-size\":\"\",\"line-height\":\"\"}'  class=\"uavc-list-desc ult-responsive\" style=\"\">Unabh\u00e4ngige Separatoren, die vom F\u00f6rderband bedient werden<\/span><\/div><\/li><li><div class=\"uavc-list-content\" id=\"list-icon-wrap-9360\">\n<div class=\"uavc-list-icon  \" data-animation=\"\" data-animation-delay=\"03\" style=\"margin-right:12px;\"><div class=\"ult-just-icon-wrapper  \"><div class=\"align-icon\" style=\"text-align:center;\">\n<div class=\"aio-icon none \"  style=\"color:#e94930;font-size:20px;display:inline-block;\">\n\t<i class=\"Defaults-circle-o\"><\/i>\n<\/div><\/div><\/div>\n<\/div><span  data-ultimate-target='#list-icon-wrap-9360 .uavc-list-desc'  data-responsive-json-new='{\"font-size\":\"\",\"line-height\":\"\"}'  class=\"uavc-list-desc ult-responsive\" style=\"\">Spezielle und kundenspezifische Separatoren<\/span><\/div><\/li><\/ul><\/div>[\/vc_column][\/vc_row][vc_row][vc_column][vc_empty_space height=&#8220;30px&#8220;]<div id=\"ultimate-heading-76116a06f41d1c11a\" class=\"uvc-heading ult-adjust-bottom-margin ultimate-heading-76116a06f41d1c11a uvc-3308 \" data-hspacer=\"line_only\"  data-halign=\"left\" style=\"text-align:left\"><div class=\"uvc-main-heading ult-responsive\"  data-ultimate-target='.uvc-heading.ultimate-heading-76116a06f41d1c11a h2'  data-responsive-json-new='{\"font-size\":\"desktop:30px;\",\"line-height\":\"\"}' ><h2 style=\"font-family:&#039;Open Sans Condensed&#039;;font-style:italic;font-weight:700;\">Produktprogramm<\/h2><\/div><div class=\"uvc-heading-spacer line_only\" style=\"topheight:1px;\"><span class=\"uvc-headings-line\" style=\"border-style:solid;border-bottom-width:1px;border-color:#ccc;width:250px;\"><\/span><\/div><\/div>[vc_empty_space height=&#8220;20px&#8220;]<div class=\"dt-shortcode with-isotope\"><div class=\"wf-container dt-portfolio-shortcode loading-effect-fade-in iso-grid description-under-image content-align-left hover-color-static\" data-padding=\"20px\" data-cur-page=\"1\" data-posts-per-page=\"-1\" data-width=\"300px\" data-columns=\"4\">\n<div class=\"wf-cell\" data-post-id=\"5459\" data-date=\"2022-12-05T02:01:37+01:00\" data-name=\"N-CPST\">\n<article class=\"post post-5459 dt_portfolio type-dt_portfolio status-publish has-post-thumbnail hentry dt_portfolio_category-separazione-deu dt_portfolio_category-91\">\n\n\t<div class=\"project-list-media\">\n\t<figure class=\"buttons-on-img forward-post\">\n\t\t<a href=\"https:\/\/mbconveyors.com\/de\/product\/n-cpst\/\" class=\"alignnone rollover layzr-bg\" title=\"MB_N-CPST_IMG_preview_r03\"  aria-label=\"Post image\"><img class=\"preload-me iso-lazy-load aspect\" src=\"data:image\/svg+xml,%3Csvg%20xmlns%3D&#39;http%3A%2F%2Fwww.w3.org%2F2000%2Fsvg&#39;%20viewBox%3D&#39;0%200%20270%20180&#39;%2F%3E\" data-src=\"https:\/\/mbconveyors.com\/wp-content\/uploads\/2023\/08\/MB_N-CPST_IMG_preview_r03.jpg\" data-srcset=\"https:\/\/mbconveyors.com\/wp-content\/uploads\/2023\/08\/MB_N-CPST_IMG_preview_r03.jpg 270w\" loading=\"eager\" style=\"--ratio: 270 \/ 180\" sizes=\"(max-width: 270px) 100vw, 270px\" alt=\"\" width=\"270\" height=\"180\"  \/><\/a>\t\t\t<\/figure>\n<\/div>\n<div class=\"project-list-content\">\n\t<h3 class=\"entry-title\"><a href=\"https:\/\/mbconveyors.com\/de\/product\/n-cpst\/\" title=\"N-CPST\" rel=\"bookmark\">N-CPST<\/a><\/h3><\/div>\n<\/article>\n\n<\/div>\n<div class=\"wf-cell\" data-post-id=\"5470\" data-date=\"2022-12-05T02:02:34+01:00\" data-name=\"N-SRS\">\n<article class=\"post post-5470 dt_portfolio type-dt_portfolio status-publish has-post-thumbnail hentry dt_portfolio_category-separazione-deu dt_portfolio_category-91\">\n\n\t<div class=\"project-list-media\">\n\t<figure class=\"buttons-on-img forward-post\">\n\t\t<a href=\"https:\/\/mbconveyors.com\/de\/product\/n-srs\/\" class=\"alignnone rollover layzr-bg\" title=\"separazione_N-SRS\"  aria-label=\"Post image\"><img class=\"preload-me iso-lazy-load aspect\" src=\"data:image\/svg+xml,%3Csvg%20xmlns%3D&#39;http%3A%2F%2Fwww.w3.org%2F2000%2Fsvg&#39;%20viewBox%3D&#39;0%200%20270%20180&#39;%2F%3E\" data-src=\"https:\/\/mbconveyors.com\/wp-content\/uploads\/2019\/07\/separazione_N-SRS.png\" data-srcset=\"https:\/\/mbconveyors.com\/wp-content\/uploads\/2019\/07\/separazione_N-SRS.png 270w\" loading=\"eager\" style=\"--ratio: 270 \/ 180\" sizes=\"(max-width: 270px) 100vw, 270px\" alt=\"\" width=\"270\" height=\"180\"  \/><\/a>\t\t\t<\/figure>\n<\/div>\n<div class=\"project-list-content\">\n\t<h3 class=\"entry-title\"><a href=\"https:\/\/mbconveyors.com\/de\/product\/n-srs\/\" title=\"N-SRS\" rel=\"bookmark\">N-SRS<\/a><\/h3><\/div>\n<\/article>\n\n<\/div>\n<div class=\"wf-cell\" data-post-id=\"5477\" data-date=\"2022-12-05T02:03:06+01:00\" data-name=\"N-FSRV\">\n<article class=\"post post-5477 dt_portfolio type-dt_portfolio status-publish has-post-thumbnail hentry dt_portfolio_category-separazione-deu dt_portfolio_category-91\">\n\n\t<div class=\"project-list-media\">\n\t<figure class=\"buttons-on-img forward-post\">\n\t\t<a href=\"https:\/\/mbconveyors.com\/de\/product\/n-fsrv\/\" class=\"alignnone rollover layzr-bg\" title=\"separazione_N-FSRV\"  aria-label=\"Post image\"><img class=\"preload-me iso-lazy-load aspect\" src=\"data:image\/svg+xml,%3Csvg%20xmlns%3D&#39;http%3A%2F%2Fwww.w3.org%2F2000%2Fsvg&#39;%20viewBox%3D&#39;0%200%20270%20180&#39;%2F%3E\" data-src=\"https:\/\/mbconveyors.com\/wp-content\/uploads\/2019\/07\/separazione_N-FSRV.png\" data-srcset=\"https:\/\/mbconveyors.com\/wp-content\/uploads\/2019\/07\/separazione_N-FSRV.png 270w\" loading=\"eager\" style=\"--ratio: 270 \/ 180\" sizes=\"(max-width: 270px) 100vw, 270px\" alt=\"\" width=\"270\" height=\"180\"  \/><\/a>\t\t\t<\/figure>\n<\/div>\n<div class=\"project-list-content\">\n\t<h3 class=\"entry-title\"><a href=\"https:\/\/mbconveyors.com\/de\/product\/n-fsrv\/\" title=\"N-FSRV\" rel=\"bookmark\">N-FSRV<\/a><\/h3><\/div>\n<\/article>\n\n<\/div>\n<div class=\"wf-cell\" data-post-id=\"5480\" data-date=\"2022-12-05T02:04:50+01:00\" data-name=\"SR\">\n<article class=\"post post-5480 dt_portfolio type-dt_portfolio status-publish has-post-thumbnail hentry dt_portfolio_category-separazione-deu dt_portfolio_category-91\">\n\n\t<div class=\"project-list-media\">\n\t<figure class=\"buttons-on-img forward-post\">\n\t\t<a href=\"https:\/\/mbconveyors.com\/de\/product\/sr\/\" class=\"alignnone rollover layzr-bg\" title=\"separazione_SR\"  aria-label=\"Post image\"><img class=\"preload-me iso-lazy-load aspect\" src=\"data:image\/svg+xml,%3Csvg%20xmlns%3D&#39;http%3A%2F%2Fwww.w3.org%2F2000%2Fsvg&#39;%20viewBox%3D&#39;0%200%20270%20180&#39;%2F%3E\" data-src=\"https:\/\/mbconveyors.com\/wp-content\/uploads\/2019\/07\/separazione_SR.png\" data-srcset=\"https:\/\/mbconveyors.com\/wp-content\/uploads\/2019\/07\/separazione_SR.png 270w\" loading=\"eager\" style=\"--ratio: 270 \/ 180\" sizes=\"(max-width: 270px) 100vw, 270px\" alt=\"\" width=\"270\" height=\"180\"  \/><\/a>\t\t\t<\/figure>\n<\/div>\n<div class=\"project-list-content\">\n\t<h3 class=\"entry-title\"><a href=\"https:\/\/mbconveyors.com\/de\/product\/sr\/\" title=\"SR\" rel=\"bookmark\">SR<\/a><\/h3><\/div>\n<\/article>\n\n<\/div>\n<div class=\"wf-cell\" data-post-id=\"5497\" data-date=\"2022-12-05T02:05:57+01:00\" data-name=\"SM\">\n<article class=\"post post-5497 dt_portfolio type-dt_portfolio status-publish has-post-thumbnail hentry dt_portfolio_category-separazione-deu dt_portfolio_category-91\">\n\n\t<div class=\"project-list-media\">\n\t<figure class=\"buttons-on-img forward-post\">\n\t\t<a href=\"https:\/\/mbconveyors.com\/de\/product\/sm\/\" class=\"alignnone rollover layzr-bg\" title=\"separazione_SM\"  aria-label=\"Post image\"><img class=\"preload-me iso-lazy-load aspect\" src=\"data:image\/svg+xml,%3Csvg%20xmlns%3D&#39;http%3A%2F%2Fwww.w3.org%2F2000%2Fsvg&#39;%20viewBox%3D&#39;0%200%20270%20180&#39;%2F%3E\" data-src=\"https:\/\/mbconveyors.com\/wp-content\/uploads\/2019\/07\/separazione_SM.png\" data-srcset=\"https:\/\/mbconveyors.com\/wp-content\/uploads\/2019\/07\/separazione_SM.png 270w\" loading=\"eager\" style=\"--ratio: 270 \/ 180\" sizes=\"(max-width: 270px) 100vw, 270px\" alt=\"\" width=\"270\" height=\"180\"  \/><\/a>\t\t\t<\/figure>\n<\/div>\n<div class=\"project-list-content\">\n\t<h3 class=\"entry-title\"><a href=\"https:\/\/mbconveyors.com\/de\/product\/sm\/\" title=\"SM\" rel=\"bookmark\">SM<\/a><\/h3><\/div>\n<\/article>\n\n<\/div>\n<div class=\"wf-cell\" data-post-id=\"5815\" data-date=\"2022-12-05T02:06:10+01:00\" data-name=\"FSRV PLUS\">\n<article class=\"post post-5815 dt_portfolio type-dt_portfolio status-publish has-post-thumbnail hentry dt_portfolio_category-separazione-deu dt_portfolio_category-91\">\n\n\t<div class=\"project-list-media\">\n\t<figure class=\"buttons-on-img forward-post\">\n\t\t<a href=\"https:\/\/mbconveyors.com\/de\/product\/fsrv-plus\/\" class=\"alignnone rollover layzr-bg\" title=\"separazione_FSRV PLUS\"  aria-label=\"Post image\"><img class=\"preload-me iso-lazy-load aspect\" src=\"data:image\/svg+xml,%3Csvg%20xmlns%3D&#39;http%3A%2F%2Fwww.w3.org%2F2000%2Fsvg&#39;%20viewBox%3D&#39;0%200%20270%20180&#39;%2F%3E\" data-src=\"https:\/\/mbconveyors.com\/wp-content\/uploads\/2019\/07\/separazione_FSRV-PLUS.png\" data-srcset=\"https:\/\/mbconveyors.com\/wp-content\/uploads\/2019\/07\/separazione_FSRV-PLUS.png 270w\" loading=\"eager\" style=\"--ratio: 270 \/ 180\" sizes=\"(max-width: 270px) 100vw, 270px\" alt=\"\" width=\"270\" height=\"180\"  \/><\/a>\t\t\t<\/figure>\n<\/div>\n<div class=\"project-list-content\">\n\t<h3 class=\"entry-title\"><a href=\"https:\/\/mbconveyors.com\/de\/product\/fsrv-plus\/\" title=\"FSRV PLUS\" rel=\"bookmark\">FSRV PLUS<\/a><\/h3><\/div>\n<\/article>\n\n<\/div><\/div><\/div>[\/vc_column][\/vc_row]<\/p>\n","protected":false},"excerpt":{"rendered":"<p>[vc_row equal_height=&#8220;yes&#8220; css=&#8220;.vc_custom_1570704602913{margin-top: 70px !important;margin-bottom: 20px !important;}&#8220;][vc_column width=&#8220;3\/12&#8243; css=&#8220;.vc_custom_1570704587461{margin-top: 0px !important;margin-bottom: 0px !important;padding-top: 0px !important;padding-bottom: 0px !important;}&#8220;][vc_single_image image=&#8220;6293&#8243; img_size=&#8220;full&#8220; css=&#8220;.vc_custom_1570704580829{margin-top: 0px !important;margin-bottom: 0px !important;padding-top: 0px !important;padding-bottom: 0px !important;}&#8220;][\/vc_column][vc_column width=&#8220;4\/12&#8243; css=&#8220;.vc_custom_1543486482642{padding-right: 30px !important;padding-left: 30px !important;background-color: #eaeaea !important;}&#8220;][\/vc_column][vc_column width=&#8220;1\/12&#8243;][vc_empty_space height=&#8220;90px&#8220;][vc_icon icon_fontawesome=&#8220;fa fa-arrow-right&#8220; color=&#8220;custom&#8220; size=&#8220;xl&#8220; align=&#8220;center&#8220; custom_color=&#8220;#e94930&#8243;][\/vc_column][vc_column width=&#8220;4\/12&#8243; css=&#8220;.vc_custom_1543486417321{padding-right: 30px !important;padding-left: 30px !important;background-color: #eaeaea !important;}&#8220;][\/vc_column][\/vc_row][vc_row][vc_column][vc_empty_space height=&#8220;30px&#8220;][vc_empty_space height=&#8220;20px&#8220;][\/vc_column][\/vc_row]<\/p>\n","protected":false},"author":6,"featured_media":0,"parent":0,"menu_order":0,"comment_status":"closed","ping_status":"closed","template":"","meta":[],"aioseo_notices":[],"_links":{"self":[{"href":"https:\/\/mbconveyors.com\/de\/wp-json\/wp\/v2\/pages\/5456"}],"collection":[{"href":"https:\/\/mbconveyors.com\/de\/wp-json\/wp\/v2\/pages"}],"about":[{"href":"https:\/\/mbconveyors.com\/de\/wp-json\/wp\/v2\/types\/page"}],"author":[{"embeddable":true,"href":"https:\/\/mbconveyors.com\/de\/wp-json\/wp\/v2\/users\/6"}],"replies":[{"embeddable":true,"href":"https:\/\/mbconveyors.com\/de\/wp-json\/wp\/v2\/comments?post=5456"}],"version-history":[{"count":0,"href":"https:\/\/mbconveyors.com\/de\/wp-json\/wp\/v2\/pages\/5456\/revisions"}],"wp:attachment":[{"href":"https:\/\/mbconveyors.com\/de\/wp-json\/wp\/v2\/media?parent=5456"}],"curies":[{"name":"wp","href":"https:\/\/api.w.org\/{rel}","templated":true}]}}