{"id":8224,"date":"2018-07-10T15:52:26","date_gmt":"2018-07-10T13:52:26","guid":{"rendered":"https:\/\/mbconveyors.com\/?page_id=8224"},"modified":"2019-10-09T21:54:38","modified_gmt":"2019-10-09T19:54:38","slug":"privacy-policy","status":"publish","type":"page","link":"https:\/\/mbconveyors.com\/de\/privacy-policy\/","title":{"rendered":"Privacy Policy"},"content":{"rendered":"<p>[vc_row][vc_column][vc_column_text]Das Unternehmen <strong>MB Conveyors srl mit Sitz in der Via della Scienza, 7 &#8211; 36070 Brogliano (VI), P.IVA 01734290248<\/strong> (im Folgenden &#8222;Eigent\u00fcmer&#8220;) informiert Sie gem\u00e4\u00df Art. 13 EU-Verordnung n. 2016\/679 (im Folgenden &#8222;DSGVO&#8220;), dass Ihre Daten in der unten angegebenen Weise, zum angegebenen Zeitpunkt und zu den angegebenen Zwecken verarbeitet werden.<\/p>\n<p>Diese Informationen k\u00f6nnen aufgrund der Einf\u00fchrung neuer diesbez\u00fcglicher Bestimmungen \u00c4nderungen und Erg\u00e4nzungen unterliegen. Wir bitten Sie daher, diese Seite regelm\u00e4\u00dfig zu \u00fcberpr\u00fcfen.<\/p>\n<p>Wenn Sie gem\u00e4\u00df Artikel 8 Absatz 1 DSGVO unter 16 Jahre alt waren, ist Ihre Zustimmung nur dann g\u00fcltig, wenn Sie vom Inhaber der elterlichen Verantwortung verliehen oder dazu erm\u00e4chtigt wurden.<\/p>\n<h3><strong>Gegenstand der Bearbeitung<br \/>\n<\/strong><\/h3>\n<p>The Owner processes personal identification data (for example: name, surname, company name, address, telephone number, e-mail address, bank and payment details, tax identification number) &#8211; (hereinafter &#8222;personal data&#8220; or &#8222;data&#8220;) communicated by you (online, in person, by telephone, by e-mail or by any lawful means) for the purposes described below.<\/p>\n<h3><strong>Datencontroller<\/strong><\/h3>\n<p>Der f\u00fcr die Datenverarbeitung Verantwortliche ist MB Conveyors srl mit Sitz in der Via della Scienza, 7 &#8211; 36070 Brogliano (VI), Umsatzsteuer-Identifikationsnummer 01734290248, in Person seines gesetzlichen Vertreters, Herrn Gianpietro Baldisserotto, der telefonisch kontaktiert werden kann die E-Mail-Adresse sales@mbconveyors.com<\/p>\n<h3><strong>Zweck der Verarbeitung und Rechtsgrundlage<br \/>\n<\/strong><\/h3>\n<p>Ihre pers\u00f6nlichen Daten werden verarbeitet:<\/p>\n<p><strong>1. ohne ihre ausdr\u00fcckliche zustimmung art. 6 lett. b), e) DSGVO) <\/strong>f\u00fcr folgende Zwecke:<strong><br \/>\n<\/strong><\/p>\n<ul>\n<li>Vertr\u00e4ge mit dem Datenverantwortlichen abschlie\u00dfen;<\/li>\n<li>die vorvertraglichen, vertraglichen und steuerlichen Verpflichtungen erf\u00fcllen, die sich aus bestehenden Beziehungen mit Ihnen ergeben;<br \/>\nzum Schutz der Kreditrechte und zur Verbesserung der Verwaltung unserer Rechte in Bezug auf das individuelle Vertragsverh\u00e4ltnis mit Ihnen;<\/li>\n<li>Erf\u00fcllung der Verpflichtungen, die im Gesetz, in einer Verordnung, im EU-Recht oder in einer Anordnung der Beh\u00f6rde vorgesehen sind (z. B. im Bereich der Geldw\u00e4schebek\u00e4mpfung);<\/li>\n<li>die Rechte des f\u00fcr die Verarbeitung Verantwortlichen aus\u00fcben (z. B. das Recht, sich vor Gericht zu verteidigen);<\/li>\n<\/ul>\n<p><strong>2. nur mit Ihrer ausdr\u00fccklichen Zustimmung (Art. 7 DSGVO)<\/strong> zu folgenden Zwecken:<strong><br \/>\n<\/strong><\/p>\n<ul>\n<li>per E-Mail, Post und \/ oder SMS und \/ oder WhatsApp und \/ oder Telefonkontakt, um Ihnen Folgendes zu senden oder mitzuteilen: Newsletter, kommerzielle Kommunikation und \/ oder Werbematerial zu Produkten oder Dienstleistungen, die vom Eigent\u00fcmer angeboten werden, und Feststellung des Grades von Zufriedenheit mit der Qualit\u00e4t der Produkte und Dienstleistungen;<\/li>\n<li>Senden Sie E-Mails, E-Mails und \/ oder Textnachrichten und \/ oder WhatsApps und \/ oder Telefonkontakte, um Marktanalysen, Statistiken und Qualit\u00e4tskontrollen, Marketingaktivit\u00e4ten, Informationsaktivit\u00e4ten zu zuk\u00fcnftigen kommerziellen Initiativen, neuen Produkten und Dienstleistungen durchzuf\u00fchren.<\/li>\n<li>senden Sie E-Mails, Post- und \/ oder Textnachrichten und \/ oder WhatsApp- und \/ oder Telefonkontakte f\u00fcr die Ausf\u00fchrung von Werbema\u00dfnahmen im Allgemeinen.<\/li>\n<\/ul>\n<p>Wir informieren Sie, dass wir Ihnen, wenn Sie bereits Kunde oder Lieferant sind und Ihre ausdr\u00fcckliche Zustimmung bereits erteilt haben, kommerzielle oder Marketingmitteilungen zu Dienstleistungen und Produkten des Inhabers senden k\u00f6nnen, die denen \u00e4hneln, die Sie bereits erhalten haben, es sei denn, Sie nicht zustimmen. Ihre Einwilligung zu dieser Art der Verarbeitung Ihrer Daten k\u00f6nnen Sie jederzeit widerrufen.<\/p>\n<h3><strong>Behandlungsmodalit\u00e4ten<br \/>\n<\/strong><\/h3>\n<p>Die von Ihnen angegebenen personenbezogenen Daten werden in \u00dcbereinstimmung mit den oben genannten Gesetzen und den Vertraulichkeitsverpflichtungen, von denen die T\u00e4tigkeit des f\u00fcr die Verarbeitung Verantwortlichen inspiriert ist, verarbeitet. Die Daten werden sowohl mit Hilfe von IT-Tools als auch auf Papier und unter Einhaltung der von der DSGVO vorgesehenen angemessenen technischen, organisatorischen und sicherheitstechnischen Ma\u00dfnahmen verarbeitet.<\/p>\n<h3><strong>Datenempf\u00e4nger<br \/>\n<\/strong><\/h3>\n<p>Innerhalb der f\u00fcr die angegebenen Verarbeitungszwecke geltenden Grenzen k\u00f6nnen Ihre Daten Mitarbeitern und Mitarbeitern des f\u00fcr die Verarbeitung Verantwortlichen mitgeteilt werden. an das Agentennetz des Data Controller; an verbundene Unternehmen; verbunden und kontrolliert; an Gesch\u00e4ftspartner; zur Muttergesellschaft; Factoring von Unternehmen; an Kreditinstitute; an Inkassounternehmen; eine Kreditversicherungsgesellschaft; an Fachleute und Berater; an im Verkehrssektor t\u00e4tige Unternehmen; an unsere Subunternehmer oder Subunternehmer, wenn diese mit der Ausf\u00fchrung von Aktivit\u00e4ten im Zusammenhang mit unseren Vertragsbeziehungen befasst sind; Personen, die vom f\u00fcr die Datenverarbeitung Verantwortlichen eigens ernannt und \/ oder dazu erm\u00e4chtigt wurden, Datenverarbeitungs-, Beratungs- und Abschlusszertifizierungsdienste f\u00fcr diesen zu erbringen, oder die dennoch T\u00e4tigkeiten ausf\u00fchren, die f\u00fcr die Ausf\u00fchrung der T\u00e4tigkeiten ma\u00dfgeblich, erg\u00e4nzend und zweckm\u00e4\u00dfig zu denen des f\u00fcr die Datenverarbeitung Verantwortlichen sind in Bezug auf das bestehende Vertragsverh\u00e4ltnis; und auch an alle personen, denen die mitteilung aufgrund gesetzlicher verpflichtungen zusteht.<\/p>\n<h3><strong>Datenkommunikation<br \/>\n<\/strong><\/h3>\n<p>Ohne ausdr\u00fcckliche Einwilligung (Art. 6 Bst. Und c) DSGVO) kann der Eigent\u00fcmer Ihre Daten f\u00fcr die in Punkt 1 genannten Zwecke an die Aufsichtsbeh\u00f6rden, Justizbeh\u00f6rden und Versicherungsunternehmen f\u00fcr die Erbringung von Versicherungsleistungen weitergeben sowie f\u00fcr diejenigen Subjekte, denen die Kommunikation zur Erreichung der genannten Zwecke gesetzlich vorgeschrieben ist. Diese Personen werden die Daten in ihrer Eigenschaft als unabh\u00e4ngige Datenverantwortliche behandeln. Ihre Informationen werden nicht verbreitet.<\/p>\n<h3><strong>Daten\u00fcbertragung ins Ausland<br \/>\n<\/strong><\/h3>\n<p>Personenbezogene Daten werden auf Servern in Italien innerhalb der Europ\u00e4ischen Union gespeichert.<\/p>\n<p>Die erhobenen Daten werden nicht in L\u00e4nder au\u00dferhalb der EU \u00fcbertragen.<\/p>\n<h3><strong>Aufbewahrungszeitraum<br \/>\n<\/strong><\/h3>\n<p>Die erhobenen Daten werden f\u00fcr einen Zeitraum aufbewahrt, der das Erreichen des Zwecks, f\u00fcr den sie verarbeitet werden, nicht \u00fcberschreitet (&#8222;Grundsatz der Aufbewahrungsbeschr\u00e4nkung&#8220;, Art. 5 DSGVO) oder auf der Grundlage der gesetzlich festgelegten Fristen.<\/p>\n<p>Der f\u00fcr die Verarbeitung Verantwortliche verarbeitet die personenbezogenen Daten dann f\u00fcr die Zeit, die zur Erf\u00fcllung der vorgenannten Zwecke erforderlich ist, und in jedem Fall f\u00fcr h\u00f6chstens 10 Jahre ab Beendigung der Beziehung f\u00fcr die unter Nummer 1 genannten Zwecke und f\u00fcr h\u00f6chstens 5 Jahre aus der Datenerhebung f\u00fcr die unter Nummer 2 genannten Zwecke.<\/p>\n<p>Bei personenbezogenen Daten, die im Lebenslauf enthalten sind, werden diese Daten f\u00fcr einen Zeitraum von h\u00f6chstens 12 Monaten verarbeitet.<\/p>\n<p>Die \u00dcberpr\u00fcfung der Veralterung der gespeicherten Daten in Bezug auf die Zwecke, f\u00fcr die sie erhoben wurden, erfolgt in regelm\u00e4\u00dfigen Abst\u00e4nden.<\/p>\n<h3><strong>Art der Datenbereitstellung und Folgen der Ablehnung der Beantwortung<br \/>\n<\/strong><\/h3>\n<p>Die Bereitstellung von Daten zu den in Absatz 1 genannten Zwecken ist verpflichtend. In ihrer Abwesenheit k\u00f6nnen wir die Einhaltung der Bestimmungen von Punkt 1 nicht garantieren.<\/p>\n<p>Die \u00dcbermittlung von Daten zu den in Absatz 2 genannten Zwecken ist fakultativ. Er kann daher beschlie\u00dfen, keine Daten anzugeben oder sp\u00e4ter die M\u00f6glichkeit der Verarbeitung bereits gelieferter Daten zu verweigern.<\/p>\n<h3><strong>Rechte des Interessenten<br \/>\n<\/strong><\/h3>\n<p>Als Interessent haben Sie die in der Kunst festgelegten Rechte. 15 DSGVO und genau die Rechte von:<\/p>\n<ol>\n<li>eine Best\u00e4tigung \u00fcber das Vorhandensein oder Nichtvorhandensein personenbezogener Daten, auch wenn diese noch nicht erfasst wurden, und deren Mitteilung in verst\u00e4ndlicher Form erhalten;<\/li>\n<li>den Hinweis erhalten: die Herkunft der personenbezogenen Daten; der Zwecke und Methoden der Verarbeitung; der Logik bei der Verarbeitung mit elektronischen Instrumenten; der Identifikationsdaten des f\u00fcr die Verarbeitung Verantwortlichen, des Datenverarbeiters und des gem\u00e4\u00df Art. 3, Absatz 1, DSGVO; die Subjekte oder Kategorien von Subjekten, denen die personenbezogenen Daten mitgeteilt werden d\u00fcrfen oder die als ernannte Vertreter im Staat, Gesch\u00e4ftsf\u00fchrer oder Beauftragte davon erfahren k\u00f6nnen;<\/li>\n<li>zu erhalten: Aktualisierung, Berichtigung oder, falls interessiert, Integration von Daten; die L\u00f6schung, Umwandlung in eine anonyme Form oder Sperrung von Daten, die unter Versto\u00df gegen das Gesetz verarbeitet wurden, einschlie\u00dflich derer, f\u00fcr die eine Aufbewahrung in Bezug auf die Zwecke, f\u00fcr die die Daten gesammelt oder sp\u00e4ter verarbeitet wurden, nicht erforderlich ist; die Bescheinigung, dass die vorgenannten Vorg\u00e4nge auch inhaltlich auf diejenigen aufmerksam gemacht wurden, denen die Daten mitgeteilt oder verbreitet wurden, es sei denn, eine solche Erf\u00fcllung erweist sich als unm\u00f6glich oder erfordert den Einsatz von offensichtlich unverh\u00e4ltnism\u00e4\u00dfigen Mitteln das gesch\u00fctzte Recht;<\/li>\n<li>ganz oder teilweise widersprechen: aus legitimen Gr\u00fcnden der Verarbeitung personenbezogener Daten, die Sie betreffen, auch wenn dies f\u00fcr den Zweck der Erhebung relevant ist; zur Verarbeitung personenbezogener Daten, die Sie zum Zweck des Versands von Werbematerial oder des Direktvertriebs oder der Durchf\u00fchrung von Marktforschungen oder kommerzieller Kommunikation betreffen, durch die Verwendung automatisierter Anrufsysteme ohne das Eingreifen eines Betreibers durch und -mail und \/ oder durch traditionelle Marketingmethoden per Telefon und \/ oder Post. Es ist darauf hinzuweisen, dass das Widerspruchsrecht der betroffenen Person gegen\u00fcber dem vorherigen Punkt zu Zwecken des Direktmarketings auf automatisierte Weise auf die traditionellen Mittel ausgedehnt wird und dass die M\u00f6glichkeit f\u00fcr den Betroffenen bestehen bleibt, das Widerspruchsrecht auch dann auszu\u00fcben, wenn nur in Teil. Daher kann der Interessent entscheiden, nur Mitteilungen mit herk\u00f6mmlichen Methoden oder nur automatisierte Mitteilungen oder keine der beiden Arten von Mitteilungen zu empfangen.<\/li>\n<\/ol>\n<p>Gegebenenfalls stehen ihm auch die in den Artikeln 16 bis 21 DSGVO festgelegten Rechte (Recht auf Berichtigung, Recht auf Vergessen, Recht auf Beschr\u00e4nkung der Behandlung, Recht auf Daten\u00fcbertragbarkeit, Recht auf Widerspruch) sowie das Recht auf Beschwerde zu die B\u00fcrgenbeh\u00f6rde.<\/p>\n<h3><strong>Art der Aus\u00fcbung von Rechten<br \/>\n<\/strong><\/h3>\n<p>Sie k\u00f6nnen die oben genannten Rechte jederzeit aus\u00fcben, indem Sie Folgendes senden:<\/p>\n<p>&#8211; ein eingeschriebener Brief a.r. an <strong>MB Conveyors srl \u00fcber della Scienza, 7 &#8211; 36070 Brogliano (VI); oder ein PEC an der Adresse mbconveyors@legalmail.it<\/strong>[\/vc_column_text][\/vc_column][\/vc_row]<\/p>\n","protected":false},"excerpt":{"rendered":"<p>[vc_row][vc_column][vc_column_text]Das Unternehmen MB Conveyors srl mit Sitz in der Via della Scienza, 7 &#8211; 36070 Brogliano (VI), P.IVA 01734290248 (im Folgenden &#8222;Eigent\u00fcmer&#8220;) informiert Sie gem\u00e4\u00df Art. 13 EU-Verordnung n. 2016\/679 (im Folgenden &#8222;DSGVO&#8220;), dass Ihre Daten in der unten angegebenen Weise, zum angegebenen Zeitpunkt und zu den angegebenen Zwecken verarbeitet werden. Diese Informationen k\u00f6nnen aufgrund&hellip;<\/p>\n","protected":false},"author":6,"featured_media":0,"parent":0,"menu_order":0,"comment_status":"closed","ping_status":"closed","template":"","meta":[],"aioseo_notices":[],"_links":{"self":[{"href":"https:\/\/mbconveyors.com\/de\/wp-json\/wp\/v2\/pages\/8224"}],"collection":[{"href":"https:\/\/mbconveyors.com\/de\/wp-json\/wp\/v2\/pages"}],"about":[{"href":"https:\/\/mbconveyors.com\/de\/wp-json\/wp\/v2\/types\/page"}],"author":[{"embeddable":true,"href":"https:\/\/mbconveyors.com\/de\/wp-json\/wp\/v2\/users\/6"}],"replies":[{"embeddable":true,"href":"https:\/\/mbconveyors.com\/de\/wp-json\/wp\/v2\/comments?post=8224"}],"version-history":[{"count":0,"href":"https:\/\/mbconveyors.com\/de\/wp-json\/wp\/v2\/pages\/8224\/revisions"}],"wp:attachment":[{"href":"https:\/\/mbconveyors.com\/de\/wp-json\/wp\/v2\/media?parent=8224"}],"curies":[{"name":"wp","href":"https:\/\/api.w.org\/{rel}","templated":true}]}}