{"id":8228,"date":"2018-07-10T15:56:45","date_gmt":"2018-07-10T13:56:45","guid":{"rendered":"https:\/\/mbconveyors.com\/?page_id=8228"},"modified":"2019-10-09T22:02:39","modified_gmt":"2019-10-09T20:02:39","slug":"cookie-policy","status":"publish","type":"page","link":"https:\/\/mbconveyors.com\/de\/cookie-policy\/","title":{"rendered":"Cookie Policy"},"content":{"rendered":"<p>[vc_row][vc_column][vc_column_text]Diese Informationen wurden speziell f\u00fcr diese Website auf der Grundlage der Bestimmungen der EU-Verordnung 2016\/679 erstellt und angepasst, die von der Beh\u00f6rde zum Schutz personenbezogener Daten herausgegeben wurden.<\/p>\n<h3><strong>Was sind Cookies?<\/strong><\/h3>\n<p>Cookies sind kleine Textfolgen, nicht unbedingt Dateien auf dem Computer, die von einem Server an einen Client und dann von einer Website an den Besucher gesendet und anschlie\u00dfend vom Server zum Lesen zur\u00fcckgesendet werden. Jedes Mal, wenn der Benutzer zur gleichen Website zur\u00fcckkehrt, ruft der Browser die Datei ab und sendet sie an den Standortserver. Im Allgemeinen dienen Cookies dazu, die Funktionsweise der Website und das Nutzererlebnis bei der Verwendung selbst zu verbessern, beispielsweise durch automatische Authentifizierung, Speicherung der Sprache, Gr\u00f6\u00dfe und Art des Texts, des Standorts oder der Informationen zu statistischen Zwecken, da Webseiten selbst kein &#8222;Ged\u00e4chtnis&#8220; haben.<\/p>\n<p>Diesbez\u00fcglich werden von der Website keine personenbezogenen Benutzerdaten erfasst. Wir verwenden keine Cookies, um Informationen pers\u00f6nlicher Art zu \u00fcbermitteln, und es werden auch keine Systeme verwendet, um Benutzer zu verfolgen.<\/p>\n<p>Wenn Sie den Computerzugriff gemeinsam nutzen, empfehlen wir, dass Sie Ihre Browserdaten bei jedem Schlie\u00dfen Ihres Browsers l\u00f6schen. Dies erh\u00f6ht die Sicherheit, indem vertrauliche Daten nach Ihrer Browsersitzung entfernt werden.<\/p>\n<h3><strong>Welche Cookies verwendet diese Website?<br \/>\n<\/strong><\/h3>\n<p>&#8211; <strong>Techniker<\/strong>: Wir verwenden nur anonyme technische Cookies, die f\u00fcr das reibungslose Funktionieren der Website, die Sitzungsverwaltung und die internen Funktionen unseres Systems unerl\u00e4sslich sind.<\/p>\n<p>&#8211; <strong>Analytics<\/strong>: Wir verwenden keine Cookies von Drittanbietern (Google), um das Besucherverhalten zu statistischen Zwecken auszuwerten.<\/p>\n<h3><strong>So verwalten \/ blockieren Sie Cookies auf Ihrem PC<\/strong><\/h3>\n<p>Cookies k\u00f6nnen direkt im Browser des Benutzers gel\u00f6scht oder ge\u00e4ndert werden. Der Besucher hat die volle Kontrolle \u00fcber die Cookies und deren Verwendung. Wir weisen darauf hin, dass das Deaktivieren von Cookies keinen Zugriff auf die korrekte Anzeige und Nutzung der Website erm\u00f6glicht.<\/p>\n<p>Wir verweisen auf die am h\u00e4ufigsten verwendeten Browser-Handb\u00fccher, um mehr \u00fcber die verschiedenen Arten der Verwaltung von Cookies zu erfahren:<\/p>\n<p><a href=\"https:\/\/support.google.com\/accounts\/answer\/61416?hl=it\">\u2013 Cookie guide \u2013 Chrome<\/a><\/p>\n<p>\u2013\u00a0<a href=\"https:\/\/support.mozilla.org\/it\/kb\/Attivare%20e%20disattivare%20i%20cookie\">Cookie guide \u2013 Firefox<\/a><\/p>\n<p>\u2013\u00a0<a href=\"https:\/\/support.apple.com\/it-it\/HT201265\">Cookie guide \u2013 Safari<\/a><\/p>\n<p>\u2013\u00a0<a href=\"http:\/\/windows.microsoft.com\/it-it\/windows7\/block-enable-or-allow-cookies\">Cookie guide \u2013 Internet Explorer<\/a><\/p>\n<p>Wir behalten uns das Recht vor, diese Richtlinien f\u00fcr Cookies nach eigenem Ermessen ganz oder teilweise zu \u00e4ndern. Alle Ihre \u00c4nderungen werden sofort nach Ver\u00f6ffentlichung der aktualisierten Richtlinie auf der Website wirksam. Die Nutzung der Website oder der Dienste nach der \u00c4nderung dieser Richtlinie impliziert die Annahme dieser \u00c4nderungen. Wenn Sie den Bestimmungen dieser Richtlinie f\u00fcr Cookies ganz oder teilweise nicht zustimmen, m\u00fcssen Sie die Nutzung der Website und der von uns angebotenen Dienste einstellen.[\/vc_column_text][\/vc_column][\/vc_row]<\/p>\n","protected":false},"excerpt":{"rendered":"<p>[vc_row][vc_column][vc_column_text]Diese Informationen wurden speziell f\u00fcr diese Website auf der Grundlage der Bestimmungen der EU-Verordnung 2016\/679 erstellt und angepasst, die von der Beh\u00f6rde zum Schutz personenbezogener Daten herausgegeben wurden. Was sind Cookies? Cookies sind kleine Textfolgen, nicht unbedingt Dateien auf dem Computer, die von einem Server an einen Client und dann von einer Website an den&hellip;<\/p>\n","protected":false},"author":6,"featured_media":0,"parent":0,"menu_order":0,"comment_status":"closed","ping_status":"closed","template":"","meta":[],"aioseo_notices":[],"_links":{"self":[{"href":"https:\/\/mbconveyors.com\/de\/wp-json\/wp\/v2\/pages\/8228"}],"collection":[{"href":"https:\/\/mbconveyors.com\/de\/wp-json\/wp\/v2\/pages"}],"about":[{"href":"https:\/\/mbconveyors.com\/de\/wp-json\/wp\/v2\/types\/page"}],"author":[{"embeddable":true,"href":"https:\/\/mbconveyors.com\/de\/wp-json\/wp\/v2\/users\/6"}],"replies":[{"embeddable":true,"href":"https:\/\/mbconveyors.com\/de\/wp-json\/wp\/v2\/comments?post=8228"}],"version-history":[{"count":0,"href":"https:\/\/mbconveyors.com\/de\/wp-json\/wp\/v2\/pages\/8228\/revisions"}],"wp:attachment":[{"href":"https:\/\/mbconveyors.com\/de\/wp-json\/wp\/v2\/media?parent=8228"}],"curies":[{"name":"wp","href":"https:\/\/api.w.org\/{rel}","templated":true}]}}