{"id":8987,"date":"2019-01-25T09:34:49","date_gmt":"2019-01-25T08:34:49","guid":{"rendered":"https:\/\/mbconveyors.com\/transporte\/"},"modified":"2022-10-21T02:41:30","modified_gmt":"2022-10-21T00:41:30","slug":"transporte","status":"publish","type":"page","link":"https:\/\/mbconveyors.com\/es\/transporte\/","title":{"rendered":"Transporte"},"content":{"rendered":"<p>[vc_row equal_height=\u00bbyes\u00bb css=\u00bb.vc_custom_1570703927467{margin-top: 70px !important;margin-bottom: 20px !important;}\u00bb][vc_column width=\u00bb3\/12&#8243; css=\u00bb.vc_custom_1570703772780{margin-top: 0px !important;margin-bottom: 0px !important;padding-top: 0px !important;padding-bottom: 0px !important;}\u00bb][vc_single_image image=\u00bb12504&#8243; img_size=\u00bbfull\u00bb css=\u00bb.vc_custom_1594747842352{margin-top: 0px !important;margin-bottom: 0px !important;padding-top: 0px !important;padding-bottom: 0px !important;}\u00bb][\/vc_column][vc_column width=\u00bb4\/12&#8243; css=\u00bb.vc_custom_1543486482642{padding-right: 30px !important;padding-left: 30px !important;background-color: #eaeaea !important;}\u00bb]<div id=\"ultimate-heading-30396a06fe1bbf834\" class=\"uvc-heading ult-adjust-bottom-margin ultimate-heading-30396a06fe1bbf834 uvc-3084 \" data-hspacer=\"no_spacer\"  data-halign=\"left\" style=\"text-align:left\"><div class=\"uvc-heading-spacer no_spacer\" style=\"top\"><\/div><div class=\"uvc-main-heading ult-responsive\"  data-ultimate-target='.uvc-heading.ultimate-heading-30396a06fe1bbf834 h2'  data-responsive-json-new='{\"font-size\":\"desktop:32px;\",\"line-height\":\"desktop:46px;\"}' ><h2 style=\"font-weight:bold;margin-bottom:15px;\">misi\u00f3n<\/h2><\/div><\/div><div class=\"uavc-list-icon uavc-list-icon-wrapper ult-adjust-bottom-margin   \"><ul class=\"uavc-list\"><li><div class=\"uavc-list-content\" id=\"list-icon-wrap-4339\">\n<div class=\"uavc-list-icon  \" data-animation=\"\" data-animation-delay=\"03\" style=\"margin-right:12px;\"><div class=\"ult-just-icon-wrapper  \"><div class=\"align-icon\" style=\"text-align:center;\">\n<div class=\"aio-icon none \"  style=\"color:#228d9e;font-size:20px;display:inline-block;\">\n\t<i class=\"Defaults-circle-o\"><\/i>\n<\/div><\/div><\/div>\n<\/div><span  data-ultimate-target='#list-icon-wrap-4339 .uavc-list-desc'  data-responsive-json-new='{\"font-size\":\"\",\"line-height\":\"\"}'  class=\"uavc-list-desc ult-responsive\" style=\"\">Transportar productos industriales de todo tipo y forma, en particular materias pl\u00e1sticas<\/span><\/div><\/li><li><div class=\"uavc-list-content\" id=\"list-icon-wrap-2314\">\n<div class=\"uavc-list-icon  \" data-animation=\"\" data-animation-delay=\"03\" style=\"margin-right:12px;\"><div class=\"ult-just-icon-wrapper  \"><div class=\"align-icon\" style=\"text-align:center;\">\n<div class=\"aio-icon none \"  style=\"color:#228d9e;font-size:20px;display:inline-block;\">\n\t<i class=\"Defaults-circle-o\"><\/i>\n<\/div><\/div><\/div>\n<\/div><span  data-ultimate-target='#list-icon-wrap-2314 .uavc-list-desc'  data-responsive-json-new='{\"font-size\":\"\",\"line-height\":\"\"}'  class=\"uavc-list-desc ult-responsive\" style=\"\">Realizar l\u00edneas de transporte personalizadas<\/span><\/div><\/li><li><div class=\"uavc-list-content\" id=\"list-icon-wrap-3579\">\n<div class=\"uavc-list-icon  \" data-animation=\"\" data-animation-delay=\"03\" style=\"margin-right:12px;\"><div class=\"ult-just-icon-wrapper  \"><div class=\"align-icon\" style=\"text-align:center;\">\n<div class=\"aio-icon none \"  style=\"color:#228d9e;font-size:20px;display:inline-block;\">\n\t<i class=\"Defaults-circle-o\"><\/i>\n<\/div><\/div><\/div>\n<\/div><span  data-ultimate-target='#list-icon-wrap-3579 .uavc-list-desc'  data-responsive-json-new='{\"font-size\":\"\",\"line-height\":\"\"}'  class=\"uavc-list-desc ult-responsive\" style=\"\">Resolver situaciones con particular criticidad<\/span><\/div><\/li><\/ul><\/div>[\/vc_column][vc_column width=\u00bb1\/12&#8243;][vc_empty_space height=\u00bb90px\u00bb][vc_icon icon_fontawesome=\u00bbfa fa-arrow-right\u00bb color=\u00bbcustom\u00bb size=\u00bbxl\u00bb align=\u00bbcenter\u00bb custom_color=\u00bb#228d9e\u00bb][\/vc_column][vc_column width=\u00bb4\/12&#8243; css=\u00bb.vc_custom_1543486417321{padding-right: 30px !important;padding-left: 30px !important;background-color: #eaeaea !important;}\u00bb]<div id=\"ultimate-heading-53256a06fe1bbfa36\" class=\"uvc-heading ult-adjust-bottom-margin ultimate-heading-53256a06fe1bbfa36 uvc-3894 \" data-hspacer=\"no_spacer\"  data-halign=\"left\" style=\"text-align:left\"><div class=\"uvc-heading-spacer no_spacer\" style=\"top\"><\/div><div class=\"uvc-main-heading ult-responsive\"  data-ultimate-target='.uvc-heading.ultimate-heading-53256a06fe1bbfa36 h2'  data-responsive-json-new='{\"font-size\":\"desktop:32px;\",\"line-height\":\"desktop:46px;\"}' ><h2 style=\"font-weight:bold;margin-bottom:15px;\">soluciones<\/h2><\/div><\/div><div class=\"uavc-list-icon uavc-list-icon-wrapper ult-adjust-bottom-margin   \"><ul class=\"uavc-list\"><li><div class=\"uavc-list-content\" id=\"list-icon-wrap-8760\">\n<div class=\"uavc-list-icon  \" data-animation=\"\" data-animation-delay=\"03\" style=\"margin-right:12px;\"><div class=\"ult-just-icon-wrapper  \"><div class=\"align-icon\" style=\"text-align:center;\">\n<div class=\"aio-icon none \"  style=\"color:#228d9e;font-size:20px;display:inline-block;\">\n\t<i class=\"Defaults-circle-o\"><\/i>\n<\/div><\/div><\/div>\n<\/div><span  data-ultimate-target='#list-icon-wrap-8760 .uavc-list-desc'  data-responsive-json-new='{\"font-size\":\"\",\"line-height\":\"\"}'  class=\"uavc-list-desc ult-responsive\" style=\"\">Transportadores robustos y vers\u00e1tiles en perfiles de aluminio, de configuraci\u00f3n plana o con cambio de direcci\u00f3n<\/span><\/div><\/li><\/ul><\/div>[\/vc_column][\/vc_row][vc_row][vc_column][vc_empty_space height=\u00bb30px\u00bb]<div id=\"ultimate-heading-12486a06fe1bbfaf3\" class=\"uvc-heading ult-adjust-bottom-margin ultimate-heading-12486a06fe1bbfaf3 uvc-3421 \" data-hspacer=\"line_only\"  data-halign=\"left\" style=\"text-align:left\"><div class=\"uvc-main-heading ult-responsive\"  data-ultimate-target='.uvc-heading.ultimate-heading-12486a06fe1bbfaf3 h2'  data-responsive-json-new='{\"font-size\":\"desktop:30px;\",\"line-height\":\"\"}' ><h2 style=\"font-family:&#039;Open Sans Condensed&#039;;font-style:italic;font-weight:700;\">Gama de productos<\/h2><\/div><div class=\"uvc-heading-spacer line_only\" style=\"topheight:1px;\"><span class=\"uvc-headings-line\" style=\"border-style:solid;border-bottom-width:1px;border-color:#ccc;width:250px;\"><\/span><\/div><\/div>[vc_empty_space height=\u00bb20px\u00bb]<div class=\"dt-shortcode with-isotope\"><div class=\"wf-container dt-portfolio-shortcode loading-effect-fade-in iso-grid description-under-image content-align-left hover-color-static\" data-padding=\"20px\" data-cur-page=\"1\" data-posts-per-page=\"-1\" data-width=\"300px\" data-columns=\"4\">\n<div class=\"wf-cell\" data-post-id=\"16046\" data-date=\"2022-12-05T01:01:41+01:00\" data-name=\"T100\">\n<article class=\"post post-16046 dt_portfolio type-dt_portfolio status-publish has-post-thumbnail hentry dt_portfolio_category-trasporto-esp dt_portfolio_category-133\">\n\n\t<div class=\"project-list-media\">\n\t<figure class=\"buttons-on-img forward-post\">\n\t\t<a href=\"https:\/\/mbconveyors.com\/es\/product\/t100\/\" class=\"alignnone rollover layzr-bg\" title=\"MB_T100_IMG_preview_r03\"  aria-label=\"Post image\"><img class=\"preload-me iso-lazy-load aspect\" src=\"data:image\/svg+xml,%3Csvg%20xmlns%3D&#39;http%3A%2F%2Fwww.w3.org%2F2000%2Fsvg&#39;%20viewBox%3D&#39;0%200%20270%20180&#39;%2F%3E\" data-src=\"https:\/\/mbconveyors.com\/wp-content\/uploads\/2023\/08\/MB_T100_IMG_preview_r03.jpg\" data-srcset=\"https:\/\/mbconveyors.com\/wp-content\/uploads\/2023\/08\/MB_T100_IMG_preview_r03.jpg 270w\" loading=\"eager\" style=\"--ratio: 270 \/ 180\" sizes=\"(max-width: 270px) 100vw, 270px\" alt=\"\" width=\"270\" height=\"180\"  \/><\/a>\t\t\t<\/figure>\n<\/div>\n<div class=\"project-list-content\">\n\t<h3 class=\"entry-title\"><a href=\"https:\/\/mbconveyors.com\/es\/product\/t100\/\" title=\"T100\" rel=\"bookmark\">T100<\/a><\/h3><\/div>\n<\/article>\n\n<\/div>\n<div class=\"wf-cell\" data-post-id=\"9047\" data-date=\"2022-12-05T01:02:28+01:00\" data-name=\"PA 110\">\n<article class=\"post post-9047 dt_portfolio type-dt_portfolio status-publish has-post-thumbnail hentry dt_portfolio_category-trasporto-esp dt_portfolio_category-133\">\n\n\t<div class=\"project-list-media\">\n\t<figure class=\"buttons-on-img forward-post\">\n\t\t<a href=\"https:\/\/mbconveyors.com\/es\/product\/pa-110\/\" class=\"alignnone rollover layzr-bg\" title=\"MB_PA 110_IMG_preview_r05\"  aria-label=\"Post image\"><img class=\"preload-me iso-lazy-load aspect\" src=\"data:image\/svg+xml,%3Csvg%20xmlns%3D&#39;http%3A%2F%2Fwww.w3.org%2F2000%2Fsvg&#39;%20viewBox%3D&#39;0%200%20270%20180&#39;%2F%3E\" data-src=\"https:\/\/mbconveyors.com\/wp-content\/uploads\/2023\/08\/MB_PA-110_IMG_preview_r05.jpg\" data-srcset=\"https:\/\/mbconveyors.com\/wp-content\/uploads\/2023\/08\/MB_PA-110_IMG_preview_r05.jpg 270w\" loading=\"eager\" style=\"--ratio: 270 \/ 180\" sizes=\"(max-width: 270px) 100vw, 270px\" alt=\"\" width=\"270\" height=\"180\"  \/><\/a>\t\t\t<\/figure>\n<\/div>\n<div class=\"project-list-content\">\n\t<h3 class=\"entry-title\"><a href=\"https:\/\/mbconveyors.com\/es\/product\/pa-110\/\" title=\"PA 110\" rel=\"bookmark\">PA 110<\/a><\/h3><\/div>\n<\/article>\n\n<\/div>\n<div class=\"wf-cell\" data-post-id=\"9138\" data-date=\"2022-12-05T01:03:54+01:00\" data-name=\"PA ROBOT\">\n<article class=\"post post-9138 dt_portfolio type-dt_portfolio status-publish has-post-thumbnail hentry dt_portfolio_category-trasporto-esp dt_portfolio_category-133\">\n\n\t<div class=\"project-list-media\">\n\t<figure class=\"buttons-on-img forward-post\">\n\t\t<a href=\"https:\/\/mbconveyors.com\/es\/product\/pa-robot\/\" class=\"alignnone rollover layzr-bg\" title=\"MB_PA ROBOT_IMG_preview_r04\"  aria-label=\"Post image\"><img class=\"preload-me iso-lazy-load aspect\" src=\"data:image\/svg+xml,%3Csvg%20xmlns%3D&#39;http%3A%2F%2Fwww.w3.org%2F2000%2Fsvg&#39;%20viewBox%3D&#39;0%200%20270%20180&#39;%2F%3E\" data-src=\"https:\/\/mbconveyors.com\/wp-content\/uploads\/2023\/08\/MB_PA-ROBOT_IMG_preview_r04.jpg\" data-srcset=\"https:\/\/mbconveyors.com\/wp-content\/uploads\/2023\/08\/MB_PA-ROBOT_IMG_preview_r04.jpg 270w\" loading=\"eager\" style=\"--ratio: 270 \/ 180\" sizes=\"(max-width: 270px) 100vw, 270px\" alt=\"\" width=\"270\" height=\"180\"  \/><\/a>\t\t\t<\/figure>\n<\/div>\n<div class=\"project-list-content\">\n\t<h3 class=\"entry-title\"><a href=\"https:\/\/mbconveyors.com\/es\/product\/pa-robot\/\" title=\"PA ROBOT\" rel=\"bookmark\">PA ROBOT<\/a><\/h3><\/div>\n<\/article>\n\n<\/div>\n<div class=\"wf-cell\" data-post-id=\"9165\" data-date=\"2022-12-05T01:04:50+01:00\" data-name=\"PA 180\">\n<article class=\"post post-9165 dt_portfolio type-dt_portfolio status-publish has-post-thumbnail hentry dt_portfolio_category-trasporto-esp dt_portfolio_category-133\">\n\n\t<div class=\"project-list-media\">\n\t<figure class=\"buttons-on-img forward-post\">\n\t\t<a href=\"https:\/\/mbconveyors.com\/es\/product\/pa-180\/\" class=\"alignnone rollover layzr-bg\" title=\"MB_PA 180_IMG_preview_r02\"  aria-label=\"Post image\"><img class=\"preload-me iso-lazy-load aspect\" src=\"data:image\/svg+xml,%3Csvg%20xmlns%3D&#39;http%3A%2F%2Fwww.w3.org%2F2000%2Fsvg&#39;%20viewBox%3D&#39;0%200%20270%20180&#39;%2F%3E\" data-src=\"https:\/\/mbconveyors.com\/wp-content\/uploads\/2021\/06\/MB_PA-180_IMG_preview_r02.jpg\" data-srcset=\"https:\/\/mbconveyors.com\/wp-content\/uploads\/2021\/06\/MB_PA-180_IMG_preview_r02.jpg 270w\" loading=\"eager\" style=\"--ratio: 270 \/ 180\" sizes=\"(max-width: 270px) 100vw, 270px\" alt=\"\" width=\"270\" height=\"180\"  \/><\/a>\t\t\t<\/figure>\n<\/div>\n<div class=\"project-list-content\">\n\t<h3 class=\"entry-title\"><a href=\"https:\/\/mbconveyors.com\/es\/product\/pa-180\/\" title=\"PA 180\" rel=\"bookmark\">PA 180<\/a><\/h3><\/div>\n<\/article>\n\n<\/div>\n<div class=\"wf-cell\" data-post-id=\"9180\" data-date=\"2022-12-05T01:05:20+01:00\" data-name=\"RUF\">\n<article class=\"post post-9180 dt_portfolio type-dt_portfolio status-publish has-post-thumbnail hentry dt_portfolio_category-trasporto-esp dt_portfolio_category-133\">\n\n\t<div class=\"project-list-media\">\n\t<figure class=\"buttons-on-img forward-post\">\n\t\t<a href=\"https:\/\/mbconveyors.com\/es\/product\/ruf\/\" class=\"alignnone rollover layzr-bg\" title=\"MB_RUF_IMG_preview_r02\"  aria-label=\"Post image\"><img class=\"preload-me iso-lazy-load aspect\" src=\"data:image\/svg+xml,%3Csvg%20xmlns%3D&#39;http%3A%2F%2Fwww.w3.org%2F2000%2Fsvg&#39;%20viewBox%3D&#39;0%200%20270%20180&#39;%2F%3E\" data-src=\"https:\/\/mbconveyors.com\/wp-content\/uploads\/2021\/06\/MB_RUF_IMG_preview_r02.jpg\" data-srcset=\"https:\/\/mbconveyors.com\/wp-content\/uploads\/2021\/06\/MB_RUF_IMG_preview_r02.jpg 270w\" loading=\"eager\" style=\"--ratio: 270 \/ 180\" sizes=\"(max-width: 270px) 100vw, 270px\" alt=\"\" width=\"270\" height=\"180\"  \/><\/a>\t\t\t<\/figure>\n<\/div>\n<div class=\"project-list-content\">\n\t<h3 class=\"entry-title\"><a href=\"https:\/\/mbconveyors.com\/es\/product\/ruf\/\" title=\"RUF\" rel=\"bookmark\">RUF<\/a><\/h3><\/div>\n<\/article>\n\n<\/div>\n<div class=\"wf-cell\" data-post-id=\"9237\" data-date=\"2022-12-05T01:06:50+01:00\" data-name=\"N-TR\">\n<article class=\"post post-9237 dt_portfolio type-dt_portfolio status-publish has-post-thumbnail hentry dt_portfolio_category-trasporto-esp dt_portfolio_category-133\">\n\n\t<div class=\"project-list-media\">\n\t<figure class=\"buttons-on-img forward-post\">\n\t\t<a href=\"https:\/\/mbconveyors.com\/es\/product\/n-tr\/\" class=\"alignnone rollover layzr-bg\" title=\"MB_N-TR_IMG_preview_r03\"  aria-label=\"Post image\"><img class=\"preload-me iso-lazy-load aspect\" src=\"data:image\/svg+xml,%3Csvg%20xmlns%3D&#39;http%3A%2F%2Fwww.w3.org%2F2000%2Fsvg&#39;%20viewBox%3D&#39;0%200%20270%20180&#39;%2F%3E\" data-src=\"https:\/\/mbconveyors.com\/wp-content\/uploads\/2021\/06\/MB_N-TR_IMG_preview_r03.jpg\" data-srcset=\"https:\/\/mbconveyors.com\/wp-content\/uploads\/2021\/06\/MB_N-TR_IMG_preview_r03.jpg 270w\" loading=\"eager\" style=\"--ratio: 270 \/ 180\" sizes=\"(max-width: 270px) 100vw, 270px\" alt=\"\" width=\"270\" height=\"180\"  \/><\/a>\t\t\t<\/figure>\n<\/div>\n<div class=\"project-list-content\">\n\t<h3 class=\"entry-title\"><a href=\"https:\/\/mbconveyors.com\/es\/product\/n-tr\/\" title=\"N-TR\" rel=\"bookmark\">N-TR<\/a><\/h3><\/div>\n<\/article>\n\n<\/div>\n<div class=\"wf-cell\" data-post-id=\"11452\" data-date=\"2022-12-05T01:07:26+01:00\" data-name=\"CP Smart\">\n<article class=\"post post-11452 dt_portfolio type-dt_portfolio status-publish has-post-thumbnail hentry dt_portfolio_category-trasporto-esp dt_portfolio_category-133\">\n\n\t<div class=\"project-list-media\">\n\t<figure class=\"buttons-on-img forward-post\">\n\t\t<a href=\"https:\/\/mbconveyors.com\/es\/product\/cp-smart\/\" class=\"alignnone rollover layzr-bg\" title=\"MB_CP SMART_IMG_preview_r05\"  aria-label=\"Post image\"><img class=\"preload-me iso-lazy-load aspect\" src=\"data:image\/svg+xml,%3Csvg%20xmlns%3D&#39;http%3A%2F%2Fwww.w3.org%2F2000%2Fsvg&#39;%20viewBox%3D&#39;0%200%20270%20180&#39;%2F%3E\" data-src=\"https:\/\/mbconveyors.com\/wp-content\/uploads\/2023\/08\/MB_CP-SMART_IMG_preview_r05.jpg\" data-srcset=\"https:\/\/mbconveyors.com\/wp-content\/uploads\/2023\/08\/MB_CP-SMART_IMG_preview_r05.jpg 270w\" loading=\"eager\" style=\"--ratio: 270 \/ 180\" sizes=\"(max-width: 270px) 100vw, 270px\" alt=\"\" width=\"270\" height=\"180\"  \/><\/a>\t\t\t<\/figure>\n<\/div>\n<div class=\"project-list-content\">\n\t<h3 class=\"entry-title\"><a href=\"https:\/\/mbconveyors.com\/es\/product\/cp-smart\/\" title=\"CP Smart\" rel=\"bookmark\">CP Smart<\/a><\/h3><\/div>\n<\/article>\n\n<\/div>\n<div class=\"wf-cell\" data-post-id=\"11468\" data-date=\"2022-12-05T01:08:12+01:00\" data-name=\"CPT Smart\">\n<article class=\"post post-11468 dt_portfolio type-dt_portfolio status-publish has-post-thumbnail hentry dt_portfolio_category-trasporto-esp dt_portfolio_category-133\">\n\n\t<div class=\"project-list-media\">\n\t<figure class=\"buttons-on-img forward-post\">\n\t\t<a href=\"https:\/\/mbconveyors.com\/es\/product\/cpt-smart\/\" class=\"alignnone rollover layzr-bg\" title=\"MB_CPT SMART_IMG_preview_r05\"  aria-label=\"Post image\"><img class=\"preload-me iso-lazy-load aspect\" src=\"data:image\/svg+xml,%3Csvg%20xmlns%3D&#39;http%3A%2F%2Fwww.w3.org%2F2000%2Fsvg&#39;%20viewBox%3D&#39;0%200%20270%20180&#39;%2F%3E\" data-src=\"https:\/\/mbconveyors.com\/wp-content\/uploads\/2023\/08\/MB_CPT-SMART_IMG_preview_r05.jpg\" data-srcset=\"https:\/\/mbconveyors.com\/wp-content\/uploads\/2023\/08\/MB_CPT-SMART_IMG_preview_r05.jpg 270w\" loading=\"eager\" style=\"--ratio: 270 \/ 180\" sizes=\"(max-width: 270px) 100vw, 270px\" alt=\"\" width=\"270\" height=\"180\"  \/><\/a>\t\t\t<\/figure>\n<\/div>\n<div class=\"project-list-content\">\n\t<h3 class=\"entry-title\"><a href=\"https:\/\/mbconveyors.com\/es\/product\/cpt-smart\/\" title=\"CPT Smart\" rel=\"bookmark\">CPT Smart<\/a><\/h3><\/div>\n<\/article>\n\n<\/div>\n<div class=\"wf-cell\" data-post-id=\"9253\" data-date=\"2022-12-05T01:09:42+01:00\" data-name=\"N-CPR\">\n<article class=\"post post-9253 dt_portfolio type-dt_portfolio status-publish has-post-thumbnail hentry dt_portfolio_category-trasporto-esp dt_portfolio_category-133\">\n\n\t<div class=\"project-list-media\">\n\t<figure class=\"buttons-on-img forward-post\">\n\t\t<a href=\"https:\/\/mbconveyors.com\/es\/product\/n-cpr\/\" class=\"alignnone rollover layzr-bg\" title=\"MB_N-CPR_IMG_preview_r05\"  aria-label=\"Post image\"><img class=\"preload-me iso-lazy-load aspect\" src=\"data:image\/svg+xml,%3Csvg%20xmlns%3D&#39;http%3A%2F%2Fwww.w3.org%2F2000%2Fsvg&#39;%20viewBox%3D&#39;0%200%20270%20180&#39;%2F%3E\" data-src=\"https:\/\/mbconveyors.com\/wp-content\/uploads\/2023\/08\/MB_N-CPR_IMG_preview_r05.jpg\" data-srcset=\"https:\/\/mbconveyors.com\/wp-content\/uploads\/2023\/08\/MB_N-CPR_IMG_preview_r05.jpg 270w\" loading=\"eager\" style=\"--ratio: 270 \/ 180\" sizes=\"(max-width: 270px) 100vw, 270px\" alt=\"\" width=\"270\" height=\"180\"  \/><\/a>\t\t\t<\/figure>\n<\/div>\n<div class=\"project-list-content\">\n\t<h3 class=\"entry-title\"><a href=\"https:\/\/mbconveyors.com\/es\/product\/n-cpr\/\" title=\"N-CPR\" rel=\"bookmark\">N-CPR<\/a><\/h3><\/div>\n<\/article>\n\n<\/div>\n<div class=\"wf-cell\" data-post-id=\"9275\" data-date=\"2022-12-05T01:10:46+01:00\" data-name=\"N-CPTR\">\n<article class=\"post post-9275 dt_portfolio type-dt_portfolio status-publish has-post-thumbnail hentry dt_portfolio_category-trasporto-esp dt_portfolio_category-133\">\n\n\t<div class=\"project-list-media\">\n\t<figure class=\"buttons-on-img forward-post\">\n\t\t<a href=\"https:\/\/mbconveyors.com\/es\/product\/n-cptr\/\" class=\"alignnone rollover layzr-bg\" title=\"MB_N-CPTR_IMG_preview_r05\"  aria-label=\"Post image\"><img class=\"preload-me iso-lazy-load aspect\" src=\"data:image\/svg+xml,%3Csvg%20xmlns%3D&#39;http%3A%2F%2Fwww.w3.org%2F2000%2Fsvg&#39;%20viewBox%3D&#39;0%200%20270%20180&#39;%2F%3E\" data-src=\"https:\/\/mbconveyors.com\/wp-content\/uploads\/2023\/08\/MB_N-CPTR_IMG_preview_r05.jpg\" data-srcset=\"https:\/\/mbconveyors.com\/wp-content\/uploads\/2023\/08\/MB_N-CPTR_IMG_preview_r05.jpg 270w\" loading=\"eager\" style=\"--ratio: 270 \/ 180\" sizes=\"(max-width: 270px) 100vw, 270px\" alt=\"\" width=\"270\" height=\"180\"  \/><\/a>\t\t\t<\/figure>\n<\/div>\n<div class=\"project-list-content\">\n\t<h3 class=\"entry-title\"><a href=\"https:\/\/mbconveyors.com\/es\/product\/n-cptr\/\" title=\"N-CPTR\" rel=\"bookmark\">N-CPTR<\/a><\/h3><\/div>\n<\/article>\n\n<\/div>\n<div class=\"wf-cell\" data-post-id=\"9297\" data-date=\"2022-12-05T01:11:10+01:00\" data-name=\"CP 21\">\n<article class=\"post post-9297 dt_portfolio type-dt_portfolio status-publish has-post-thumbnail hentry dt_portfolio_category-trasporto-esp dt_portfolio_category-133\">\n\n\t<div class=\"project-list-media\">\n\t<figure class=\"buttons-on-img forward-post\">\n\t\t<a href=\"https:\/\/mbconveyors.com\/es\/product\/cp-21\/\" class=\"alignnone rollover layzr-bg\" title=\"MB_CP 21_IMG_preview_r02\"  aria-label=\"Post image\"><img class=\"preload-me iso-lazy-load aspect\" src=\"data:image\/svg+xml,%3Csvg%20xmlns%3D&#39;http%3A%2F%2Fwww.w3.org%2F2000%2Fsvg&#39;%20viewBox%3D&#39;0%200%20270%20180&#39;%2F%3E\" data-src=\"https:\/\/mbconveyors.com\/wp-content\/uploads\/2023\/02\/MB_CP-21_IMG_preview_r02.jpg\" data-srcset=\"https:\/\/mbconveyors.com\/wp-content\/uploads\/2023\/02\/MB_CP-21_IMG_preview_r02.jpg 270w\" loading=\"eager\" style=\"--ratio: 270 \/ 180\" sizes=\"(max-width: 270px) 100vw, 270px\" alt=\"\" width=\"270\" height=\"180\"  \/><\/a>\t\t\t<\/figure>\n<\/div>\n<div class=\"project-list-content\">\n\t<h3 class=\"entry-title\"><a href=\"https:\/\/mbconveyors.com\/es\/product\/cp-21\/\" title=\"CP 21\" rel=\"bookmark\">CP 21<\/a><\/h3><\/div>\n<\/article>\n\n<\/div>\n<div class=\"wf-cell\" data-post-id=\"9315\" data-date=\"2022-12-05T01:12:53+01:00\" data-name=\"CPT 21\">\n<article class=\"post post-9315 dt_portfolio type-dt_portfolio status-publish has-post-thumbnail hentry dt_portfolio_category-trasporto-esp dt_portfolio_category-133\">\n\n\t<div class=\"project-list-media\">\n\t<figure class=\"buttons-on-img forward-post\">\n\t\t<a href=\"https:\/\/mbconveyors.com\/es\/product\/cpt-21\/\" class=\"alignnone rollover layzr-bg\" title=\"MB_CPT 21_IMG_preview_r03\"  aria-label=\"Post image\"><img class=\"preload-me iso-lazy-load aspect\" src=\"data:image\/svg+xml,%3Csvg%20xmlns%3D&#39;http%3A%2F%2Fwww.w3.org%2F2000%2Fsvg&#39;%20viewBox%3D&#39;0%200%20270%20180&#39;%2F%3E\" data-src=\"https:\/\/mbconveyors.com\/wp-content\/uploads\/2023\/02\/MB_CPT-21_IMG_preview_r03.jpg\" data-srcset=\"https:\/\/mbconveyors.com\/wp-content\/uploads\/2023\/02\/MB_CPT-21_IMG_preview_r03.jpg 270w\" loading=\"eager\" style=\"--ratio: 270 \/ 180\" sizes=\"(max-width: 270px) 100vw, 270px\" alt=\"\" width=\"270\" height=\"180\"  \/><\/a>\t\t\t<\/figure>\n<\/div>\n<div class=\"project-list-content\">\n\t<h3 class=\"entry-title\"><a href=\"https:\/\/mbconveyors.com\/es\/product\/cpt-21\/\" title=\"CPT 21\" rel=\"bookmark\">CPT 21<\/a><\/h3><\/div>\n<\/article>\n\n<\/div>\n<div class=\"wf-cell\" data-post-id=\"9197\" data-date=\"2022-12-05T01:13:49+01:00\" data-name=\"CURVAS\">\n<article class=\"post post-9197 dt_portfolio type-dt_portfolio status-publish has-post-thumbnail hentry dt_portfolio_category-trasporto-esp dt_portfolio_category-133\">\n\n\t<div class=\"project-list-media\">\n\t<figure class=\"buttons-on-img forward-post\">\n\t\t<a href=\"https:\/\/mbconveyors.com\/es\/product\/curvas\/\" class=\"alignnone rollover layzr-bg\" title=\"trasporto_CURVE\"  aria-label=\"Post image\"><img class=\"preload-me iso-lazy-load aspect\" src=\"data:image\/svg+xml,%3Csvg%20xmlns%3D&#39;http%3A%2F%2Fwww.w3.org%2F2000%2Fsvg&#39;%20viewBox%3D&#39;0%200%20270%20180&#39;%2F%3E\" data-src=\"https:\/\/mbconveyors.com\/wp-content\/uploads\/2019\/07\/trasporto_CURVE.png\" data-srcset=\"https:\/\/mbconveyors.com\/wp-content\/uploads\/2019\/07\/trasporto_CURVE.png 270w\" loading=\"eager\" style=\"--ratio: 270 \/ 180\" sizes=\"(max-width: 270px) 100vw, 270px\" alt=\"\" width=\"270\" height=\"180\"  \/><\/a>\t\t\t<\/figure>\n<\/div>\n<div class=\"project-list-content\">\n\t<h3 class=\"entry-title\"><a href=\"https:\/\/mbconveyors.com\/es\/product\/curvas\/\" title=\"CURVAS\" rel=\"bookmark\">CURVAS<\/a><\/h3><\/div>\n<\/article>\n\n<\/div><\/div><\/div>[\/vc_column][\/vc_row]<\/p>\n","protected":false},"excerpt":{"rendered":"<p>[vc_row equal_height=\u00bbyes\u00bb css=\u00bb.vc_custom_1570703927467{margin-top: 70px !important;margin-bottom: 20px !important;}\u00bb][vc_column width=\u00bb3\/12&#8243; css=\u00bb.vc_custom_1570703772780{margin-top: 0px !important;margin-bottom: 0px !important;padding-top: 0px !important;padding-bottom: 0px !important;}\u00bb][vc_single_image image=\u00bb12504&#8243; img_size=\u00bbfull\u00bb css=\u00bb.vc_custom_1594747842352{margin-top: 0px !important;margin-bottom: 0px !important;padding-top: 0px !important;padding-bottom: 0px !important;}\u00bb][\/vc_column][vc_column width=\u00bb4\/12&#8243; css=\u00bb.vc_custom_1543486482642{padding-right: 30px !important;padding-left: 30px !important;background-color: #eaeaea !important;}\u00bb][\/vc_column][vc_column width=\u00bb1\/12&#8243;][vc_empty_space height=\u00bb90px\u00bb][vc_icon icon_fontawesome=\u00bbfa fa-arrow-right\u00bb color=\u00bbcustom\u00bb size=\u00bbxl\u00bb align=\u00bbcenter\u00bb custom_color=\u00bb#228d9e\u00bb][\/vc_column][vc_column width=\u00bb4\/12&#8243; css=\u00bb.vc_custom_1543486417321{padding-right: 30px !important;padding-left: 30px !important;background-color: #eaeaea !important;}\u00bb][\/vc_column][\/vc_row][vc_row][vc_column][vc_empty_space height=\u00bb30px\u00bb][vc_empty_space height=\u00bb20px\u00bb][\/vc_column][\/vc_row]<\/p>\n","protected":false},"author":6,"featured_media":0,"parent":0,"menu_order":0,"comment_status":"closed","ping_status":"closed","template":"","meta":[],"aioseo_notices":[],"_links":{"self":[{"href":"https:\/\/mbconveyors.com\/es\/wp-json\/wp\/v2\/pages\/8987"}],"collection":[{"href":"https:\/\/mbconveyors.com\/es\/wp-json\/wp\/v2\/pages"}],"about":[{"href":"https:\/\/mbconveyors.com\/es\/wp-json\/wp\/v2\/types\/page"}],"author":[{"embeddable":true,"href":"https:\/\/mbconveyors.com\/es\/wp-json\/wp\/v2\/users\/6"}],"replies":[{"embeddable":true,"href":"https:\/\/mbconveyors.com\/es\/wp-json\/wp\/v2\/comments?post=8987"}],"version-history":[{"count":1,"href":"https:\/\/mbconveyors.com\/es\/wp-json\/wp\/v2\/pages\/8987\/revisions"}],"predecessor-version":[{"id":16084,"href":"https:\/\/mbconveyors.com\/es\/wp-json\/wp\/v2\/pages\/8987\/revisions\/16084"}],"wp:attachment":[{"href":"https:\/\/mbconveyors.com\/es\/wp-json\/wp\/v2\/media?parent=8987"}],"curies":[{"name":"wp","href":"https:\/\/api.w.org\/{rel}","templated":true}]}}