{"id":9875,"date":"2019-01-30T17:17:58","date_gmt":"2019-01-30T16:17:58","guid":{"rendered":"https:\/\/mbconveyors.com\/metal-belt\/"},"modified":"2020-06-14T18:39:00","modified_gmt":"2020-06-14T16:39:00","slug":"metal-belt","status":"publish","type":"page","link":"https:\/\/mbconveyors.com\/es\/metal-belt\/","title":{"rendered":"Metal belt"},"content":{"rendered":"<p>[vc_row equal_height=\u00bbyes\u00bb css=\u00bb.vc_custom_1570706614780{margin-top: 70px !important;margin-bottom: 61px !important;}\u00bb][vc_column width=\u00bb3\/12&#8243; css=\u00bb.vc_custom_1570706590276{margin-top: 0px !important;margin-bottom: 0px !important;padding-top: 0px !important;padding-bottom: 0px !important;}\u00bb][vc_single_image image=\u00bb2343&#8243; img_size=\u00bbfull\u00bb css=\u00bb.vc_custom_1570706582124{margin-top: 0px !important;margin-bottom: 0px !important;padding-top: 0px !important;padding-bottom: 0px !important;}\u00bb][\/vc_column][vc_column width=\u00bb4\/12&#8243; css=\u00bb.vc_custom_1543486482642{padding-right: 30px !important;padding-left: 30px !important;background-color: #eaeaea !important;}\u00bb]<div id=\"ultimate-heading-2036a06f43903d7d\" class=\"uvc-heading ult-adjust-bottom-margin ultimate-heading-2036a06f43903d7d uvc-6848 \" data-hspacer=\"no_spacer\"  data-halign=\"left\" style=\"text-align:left\"><div class=\"uvc-heading-spacer no_spacer\" style=\"top\"><\/div><div class=\"uvc-main-heading ult-responsive\"  data-ultimate-target='.uvc-heading.ultimate-heading-2036a06f43903d7d h2'  data-responsive-json-new='{\"font-size\":\"desktop:32px;\",\"line-height\":\"desktop:46px;\"}' ><h2 style=\"font-weight:bold;margin-bottom:15px;\">misi\u00f3n<\/h2><\/div><\/div><div class=\"uavc-list-icon uavc-list-icon-wrapper ult-adjust-bottom-margin   \"><ul class=\"uavc-list\"><li><div class=\"uavc-list-content\" id=\"list-icon-wrap-5227\">\n<div class=\"uavc-list-icon  \" data-animation=\"\" data-animation-delay=\"03\" style=\"margin-right:12px;\"><div class=\"ult-just-icon-wrapper  \"><div class=\"align-icon\" style=\"text-align:center;\">\n<div class=\"aio-icon none \"  style=\"color:#e5007d;font-size:20px;display:inline-block;\">\n\t<i class=\"Defaults-circle-o\"><\/i>\n<\/div><\/div><\/div>\n<\/div><span  data-ultimate-target='#list-icon-wrap-5227 .uavc-list-desc'  data-responsive-json-new='{\"font-size\":\"\",\"line-height\":\"\"}'  class=\"uavc-list-desc ult-responsive\" style=\"\">Transporte de productos a m\u00e1s de 120 \u00b0 C<\/span><\/div><\/li><li><div class=\"uavc-list-content\" id=\"list-icon-wrap-5524\">\n<div class=\"uavc-list-icon  \" data-animation=\"\" data-animation-delay=\"03\" style=\"margin-right:12px;\"><div class=\"ult-just-icon-wrapper  \"><div class=\"align-icon\" style=\"text-align:center;\">\n<div class=\"aio-icon none \"  style=\"color:#e5007d;font-size:20px;display:inline-block;\">\n\t<i class=\"Defaults-circle-o\"><\/i>\n<\/div><\/div><\/div>\n<\/div><span  data-ultimate-target='#list-icon-wrap-5524 .uavc-list-desc'  data-responsive-json-new='{\"font-size\":\"\",\"line-height\":\"\"}'  class=\"uavc-list-desc ult-responsive\" style=\"\">Productos met\u00e1licos, afilados o con presencia significativa de petr\u00f3leo.<\/span><\/div><\/li><li><div class=\"uavc-list-content\" id=\"list-icon-wrap-2105\">\n<div class=\"uavc-list-icon  \" data-animation=\"\" data-animation-delay=\"03\" style=\"margin-right:12px;\"><div class=\"ult-just-icon-wrapper  \"><div class=\"align-icon\" style=\"text-align:center;\">\n<div class=\"aio-icon none \"  style=\"color:#e5007d;font-size:20px;display:inline-block;\">\n\t<i class=\"Defaults-circle-o\"><\/i>\n<\/div><\/div><\/div>\n<\/div><span  data-ultimate-target='#list-icon-wrap-2105 .uavc-list-desc'  data-responsive-json-new='{\"font-size\":\"\",\"line-height\":\"\"}'  class=\"uavc-list-desc ult-responsive\" style=\"\">Transporte de carga pesada<\/span><\/div><\/li><\/ul><\/div>[\/vc_column][vc_column width=\u00bb1\/12&#8243;][vc_empty_space height=\u00bb122px\u00bb][vc_icon icon_fontawesome=\u00bbfa fa-arrow-right\u00bb color=\u00bbcustom\u00bb size=\u00bbxl\u00bb align=\u00bbcenter\u00bb custom_color=\u00bb#e5007d\u00bb][\/vc_column][vc_column width=\u00bb4\/12&#8243; css=\u00bb.vc_custom_1543486417321{padding-right: 30px !important;padding-left: 30px !important;background-color: #eaeaea !important;}\u00bb]<div id=\"ultimate-heading-20306a06f43904076\" class=\"uvc-heading ult-adjust-bottom-margin ultimate-heading-20306a06f43904076 uvc-7096 \" data-hspacer=\"no_spacer\"  data-halign=\"left\" style=\"text-align:left\"><div class=\"uvc-heading-spacer no_spacer\" style=\"top\"><\/div><div class=\"uvc-main-heading ult-responsive\"  data-ultimate-target='.uvc-heading.ultimate-heading-20306a06f43904076 h2'  data-responsive-json-new='{\"font-size\":\"desktop:32px;\",\"line-height\":\"desktop:46px;\"}' ><h2 style=\"font-weight:bold;margin-bottom:15px;\">soluciones<\/h2><\/div><\/div><div class=\"uavc-list-icon uavc-list-icon-wrapper ult-adjust-bottom-margin   \"><ul class=\"uavc-list\"><li><div class=\"uavc-list-content\" id=\"list-icon-wrap-7007\">\n<div class=\"uavc-list-icon  \" data-animation=\"\" data-animation-delay=\"03\" style=\"margin-right:12px;\"><div class=\"ult-just-icon-wrapper  \"><div class=\"align-icon\" style=\"text-align:center;\">\n<div class=\"aio-icon none \"  style=\"color:#e5007d;font-size:20px;display:inline-block;\">\n\t<i class=\"Defaults-circle-o\"><\/i>\n<\/div><\/div><\/div>\n<\/div><span  data-ultimate-target='#list-icon-wrap-7007 .uavc-list-desc'  data-responsive-json-new='{\"font-size\":\"\",\"line-height\":\"\"}'  class=\"uavc-list-desc ult-responsive\" style=\"\">Transportadores de rodillos met\u00e1licos MB<\/span><\/div><\/li><li><div class=\"uavc-list-content\" id=\"list-icon-wrap-1621\">\n<div class=\"uavc-list-icon  \" data-animation=\"\" data-animation-delay=\"03\" style=\"margin-right:12px;\"><div class=\"ult-just-icon-wrapper  \"><div class=\"align-icon\" style=\"text-align:center;\">\n<div class=\"aio-icon none \"  style=\"color:#e5007d;font-size:20px;display:inline-block;\">\n\t<i class=\"Defaults-circle-o\"><\/i>\n<\/div><\/div><\/div>\n<\/div><span  data-ultimate-target='#list-icon-wrap-1621 .uavc-list-desc'  data-responsive-json-new='{\"font-size\":\"\",\"line-height\":\"\"}'  class=\"uavc-list-desc ult-responsive\" style=\"\">Transportadores de rodillos met\u00e1licos Heavy Duty<\/span><\/div><\/li><\/ul><\/div>[\/vc_column][\/vc_row][vc_row][vc_column width=\u00bb1\/3&#8243;][vc_single_image image=\u00bb9860&#8243; img_size=\u00bbfull\u00bb][\/vc_column][vc_column width=\u00bb1\/3&#8243;][vc_single_image image=\u00bb9861&#8243; img_size=\u00bbfull\u00bb][\/vc_column][vc_column width=\u00bb1\/3&#8243;]<div id=\"ultimate-heading-24366a06f4390414e\" class=\"uvc-heading ult-adjust-bottom-margin ultimate-heading-24366a06f4390414e uvc-3220 \" data-hspacer=\"line_only\"  data-halign=\"left\" style=\"text-align:left\"><div class=\"uvc-main-heading ult-responsive\"  data-ultimate-target='.uvc-heading.ultimate-heading-24366a06f4390414e h2'  data-responsive-json-new='{\"font-size\":\"desktop:30px;\",\"line-height\":\"\"}' ><h2 style=\"font-family:&#039;Open Sans Condensed&#039;;font-style:italic;font-weight:700;\">CARACTER\u00cdSTICAS PRINCIPALES<\/h2><\/div><div class=\"uvc-heading-spacer line_only\" style=\"topheight:1px;\"><span class=\"uvc-headings-line\" style=\"border-style:solid;border-bottom-width:1px;border-color:#ccc;width:250px;\"><\/span><\/div><\/div>[vc_empty_space height=\u00bb20px\u00bb]<div class=\"uavc-list-icon uavc-list-icon-wrapper ult-adjust-bottom-margin   \"><ul class=\"uavc-list\"><li><div class=\"uavc-list-content\" id=\"list-icon-wrap-1775\">\n<div class=\"uavc-list-icon  \" data-animation=\"\" data-animation-delay=\"03\" style=\"margin-right:12px;\"><div class=\"ult-just-icon-wrapper  \"><div class=\"align-icon\" style=\"text-align:center;\">\n<div class=\"aio-icon none \"  style=\"color:#e5007d;font-size:20px;display:inline-block;\">\n\t<i class=\"Defaults-circle-o\"><\/i>\n<\/div><\/div><\/div>\n<\/div><span  data-ultimate-target='#list-icon-wrap-1775 .uavc-list-desc'  data-responsive-json-new='{\"font-size\":\"\",\"line-height\":\"\"}'  class=\"uavc-list-desc ult-responsive\" style=\"\">El borde lateral de contenci\u00f3n no se abre ni siquiera durante la rotaci\u00f3n de la cinta en los pi\u00f1ones de arrastre<\/span><\/div><\/li><li><div class=\"uavc-list-content\" id=\"list-icon-wrap-5813\">\n<div class=\"uavc-list-icon  \" data-animation=\"\" data-animation-delay=\"03\" style=\"margin-right:12px;\"><div class=\"ult-just-icon-wrapper  \"><div class=\"align-icon\" style=\"text-align:center;\">\n<div class=\"aio-icon none \"  style=\"color:#e5007d;font-size:20px;display:inline-block;\">\n\t<i class=\"Defaults-circle-o\"><\/i>\n<\/div><\/div><\/div>\n<\/div><span  data-ultimate-target='#list-icon-wrap-5813 .uavc-list-desc'  data-responsive-json-new='{\"font-size\":\"\",\"line-height\":\"\"}'  class=\"uavc-list-desc ult-responsive\" style=\"\">Temperaturas de funcionamiento hasta 200\u00b0C.<\/span><\/div><\/li><li><div class=\"uavc-list-content\" id=\"list-icon-wrap-6329\">\n<div class=\"uavc-list-icon  \" data-animation=\"\" data-animation-delay=\"03\" style=\"margin-right:12px;\"><div class=\"ult-just-icon-wrapper  \"><div class=\"align-icon\" style=\"text-align:center;\">\n<div class=\"aio-icon none \"  style=\"color:#e5007d;font-size:20px;display:inline-block;\">\n\t<i class=\"Defaults-circle-o\"><\/i>\n<\/div><\/div><\/div>\n<\/div><span  data-ultimate-target='#list-icon-wrap-6329 .uavc-list-desc'  data-responsive-json-new='{\"font-size\":\"\",\"line-height\":\"\"}'  class=\"uavc-list-desc ult-responsive\" style=\"\">List\u00f3n est\u00e1ndar: h=20 or 30 mm, paso min. 100 mm.<\/span><\/div><\/li><li><div class=\"uavc-list-content\" id=\"list-icon-wrap-3066\">\n<div class=\"uavc-list-icon  \" data-animation=\"\" data-animation-delay=\"03\" style=\"margin-right:12px;\"><div class=\"ult-just-icon-wrapper  \"><div class=\"align-icon\" style=\"text-align:center;\">\n<div class=\"aio-icon none \"  style=\"color:#e5007d;font-size:20px;display:inline-block;\">\n\t<i class=\"Defaults-circle-o\"><\/i>\n<\/div><\/div><\/div>\n<\/div><span  data-ultimate-target='#list-icon-wrap-3066 .uavc-list-desc'  data-responsive-json-new='{\"font-size\":\"\",\"line-height\":\"\"}'  class=\"uavc-list-desc ult-responsive\" style=\"\">A = de 150 a 750 mm (paso 100 mm).<\/span><\/div><\/li><\/ul><\/div>[\/vc_column][\/vc_row][vc_row][vc_column]<div id=\"ultimate-heading-49256a06f4390428f\" class=\"uvc-heading ult-adjust-bottom-margin ultimate-heading-49256a06f4390428f uvc-6119 \" data-hspacer=\"line_only\"  data-halign=\"left\" style=\"text-align:left\"><div class=\"uvc-main-heading ult-responsive\"  data-ultimate-target='.uvc-heading.ultimate-heading-49256a06f4390428f h2'  data-responsive-json-new='{\"font-size\":\"desktop:30px;\",\"line-height\":\"\"}' ><h2 style=\"font-family:&#039;Open Sans Condensed&#039;;font-style:italic;font-weight:700;\">CINTA DE METAL CON DIFERENTES SUPERFICIES<\/h2><\/div><div class=\"uvc-heading-spacer line_only\" style=\"topheight:1px;\"><span class=\"uvc-headings-line\" style=\"border-style:solid;border-bottom-width:1px;border-color:#ccc;width:250px;\"><\/span><\/div><\/div>[vc_empty_space height=\u00bb20px\u00bb][vc_row_inner][vc_column_inner width=\u00bb1\/4&#8243;]<div class=\"aio-icon-component    style_1\"><div id=\"Info-box-wrap-5280\" class=\"aio-icon-box default-icon\" style=\"\"  ><div class=\"aio-icon-default\"><div class=\"ult-just-icon-wrapper  \"><div class=\"align-icon\" style=\"text-align:center;\">\n<div class=\"aio-icon none \"  style=\"color:#e5007d;font-size:16px;display:inline-block;\">\n\t<i class=\"Defaults-plus\"><\/i>\n<\/div><\/div><\/div><\/div><div class=\"aio-icon-header\" ><h3 class=\"aio-icon-title ult-responsive\"  data-ultimate-target='#Info-box-wrap-5280 .aio-icon-title'  data-responsive-json-new='{\"font-size\":\"desktop:24px;\",\"line-height\":\"\"}'  style=\"font-family:&#039;Open Sans Condensed&#039;;font-style:italic;font-weight:normal;font-style:normal;color:#565656;\">LISA<\/h3><\/div> <!-- header --><div class=\"aio-icon-description ult-responsive\"  data-ultimate-target='#Info-box-wrap-5280 .aio-icon-description'  data-responsive-json-new='{\"font-size\":\"\",\"line-height\":\"\"}'  style=\"\">Adecuada para soldar \/ atornillar listones<\/div> <!-- description --><\/div> <!-- aio-icon-box --><\/div> <!-- aio-icon-component -->[vc_single_image image=\u00bb9862&#8243; img_size=\u00bbfull\u00bb][vc_column_text]Detalle de la superficie[\/vc_column_text][vc_single_image image=\u00bb9865&#8243; img_size=\u00bbfull\u00bb][\/vc_column_inner][vc_column_inner width=\u00bb1\/4&#8243;]<div class=\"aio-icon-component    style_1\"><div id=\"Info-box-wrap-4744\" class=\"aio-icon-box left-icon\" style=\"\"  ><div class=\"aio-icon-left\"><div class=\"ult-just-icon-wrapper  \"><div class=\"align-icon\" style=\"text-align:center;\">\n<div class=\"aio-icon none \"  style=\"color:#e5007d;font-size:16px;display:inline-block;\">\n\t<i class=\"Defaults-plus\"><\/i>\n<\/div><\/div><\/div><\/div><div class=\"aio-ibd-block\"><div class=\"aio-icon-header\" ><h3 class=\"aio-icon-title ult-responsive\"  data-ultimate-target='#Info-box-wrap-4744 .aio-icon-title'  data-responsive-json-new='{\"font-size\":\"desktop:24px;\",\"line-height\":\"\"}'  style=\"font-family:&#039;Open Sans Condensed&#039;;font-style:italic;font-weight:normal;font-style:normal;color:#565656;\">HIGH GRIP (EST\u00c1NDAR)<\/h3><\/div> <!-- header --><div class=\"aio-icon-description ult-responsive\"  data-ultimate-target='#Info-box-wrap-4744 .aio-icon-description'  data-responsive-json-new='{\"font-size\":\"\",\"line-height\":\"\"}'  style=\"\">Evita el contacto completo del producto con la superficie de transporte<\/div> <!-- description --><\/div> <!-- aio-ibd-block --><\/div> <!-- aio-icon-box --><\/div> <!-- aio-icon-component -->[vc_single_image image=\u00bb9864&#8243; img_size=\u00bbfull\u00bb][vc_column_text]Detalle de la superficie[\/vc_column_text][vc_single_image image=\u00bb9866&#8243; img_size=\u00bbfull\u00bb][\/vc_column_inner][vc_column_inner width=\u00bb1\/4&#8243;]<div class=\"aio-icon-component    style_1\"><div id=\"Info-box-wrap-4527\" class=\"aio-icon-box default-icon\" style=\"\"  ><div class=\"aio-icon-default\"><div class=\"ult-just-icon-wrapper  \"><div class=\"align-icon\" style=\"text-align:center;\">\n<div class=\"aio-icon none \"  style=\"color:#e5007d;font-size:16px;display:inline-block;\">\n\t<i class=\"Defaults-plus\"><\/i>\n<\/div><\/div><\/div><\/div><div class=\"aio-icon-header\" ><h3 class=\"aio-icon-title ult-responsive\"  data-ultimate-target='#Info-box-wrap-4527 .aio-icon-title'  data-responsive-json-new='{\"font-size\":\"desktop:24px;\",\"line-height\":\"\"}'  style=\"font-family:&#039;Open Sans Condensed&#039;;font-style:italic;font-weight:normal;font-style:normal;color:#565656;\">HIGH GRIP PERFORADA<\/h3><\/div> <!-- header --><div class=\"aio-icon-description ult-responsive\"  data-ultimate-target='#Info-box-wrap-4527 .aio-icon-description'  data-responsive-json-new='{\"font-size\":\"\",\"line-height\":\"\"}'  style=\"\">Cuando es necesario drenar una peque\u00f1a cantidad de l\u00edquido<\/div> <!-- description --><\/div> <!-- aio-icon-box --><\/div> <!-- aio-icon-component -->[vc_single_image image=\u00bb9867&#8243; img_size=\u00bbfull\u00bb css=\u00bb.vc_custom_1561975965855{margin-top: 29px !important;}\u00bb][vc_column_text]Detalle de la superficie[\/vc_column_text][vc_single_image image=\u00bb9863&#8243; img_size=\u00bbfull\u00bb][\/vc_column_inner][vc_column_inner width=\u00bb1\/4&#8243;]<div class=\"aio-icon-component    style_1\"><div id=\"Info-box-wrap-9386\" class=\"aio-icon-box left-icon\" style=\"\"  ><div class=\"aio-icon-left\"><div class=\"ult-just-icon-wrapper  \"><div class=\"align-icon\" style=\"text-align:center;\">\n<div class=\"aio-icon none \"  style=\"color:#e5007d;font-size:16px;display:inline-block;\">\n\t<i class=\"Defaults-plus\"><\/i>\n<\/div><\/div><\/div><\/div><div class=\"aio-ibd-block\"><div class=\"aio-icon-header\" ><h3 class=\"aio-icon-title ult-responsive\"  data-ultimate-target='#Info-box-wrap-9386 .aio-icon-title'  data-responsive-json-new='{\"font-size\":\"desktop:24px;\",\"line-height\":\"\"}'  style=\"font-family:&#039;Open Sans Condensed&#039;;font-style:italic;font-weight:normal;font-style:normal;color:#565656;\">Malla<\/h3><\/div> <!-- header --><div class=\"aio-icon-description ult-responsive\"  data-ultimate-target='#Info-box-wrap-9386 .aio-icon-description'  data-responsive-json-new='{\"font-size\":\"\",\"line-height\":\"\"}'  style=\"\">Cuando se necesita drenar una cantidad significativa de l\u00edquido<\/div> <!-- description --><\/div> <!-- aio-ibd-block --><\/div> <!-- aio-icon-box --><\/div> <!-- aio-icon-component -->[vc_single_image image=\u00bb9868&#8243; img_size=\u00bbfull\u00bb][vc_column_text]Detalle de la superficie[\/vc_column_text][vc_single_image image=\u00bb9869&#8243; img_size=\u00bbfull\u00bb][\/vc_column_inner][\/vc_row_inner][\/vc_column][\/vc_row][vc_row][vc_column][vc_empty_space height=\u00bb30px\u00bb]<div id=\"ultimate-heading-54506a06f439043fa\" class=\"uvc-heading ult-adjust-bottom-margin ultimate-heading-54506a06f439043fa uvc-6827 \" data-hspacer=\"line_only\"  data-halign=\"left\" style=\"text-align:left\"><div class=\"uvc-main-heading ult-responsive\"  data-ultimate-target='.uvc-heading.ultimate-heading-54506a06f439043fa h2'  data-responsive-json-new='{\"font-size\":\"desktop:30px;\",\"line-height\":\"\"}' ><h2 style=\"font-family:&#039;Open Sans Condensed&#039;;font-style:italic;font-weight:700;\">GAMA DE PRODUCTOS<\/h2><\/div><div class=\"uvc-heading-spacer line_only\" style=\"topheight:1px;\"><span class=\"uvc-headings-line\" style=\"border-style:solid;border-bottom-width:1px;border-color:#ccc;width:250px;\"><\/span><\/div><\/div>[vc_empty_space height=\u00bb20px\u00bb]<div class=\"dt-shortcode with-isotope\"><div class=\"wf-container dt-portfolio-shortcode loading-effect-fade-in iso-grid description-under-image content-align-left hover-color-static\" data-padding=\"20px\" data-cur-page=\"1\" data-posts-per-page=\"-1\" data-width=\"300px\" data-columns=\"4\">\n<div class=\"wf-cell\" data-post-id=\"9657\" data-date=\"2022-12-05T06:01:18+01:00\" data-name=\"PA TM\">\n<article class=\"post post-9657 dt_portfolio type-dt_portfolio status-publish has-post-thumbnail hentry dt_portfolio_category-metal-belt-esp dt_portfolio_category-138\">\n\n\t<div class=\"project-list-media\">\n\t<figure class=\"buttons-on-img forward-post\">\n\t\t<a href=\"https:\/\/mbconveyors.com\/es\/product\/pa-tm\/\" class=\"alignnone rollover layzr-bg\" title=\"MB_PA TM_IMG_preview_r02\"  aria-label=\"Post image\"><img class=\"preload-me iso-lazy-load aspect\" src=\"data:image\/svg+xml,%3Csvg%20xmlns%3D&#39;http%3A%2F%2Fwww.w3.org%2F2000%2Fsvg&#39;%20viewBox%3D&#39;0%200%20270%20180&#39;%2F%3E\" data-src=\"https:\/\/mbconveyors.com\/wp-content\/uploads\/2021\/06\/MB_PA-TM_IMG_preview_r02.jpg\" data-srcset=\"https:\/\/mbconveyors.com\/wp-content\/uploads\/2021\/06\/MB_PA-TM_IMG_preview_r02.jpg 270w\" loading=\"eager\" style=\"--ratio: 270 \/ 180\" sizes=\"(max-width: 270px) 100vw, 270px\" alt=\"\" width=\"270\" height=\"180\"  \/><\/a>\t\t\t<\/figure>\n<\/div>\n<div class=\"project-list-content\">\n\t<h3 class=\"entry-title\"><a href=\"https:\/\/mbconveyors.com\/es\/product\/pa-tm\/\" title=\"PA TM\" rel=\"bookmark\">PA TM<\/a><\/h3><\/div>\n<\/article>\n\n<\/div>\n<div class=\"wf-cell\" data-post-id=\"9675\" data-date=\"2022-12-05T06:02:02+01:00\" data-name=\"CP TM\">\n<article class=\"post post-9675 dt_portfolio type-dt_portfolio status-publish has-post-thumbnail hentry dt_portfolio_category-metal-belt-esp dt_portfolio_category-138\">\n\n\t<div class=\"project-list-media\">\n\t<figure class=\"buttons-on-img forward-post\">\n\t\t<a href=\"https:\/\/mbconveyors.com\/es\/product\/cp-tm\/\" class=\"alignnone rollover layzr-bg\" title=\"MB_CP TM_IMG_preview_r02\"  aria-label=\"Post image\"><img class=\"preload-me iso-lazy-load aspect\" src=\"data:image\/svg+xml,%3Csvg%20xmlns%3D&#39;http%3A%2F%2Fwww.w3.org%2F2000%2Fsvg&#39;%20viewBox%3D&#39;0%200%20270%20180&#39;%2F%3E\" data-src=\"https:\/\/mbconveyors.com\/wp-content\/uploads\/2021\/06\/MB_CP-TM_IMG_preview_r02.jpg\" data-srcset=\"https:\/\/mbconveyors.com\/wp-content\/uploads\/2021\/06\/MB_CP-TM_IMG_preview_r02.jpg 270w\" loading=\"eager\" style=\"--ratio: 270 \/ 180\" sizes=\"(max-width: 270px) 100vw, 270px\" alt=\"\" width=\"270\" height=\"180\"  \/><\/a>\t\t\t<\/figure>\n<\/div>\n<div class=\"project-list-content\">\n\t<h3 class=\"entry-title\"><a href=\"https:\/\/mbconveyors.com\/es\/product\/cp-tm\/\" title=\"CP TM\" rel=\"bookmark\">CP TM<\/a><\/h3><\/div>\n<\/article>\n\n<\/div>\n<div class=\"wf-cell\" data-post-id=\"9695\" data-date=\"2022-12-05T06:03:55+01:00\" data-name=\"CPT TM\">\n<article class=\"post post-9695 dt_portfolio type-dt_portfolio status-publish has-post-thumbnail hentry dt_portfolio_category-metal-belt-esp dt_portfolio_category-138\">\n\n\t<div class=\"project-list-media\">\n\t<figure class=\"buttons-on-img forward-post\">\n\t\t<a href=\"https:\/\/mbconveyors.com\/es\/product\/cpt-tm\/\" class=\"alignnone rollover layzr-bg\" title=\"MB_CPT TM_IMG_preview_r02\"  aria-label=\"Post image\"><img class=\"preload-me iso-lazy-load aspect\" src=\"data:image\/svg+xml,%3Csvg%20xmlns%3D&#39;http%3A%2F%2Fwww.w3.org%2F2000%2Fsvg&#39;%20viewBox%3D&#39;0%200%20270%20180&#39;%2F%3E\" data-src=\"https:\/\/mbconveyors.com\/wp-content\/uploads\/2021\/06\/MB_CPT-TM_IMG_preview_r02.jpg\" data-srcset=\"https:\/\/mbconveyors.com\/wp-content\/uploads\/2021\/06\/MB_CPT-TM_IMG_preview_r02.jpg 270w\" loading=\"eager\" style=\"--ratio: 270 \/ 180\" sizes=\"(max-width: 270px) 100vw, 270px\" alt=\"\" width=\"270\" height=\"180\"  \/><\/a>\t\t\t<\/figure>\n<\/div>\n<div class=\"project-list-content\">\n\t<h3 class=\"entry-title\"><a href=\"https:\/\/mbconveyors.com\/es\/product\/cpt-tm\/\" title=\"CPT TM\" rel=\"bookmark\">CPT TM<\/a><\/h3><\/div>\n<\/article>\n\n<\/div><\/div><\/div>[\/vc_column][\/vc_row]<\/p>\n","protected":false},"excerpt":{"rendered":"<p>[vc_row equal_height=\u00bbyes\u00bb css=\u00bb.vc_custom_1570706614780{margin-top: 70px !important;margin-bottom: 61px !important;}\u00bb][vc_column width=\u00bb3\/12&#8243; css=\u00bb.vc_custom_1570706590276{margin-top: 0px !important;margin-bottom: 0px !important;padding-top: 0px !important;padding-bottom: 0px !important;}\u00bb][vc_single_image image=\u00bb2343&#8243; img_size=\u00bbfull\u00bb css=\u00bb.vc_custom_1570706582124{margin-top: 0px !important;margin-bottom: 0px !important;padding-top: 0px !important;padding-bottom: 0px !important;}\u00bb][\/vc_column][vc_column width=\u00bb4\/12&#8243; css=\u00bb.vc_custom_1543486482642{padding-right: 30px !important;padding-left: 30px !important;background-color: #eaeaea !important;}\u00bb][\/vc_column][vc_column width=\u00bb1\/12&#8243;][vc_empty_space height=\u00bb122px\u00bb][vc_icon icon_fontawesome=\u00bbfa fa-arrow-right\u00bb color=\u00bbcustom\u00bb size=\u00bbxl\u00bb align=\u00bbcenter\u00bb custom_color=\u00bb#e5007d\u00bb][\/vc_column][vc_column width=\u00bb4\/12&#8243; css=\u00bb.vc_custom_1543486417321{padding-right: 30px !important;padding-left: 30px !important;background-color: #eaeaea !important;}\u00bb][\/vc_column][\/vc_row][vc_row][vc_column width=\u00bb1\/3&#8243;][vc_single_image image=\u00bb9860&#8243; img_size=\u00bbfull\u00bb][\/vc_column][vc_column&hellip;<\/p>\n","protected":false},"author":11,"featured_media":0,"parent":0,"menu_order":0,"comment_status":"closed","ping_status":"closed","template":"","meta":[],"aioseo_notices":[],"_links":{"self":[{"href":"https:\/\/mbconveyors.com\/es\/wp-json\/wp\/v2\/pages\/9875"}],"collection":[{"href":"https:\/\/mbconveyors.com\/es\/wp-json\/wp\/v2\/pages"}],"about":[{"href":"https:\/\/mbconveyors.com\/es\/wp-json\/wp\/v2\/types\/page"}],"author":[{"embeddable":true,"href":"https:\/\/mbconveyors.com\/es\/wp-json\/wp\/v2\/users\/11"}],"replies":[{"embeddable":true,"href":"https:\/\/mbconveyors.com\/es\/wp-json\/wp\/v2\/comments?post=9875"}],"version-history":[{"count":0,"href":"https:\/\/mbconveyors.com\/es\/wp-json\/wp\/v2\/pages\/9875\/revisions"}],"wp:attachment":[{"href":"https:\/\/mbconveyors.com\/es\/wp-json\/wp\/v2\/media?parent=9875"}],"curies":[{"name":"wp","href":"https:\/\/api.w.org\/{rel}","templated":true}]}}