{"id":9878,"date":"2018-07-10T15:56:45","date_gmt":"2018-07-10T13:56:45","guid":{"rendered":"https:\/\/mbconveyors.com\/cookie-policy\/"},"modified":"2019-12-27T13:11:08","modified_gmt":"2019-12-27T12:11:08","slug":"cookie-policy","status":"publish","type":"page","link":"https:\/\/mbconveyors.com\/es\/cookie-policy\/","title":{"rendered":"Cookie Policy"},"content":{"rendered":"<p>[vc_row][vc_column][vc_column_text]Esta informaci\u00f3n ha sido preparada y personalizada espec\u00edficamente para este sitio en base a las disposiciones del Reglamento de la UE 2016\/679 emitido por el Garante para la protecci\u00f3n de datos personales.<\/p>\n<h3><strong>\u00bfQu\u00e9 son las cookies?<\/strong><\/h3>\n<p>Las cookies son peque\u00f1as cadenas de texto, no necesariamente archivos dentro de la computadora, enviadas por un servidor a un cliente, luego desde un sitio web al visitante y posteriormente enviadas de vuelta para que el servidor las lea. Cada vez que el usuario regresa al mismo sitio web, el navegador recupera y env\u00eda el archivo al servidor del sitio. En general, el prop\u00f3sito de las cookies es mejorar el funcionamiento del sitio web y la experiencia del usuario de su uso, por ejemplo a trav\u00e9s de la autenticaci\u00f3n autom\u00e1tica, la memorizaci\u00f3n del idioma, el tama\u00f1o y el tipo de texto, ubicaci\u00f3n o informaci\u00f3n para fines estad\u00edsticos, ya que las p\u00e1ginas web en s\u00ed mismas no tienen \u00abmemoria\u00bb.<\/p>\n<p>El sitio no adquiere datos personales del usuario a este respecto. Las cookies no se utilizan para transmitir informaci\u00f3n personal, ni se utilizan sistemas de seguimiento de usuarios.<\/p>\n<p>Si comparte acceso a la computadora, le recomendamos que siempre elimine sus datos de navegaci\u00f3n cada vez que cierre su navegador. Esto aumenta la seguridad al eliminar datos confidenciales despu\u00e9s de su sesi\u00f3n de navegaci\u00f3n.<\/p>\n<h3><strong>\u00bfQu\u00e9 cookies usa este sitio?<\/strong><\/h3>\n<p>\u2013\u00a0<strong>T\u00e9cnico<\/strong>: solo utilizamos cookies t\u00e9cnicas an\u00f3nimas que son esenciales para el buen funcionamiento del sitio, para la gesti\u00f3n de sesiones y para las funciones internas de nuestro sistema.<\/p>\n<p>\u2013\u00a0<strong>Anal\u00edtico<\/strong>: no utilizamos cookies de terceros (Google) para analizar el comportamiento de los visitantes con fines estad\u00edsticos.<\/p>\n<h3><strong>C\u00f3mo administrar \/ bloquear cookies en tu PC<\/strong><\/h3>\n<p>Las cookies se pueden eliminar o modificar directamente desde el navegador del usuario. El visitante tiene control total de las cookies y su uso. Le recordamos que al deshabilitar las cookies no ser\u00e1 posible acceder a la visualizaci\u00f3n y el uso correctos del sitio.<\/p>\n<p>Nos referimos a las gu\u00edas de los navegadores m\u00e1s utilizados para conocer las diversas formas de administrar las cookies:<\/p>\n<p><a href=\"https:\/\/support.google.com\/accounts\/answer\/61416?hl=it\">\u2013 Guida ai cookies \u2013 Chrome<\/a><\/p>\n<p>\u2013\u00a0<a href=\"https:\/\/support.mozilla.org\/it\/kb\/Attivare%20e%20disattivare%20i%20cookie\">Guida ai cookies \u2013 Firefox<\/a><\/p>\n<p>\u2013\u00a0<a href=\"https:\/\/support.apple.com\/it-it\/HT201265\">Guida ai cookies \u2013 Safari<\/a><\/p>\n<p>\u2013\u00a0<a href=\"http:\/\/windows.microsoft.com\/it-it\/windows7\/block-enable-or-allow-cookies\">Guida ai cookies \u2013 Internet Explorer<\/a><\/p>\n<p>Nos reservamos el derecho de modificar esta Pol\u00edtica de cookies, total o parcialmente, a nuestro criterio. Todos sus cambios entrar\u00e1n en vigencia inmediatamente despu\u00e9s de la publicaci\u00f3n de la Pol\u00edtica actualizada en el Sitio. El uso del Sitio o los Servicios despu\u00e9s de la modificaci\u00f3n de esta Pol\u00edtica implica la aceptaci\u00f3n de estos cambios. Si no acepta los t\u00e9rminos de esta Pol\u00edtica de cookies en su totalidad o en parte, debe dejar de usar el Sitio y los Servicios que ofrecemos.<\/p>\n<p>[\/vc_column_text][\/vc_column][\/vc_row]<\/p>\n","protected":false},"excerpt":{"rendered":"<p>[vc_row][vc_column][vc_column_text]Esta informaci\u00f3n ha sido preparada y personalizada espec\u00edficamente para este sitio en base a las disposiciones del Reglamento de la UE 2016\/679 emitido por el Garante para la protecci\u00f3n de datos personales. \u00bfQu\u00e9 son las cookies? Las cookies son peque\u00f1as cadenas de texto, no necesariamente archivos dentro de la computadora, enviadas por un servidor a&hellip;<\/p>\n","protected":false},"author":11,"featured_media":0,"parent":0,"menu_order":0,"comment_status":"closed","ping_status":"closed","template":"","meta":[],"aioseo_notices":[],"_links":{"self":[{"href":"https:\/\/mbconveyors.com\/es\/wp-json\/wp\/v2\/pages\/9878"}],"collection":[{"href":"https:\/\/mbconveyors.com\/es\/wp-json\/wp\/v2\/pages"}],"about":[{"href":"https:\/\/mbconveyors.com\/es\/wp-json\/wp\/v2\/types\/page"}],"author":[{"embeddable":true,"href":"https:\/\/mbconveyors.com\/es\/wp-json\/wp\/v2\/users\/11"}],"replies":[{"embeddable":true,"href":"https:\/\/mbconveyors.com\/es\/wp-json\/wp\/v2\/comments?post=9878"}],"version-history":[{"count":0,"href":"https:\/\/mbconveyors.com\/es\/wp-json\/wp\/v2\/pages\/9878\/revisions"}],"wp:attachment":[{"href":"https:\/\/mbconveyors.com\/es\/wp-json\/wp\/v2\/media?parent=9878"}],"curies":[{"name":"wp","href":"https:\/\/api.w.org\/{rel}","templated":true}]}}