{"id":15607,"date":"2022-10-07T13:35:06","date_gmt":"2022-10-07T11:35:06","guid":{"rendered":"https:\/\/mbconveyors.com\/?page_id=15607"},"modified":"2022-10-07T16:49:31","modified_gmt":"2022-10-07T14:49:31","slug":"gdpr-cookie-policy","status":"publish","type":"page","link":"https:\/\/mbconveyors.com\/fr\/gdpr-cookie-policy\/","title":{"rendered":"Cookie Policy"},"content":{"rendered":"<p>[vc_row][vc_column][vc_column_text]<\/p>\n<h3>Informations sur la politique en mati\u00e8re de cookies<\/h3>\n<p>Cette politique en mati\u00e8re de cookies explique ce que sont les cookies et comment nous les utilisons, les types de cookies que nous utilisons, les informations que nous collectons \u00e0 l&rsquo;aide des cookies, comment ces informations sont utilis\u00e9es et comment contr\u00f4ler vos pr\u00e9f\u00e9rences en mati\u00e8re de cookies. Pour plus d&rsquo;informations sur la mani\u00e8re dont nous utilisons, conservons et prot\u00e9geons vos donn\u00e9es personnelles, veuillez consulter notre Politique de confidentialit\u00e9.<\/p>\n<p>Vous pouvez \u00e0 tout moment modifier ou retirer votre consentement quant \u00e0 la D\u00e9claration relative aux cookies sur notre site web.<br \/>\nPour en savoir plus sur qui nous sommes, comment vous pouvez nous contacter et comment nous traitons les donn\u00e9es personnelles, consultez notre Politique de confidentialit\u00e9.<br \/>\nVotre consentement s&rsquo;applique aux domaines suivants: mbconveyors.com<br \/>\n<div class=\"cli_user_consent_state\">Votre \u00e9tat actuel\u00a0: Aucun consentement donn\u00e9. <a class=\"cli_manage_current_consent\" style=\"cursor:pointer;text-decoration:underline;\">G\u00e9rez votre consentement.<\/a> <\/div>[\/vc_column_text][vc_empty_space height=\u00a0\u00bb31px\u00a0\u00bb][\/vc_column][\/vc_row][vc_row][vc_column][vc_column_text]<\/p>\n<h3>Qu\u2019est-ce qu\u2019un cookie?<\/h3>\n<p>Un cookie est un petit fichier texte qui est utilis\u00e9 pour stocker de petites informations. Les cookies sont stock\u00e9s sur votre dispositif lorsque le site web est charg\u00e9 sur votre navigateur. Ces cookies nous aident \u00e0 faire fonctionner le site web correctement, \u00e0 le rendre plus s\u00fbr, \u00e0 fournir une meilleure exp\u00e9rience utilisateur, \u00e0 comprendre comment le site web fonctionne et \u00e0 analyser ce qui fonctionne et ce qui doit \u00eatre am\u00e9lior\u00e9.[\/vc_column_text][vc_empty_space height=\u00a0\u00bb31px\u00a0\u00bb][\/vc_column][\/vc_row][vc_row][vc_column][vc_column_text]<\/p>\n<h3>Comment utilisons-nous les cookies?<\/h3>\n<p>Comme la plupart des services en ligne, notre site web utilise des cookies propri\u00e9taires et des cookies tiers \u00e0 des fins diff\u00e9rentes. Les cookies propri\u00e9taires sont essentiellement n\u00e9cessaires au bon fonctionnement du site web et ne collectent aucune de vos donn\u00e9es \u00e0 caract\u00e8re personnel.<\/p>\n<p>Les cookies tiers utilis\u00e9s sur notre site web servent principalement \u00e0 comprendre le fonctionnement du site web, la mani\u00e8re dont vous interagissez avec notre site web, \u00e0 assurer la s\u00e9curit\u00e9 de nos services, \u00e0 vous fournir des publicit\u00e9s pertinentes et, dans l&rsquo;ensemble, \u00e0 vous offrir une exp\u00e9rience utilisateur meilleure et am\u00e9lior\u00e9e et \u00e0 contribuer \u00e0 acc\u00e9l\u00e9rer vos futures interactions avec notre site web.[\/vc_column_text][vc_empty_space height=\u00a0\u00bb31px\u00a0\u00bb][\/vc_column][\/vc_row][vc_row][vc_column][vc_column_text]<\/p>\n<h3>Quels types de cookies utilisons-nous?<\/h3>\n<p><strong>Essentiels<\/strong>: Certains cookies sont essentiels pour que vous puissiez profiter de toutes les fonctionnalit\u00e9s de notre site. Ils nous permettent de maintenir les sessions utilisateurs et de pr\u00e9venir toute menace \u00e0 la s\u00e9curit\u00e9. Ils ne collectent ni ne stockent aucune information personnelle. Par exemple, ces cookies vous permettent de vous connecter \u00e0 votre compte et ajouter des produits \u00e0 votre panier et de passer \u00e0 la caisse en toute s\u00e9curit\u00e9.<\/p>\n<p><strong>Statistiques<\/strong>: Ces cookies stockent des informations telles que le nombre de visiteurs du site web, le nombre de visiteurs uniques, les pages du site web qui ont \u00e9t\u00e9 visit\u00e9es, la source de la visite, etc. Ces donn\u00e9es nous aident \u00e0 comprendre et \u00e0 analyser les performances du site web et les points \u00e0 am\u00e9liorer.<\/p>\n<p><strong>Marketing<\/strong>: Ces cookies sont utilis\u00e9s pour personnaliser les publicit\u00e9s que nous vous montrons afin qu\u2019elles soient significatives pour vous. Ces cookies nous aident \u00e9galement \u00e0 suivre l&rsquo;efficacit\u00e9 de ces campagnes publicitaires. Les informations stock\u00e9es dans ces cookies peuvent \u00e9galement \u00eatre utilis\u00e9es par les fournisseurs de publicit\u00e9 tiers pour vous montrer des publicit\u00e9s sur d&rsquo;autres sites web sur le navigateur.<\/p>\n<p><strong>Fonctionnalit\u00e9s<\/strong>: Ce sont les cookies qui aident certaines fonctionnalit\u00e9s non essentielles sur notre site web. Ces fonctionnalit\u00e9s comprennent l&rsquo;int\u00e9gration de contenus comme des vid\u00e9os ou le partage de contenus du site web sur des plateformes de m\u00e9dias sociaux.<\/p>\n<p><strong>Pr\u00e9f\u00e9rences<\/strong>: Ces cookies nous aident \u00e0 stocker vos param\u00e8tres et vos pr\u00e9f\u00e9rences de navigation, comme la langue, afin que vous ayez une exp\u00e9rience meilleure et plus efficace lors de vos prochaines visites sur le site web.<br \/>\n<p>La liste ci-dessous d\u00e9taille les cookies utilis\u00e9s sur notre site Web.<\/p><table class=\"cookielawinfo-row-cat-table cookielawinfo-classic\"><thead><tr><th class=\"cookielawinfo-column-1\">Cookie<\/th><th class=\"cookielawinfo-column-4\">Description<\/th><\/tr><\/thead><tbody><tr class=\"cookielawinfo-row\"><td class=\"cookielawinfo-column-1\">CONSENT<\/td><td class=\"cookielawinfo-column-4\">YouTube sets this cookie via embedded youtube-videos and registers anonymous statistical data.<\/td><\/tr><tr class=\"cookielawinfo-row\"><td class=\"cookielawinfo-column-1\">cookielawinfo-checkbox-analytics<\/td><td class=\"cookielawinfo-column-4\">This cookie is set by GDPR Cookie Consent plugin. The cookie is used to store the user consent for the cookies in the category \"Analytics\".<\/td><\/tr><tr class=\"cookielawinfo-row\"><td class=\"cookielawinfo-column-1\">cookielawinfo-checkbox-functional<\/td><td class=\"cookielawinfo-column-4\">The cookie is set by GDPR cookie consent to record the user consent for the cookies in the category \"Functional\".<\/td><\/tr><tr class=\"cookielawinfo-row\"><td class=\"cookielawinfo-column-1\">cookielawinfo-checkbox-necessary<\/td><td class=\"cookielawinfo-column-4\">This cookie is set by GDPR Cookie Consent plugin. The cookies is used to store the user consent for the cookies in the category \"Necessary\".<\/td><\/tr><tr class=\"cookielawinfo-row\"><td class=\"cookielawinfo-column-1\">cookielawinfo-checkbox-others<\/td><td class=\"cookielawinfo-column-4\">This cookie is set by GDPR Cookie Consent plugin. The cookie is used to store the user consent for the cookies in the category \"Other.<\/td><\/tr><tr class=\"cookielawinfo-row\"><td class=\"cookielawinfo-column-1\">cookielawinfo-checkbox-performance<\/td><td class=\"cookielawinfo-column-4\">This cookie is set by GDPR Cookie Consent plugin. The cookie is used to store the user consent for the cookies in the category \"Performance\".<\/td><\/tr><tr class=\"cookielawinfo-row\"><td class=\"cookielawinfo-column-1\">viewed_cookie_policy<\/td><td class=\"cookielawinfo-column-4\">The cookie is set by the GDPR Cookie Consent plugin and is used to store whether or not user has consented to the use of cookies. It does not store any personal data.<\/td><\/tr><tr class=\"cookielawinfo-row\"><td class=\"cookielawinfo-column-1\">VISITOR_INFO1_LIVE<\/td><td class=\"cookielawinfo-column-4\">A cookie set by YouTube to measure bandwidth that determines whether the user gets the new or old player interface.<\/td><\/tr><tr class=\"cookielawinfo-row\"><td class=\"cookielawinfo-column-1\">wp-wpml_current_language<\/td><td class=\"cookielawinfo-column-4\">No description available.<\/td><\/tr><tr class=\"cookielawinfo-row\"><td class=\"cookielawinfo-column-1\">YSC<\/td><td class=\"cookielawinfo-column-4\">YSC cookie is set by Youtube and is used to track the views of embedded videos on Youtube pages.<\/td><\/tr><tr class=\"cookielawinfo-row\"><td class=\"cookielawinfo-column-1\">yt-remote-connected-devices<\/td><td class=\"cookielawinfo-column-4\">YouTube sets this cookie to store the video preferences of the user using embedded YouTube video.<\/td><\/tr><tr class=\"cookielawinfo-row\"><td class=\"cookielawinfo-column-1\">yt-remote-device-id<\/td><td class=\"cookielawinfo-column-4\">YouTube sets this cookie to store the video preferences of the user using embedded YouTube video.<\/td><\/tr><tr class=\"cookielawinfo-row\"><td class=\"cookielawinfo-column-1\">yt.innertube::nextId<\/td><td class=\"cookielawinfo-column-4\">This cookie, set by YouTube, registers a unique ID to store data on what videos from YouTube the user has seen.<\/td><\/tr><tr class=\"cookielawinfo-row\"><td class=\"cookielawinfo-column-1\">yt.innertube::requests<\/td><td class=\"cookielawinfo-column-4\">This cookie, set by YouTube, registers a unique ID to store data on what videos from YouTube the user has seen.<\/td><\/tr><tr class=\"cookielawinfo-row\"><td class=\"cookielawinfo-column-1\">_ga<\/td><td class=\"cookielawinfo-column-4\">The _ga cookie, installed by Google Analytics, calculates visitor, session and campaign data and also keeps track of site usage for the site's analytics report. The cookie stores information anonymously and assigns a randomly generated number to recognize unique visitors.<\/td><\/tr><tr class=\"cookielawinfo-row\"><td class=\"cookielawinfo-column-1\">_ga_HNCSJ2JTL9<\/td><td class=\"cookielawinfo-column-4\">This cookie is installed by Google Analytics.<\/td><\/tr><\/tbody><\/table>[\/vc_column_text][vc_empty_space height=\u00a0\u00bb31px\u00a0\u00bb][\/vc_column][\/vc_row][vc_row][vc_column][vc_column_text]<\/p>\n<h3>Comment puis-je contr\u00f4ler les pr\u00e9f\u00e9rences en mati\u00e8re de cookies?<\/h3>\n<p>Si vous d\u00e9cidez de modifier vos pr\u00e9f\u00e9rences ult\u00e9rieurement au cours de votre session de navigation, vous pouvez cliquer sur le bouton \u00ab Gestion des cookies \u00bb en bas \u00e0 gauche sur votre \u00e9cran. L&rsquo;avis de consentement s&rsquo;affichera \u00e0 nouveau, vous permettant de modifier vos pr\u00e9f\u00e9rences ou de retirer votre consentement.<\/p>\n<p>En plus de cela, divers navigateurs proposent diff\u00e9rentes m\u00e9thodes pour bloquer et supprimer les cookies utilis\u00e9s par les sites web. Vous pouvez modifier les param\u00e8tres de votre navigateur pour bloquer\/supprimer les cookies. Pour en savoir plus sur la mani\u00e8re de g\u00e9rer et de supprimer les cookies, consultez le site: wikipedia.org, www.allaboutcookies.org.[\/vc_column_text][vc_empty_space height=\u00a0\u00bb31px\u00a0\u00bb][\/vc_column][\/vc_row][vc_row][vc_column][vc_column_text]<\/p>\n<div class=\"cli_pg_page_contaner\">\n<div><\/div>\n<div><\/div>\n<div><\/div>\n<div><\/div>\n<div><\/div>\n<\/div>\n<p>[\/vc_column_text][\/vc_column][\/vc_row]<\/p>\n","protected":false},"excerpt":{"rendered":"<p>[vc_row][vc_column][vc_column_text] Informations sur la politique en mati\u00e8re de cookies Cette politique en mati\u00e8re de cookies explique ce que sont les cookies et comment nous les utilisons, les types de cookies que nous utilisons, les informations que nous collectons \u00e0 l&rsquo;aide des cookies, comment ces informations sont utilis\u00e9es et comment contr\u00f4ler vos pr\u00e9f\u00e9rences en mati\u00e8re de&hellip;<\/p>\n","protected":false},"author":12,"featured_media":0,"parent":0,"menu_order":0,"comment_status":"closed","ping_status":"closed","template":"","meta":[],"aioseo_notices":[],"_links":{"self":[{"href":"https:\/\/mbconveyors.com\/fr\/wp-json\/wp\/v2\/pages\/15607"}],"collection":[{"href":"https:\/\/mbconveyors.com\/fr\/wp-json\/wp\/v2\/pages"}],"about":[{"href":"https:\/\/mbconveyors.com\/fr\/wp-json\/wp\/v2\/types\/page"}],"author":[{"embeddable":true,"href":"https:\/\/mbconveyors.com\/fr\/wp-json\/wp\/v2\/users\/12"}],"replies":[{"embeddable":true,"href":"https:\/\/mbconveyors.com\/fr\/wp-json\/wp\/v2\/comments?post=15607"}],"version-history":[{"count":3,"href":"https:\/\/mbconveyors.com\/fr\/wp-json\/wp\/v2\/pages\/15607\/revisions"}],"predecessor-version":[{"id":15611,"href":"https:\/\/mbconveyors.com\/fr\/wp-json\/wp\/v2\/pages\/15607\/revisions\/15611"}],"wp:attachment":[{"href":"https:\/\/mbconveyors.com\/fr\/wp-json\/wp\/v2\/media?parent=15607"}],"curies":[{"name":"wp","href":"https:\/\/api.w.org\/{rel}","templated":true}]}}