{"id":6144,"date":"2017-12-15T18:34:42","date_gmt":"2017-12-15T17:34:42","guid":{"rendered":"https:\/\/mbconveyors.com\/?page_id=6144"},"modified":"2021-04-29T11:50:07","modified_gmt":"2021-04-29T09:50:07","slug":"log-in","status":"publish","type":"page","link":"https:\/\/mbconveyors.com\/fr\/log-in\/","title":{"rendered":"Log In"},"content":{"rendered":"<p>[vc_row][vc_column][vc_empty_space][\/vc_column][\/vc_row][vc_row][vc_column width=\u00a0\u00bb1\/2&Prime;][vc_column_text]<\/p>\n<h3>Enregistrez-vous<\/h3>\n<p>[\/vc_column_text]<div class=\"pc_aligned_form pc_falign_left\"><form id=\"pc_rf_6a06fe312db5c\" class=\"pvtcont_form pc_registration_form pc_one_col_form \"  data-pc_redirect=\"\/fr\/documentation-commerciale\/\" data-form-pag=\"1\" data-form-id=\"==QNwYTOzIzM0gzM\" novalidate><fieldset class=\"pc_form_flist pc_f_pag_1  \">                    <section class=\"pc_form_field pc_text_ftype pc_f_name\" data-fname=\"name\">                        <label>Pr\u00e8nom <sup class=\"pc_req_field\">&#10033;<\/sup><\/label>                        <div class=\"pc_field_container\">                                                        <input type=\"text\" name=\"name\" value=\"\" maxlength=\"150\" required=\"required\"  autocomplete=\"off\"  \/>                                                    <\/div>                    <\/section>                    <section class=\"pc_form_field pc_text_ftype pc_f_surname\" data-fname=\"surname\">                        <label>Nom <sup class=\"pc_req_field\">&#10033;<\/sup><\/label>                        <div class=\"pc_field_container\">                                                        <input type=\"text\" name=\"surname\" value=\"\" maxlength=\"150\" required=\"required\"  autocomplete=\"off\"  \/>                                                    <\/div>                    <\/section>                    <section class=\"pc_form_field pc_text_ftype pc_f_username\" data-fname=\"username\">                        <label>Identifiant <sup class=\"pc_req_field\">&#10033;<\/sup><\/label>                        <div class=\"pc_field_container\">                                                        <input type=\"text\" name=\"username\" value=\"\" maxlength=\"150\" required=\"required\"  autocomplete=\"off\"  \/>                                                    <\/div>                    <\/section>                    <section class=\"pc_form_field pc_password_ftype pc_f_psw\" data-fname=\"psw\">                        <label>                            Mot de passe <sup class=\"pc_req_field\">&#10033;<\/sup>                        <\/label>                        <div class=\"pc_field_container\">                                                        <input type=\"password\" name=\"psw\"  value=\"\" minlength=\"8\" maxlength=\"50\" autocapitalize=\"off\" autocomplete=\"new-password\" autocorrect=\"off\" required=\"required\" \/>                                                    <\/div>                    <\/section>                        <section class=\"pc_form_field pc_password_ftype pc_f_psw pc_psw_confirm \" data-fname=\"psw\">                            <label>R\u00e9p\u00e9ter le mot de passe  <sup class=\"pc_req_field\">&#10033;<\/sup><\/label>                            <div class=\"pc_field_container\">                                                                <input type=\"password\" name=\"check_psw\" value=\"\" minlength=\"8\" maxlength=\"50\" autocapitalize=\"off\" autocomplete=\"new-password\" autocorrect=\"off\" required=\"required\" placeholder=\"Ripeti password\" \/>                            <\/div>                        <\/section>                    <section class=\"pc_form_field pc_text_ftype pc_f_email pc_email_subtype\" data-fname=\"email\">                        <label>Courriel <sup class=\"pc_req_field\">&#10033;<\/sup><\/label>                        <div class=\"pc_field_container\">                                                        <input type=\"email\" name=\"email\" value=\"\" maxlength=\"255\" required=\"required\"  autocomplete=\"off\"  \/>                                                    <\/div>                    <\/section>                    <section class=\"pc_form_field pc_text_ftype pc_f_tel\" data-fname=\"tel\">                        <label>T\u00e9l\u00e9phone<\/label>                        <div class=\"pc_field_container\">                                                        <input type=\"text\" name=\"tel\" value=\"\" maxlength=\"20\"   autocomplete=\"off\"  \/>                                                    <\/div>                    <\/section><div class=\"pc_hnpt_code\"><input type=\"text\" name=\"pc_hnpt_1\" value=\"\" autocomplete=\"off\" \/><input type=\"text\" name=\"pc_hnpt_2\" value=\"1354594\" autocomplete=\"off\" required \/><input type=\"text\" name=\"pc_hnpt_3\" value=\"7708760531\" autocomplete=\"off\" required \/><\/div><section class=\"pc_disclaimer_f_sep pc_fullw_field\"><\/section>                        <section class=\"pc_disclaimer_f pc_fullw_field pc_form_field pc_single_checkbox_ftype pc_f_pc_disclaimer\" data-fname=\"pc_disclaimer\">                            <input type=\"checkbox\" name=\"pc_disclaimer\" value=\"1\"  required=\"required\" autocomplete=\"off\" \/>                            <div class=\"pc_disclaimer_ftxt\">Ho letto e accettato le condizioni politica privacy<\/div>                        <\/section><\/fieldset><div class=\"pc_form_response pc_reg_message\"><\/div><button class=\"pc_reg_btn  \" type=\"submit\">                <span class=\"pc_inner_btn\">Soumettre<\/span>            <\/button><\/form><\/div>[\/vc_column][vc_column width=\u00a0\u00bb1\/2&Prime;][vc_column_text]<\/p>\n<h3>Si vous \u00eates d\u00e9j\u00e0 inscrit<\/h3>\n<p>[\/vc_column_text]<div class=\"pc_aligned_form pc_falign_left\"><form class=\"pc_login_form pc_rm_login  pc_lf_long_labels pc_forced_lf_long_labels  has_pcma_psw_recovery\" data-pc_redirect=\"\/fr\/documentation-commerciale\/\"><div class=\"pc_login_row pc_lf_username \"><label>Nom d&#039;utilisateur ou courriel<\/label><div class=\"pc_field_container\"><input type=\"text\" name=\"pc_auth_username\" value=\"\"  autocapitalize=\"off\" autocomplete=\"off\" autocorrect=\"off\" aria-label=\"Nom d&#039;utilisateur ou courriel\" maxlength=\"150\" \/><\/div><\/div><div class=\"pc_login_row pc_lf_psw \"><label>Mot de passe<\/label><div class=\"pc_field_container\"><input type=\"password\" name=\"pc_auth_psw\" value=\"\"  autocapitalize=\"off\" autocomplete=\"off\" autocorrect=\"off\" aria-label=\"Mot de passe\" \/><\/div><\/div><div class=\"pc_hnpt_code\"><input type=\"text\" name=\"pc_hnpt_1\" value=\"\" autocomplete=\"off\" \/><input type=\"text\" name=\"pc_hnpt_2\" value=\"1093551\" autocomplete=\"off\" required \/><input type=\"text\" name=\"pc_hnpt_3\" value=\"4307140531\" autocomplete=\"off\" required \/><\/div>        <div class=\"pc_lf_subfields\">            <div class=\"pc_login_smalls\">                <div class=\"pc_login_remember_me\">                    <input type=\"checkbox\" name=\"pc_remember_me\" value=\"1\" autocomplete=\"off\" aria-label=\"se souvenir de moi\" \/>                    <small>se souvenir de moi<\/small>                <\/div><small class=\"pcma_psw_recovery_trigger\">mot de passe oubli\u00e9?<\/small><\/div>            <div id=\"pc_auth_message\"><\/div>        <\/div>            <button class=\"pc_auth_btn\" type=\"submit\">            <span class=\"pc_inner_btn\">Connexion<\/span>        <\/button>        <div class=\"pcma_psw_recovery_wrap pc_displaynone\">            <div class=\"pc_login_row \">                <label>Entrer votre nom d'utilisateur ou votre e-mail<\/label>                <div class=\"pc_field_container\">                                        <input type=\"text\" name=\"pcma_psw_username\" class=\"pcma_psw_username\" value=\"\"  autocomplete=\"off\" \/>                <\/div>            <\/div>                        <div class=\"pc_lf_subfields\">                <div class=\"pc_login_smalls\">                    <small class=\"pcma_del_recovery\">Retour au formulaire de connexion<\/small>                <\/div>                <div class=\"pcma_psw_recovery_message\"><\/div>            <\/div>                        <button class=\"pcma_do_recovery\" type=\"button\">                <span class=\"pc_inner_btn\">R\u00e9cup\u00e9rer<\/span>            <\/button>        <\/div><\/form>    <script type=\"text\/javascript\">    (function() {         \"use strict\";        const intval = setInterval(() => {            if(typeof(pc_lf_overlapping_smalls_check) == \"undefined\") {                return true;            }            else {                clearTimeout(intval);                window.pc_lf_overlapping_smalls_check();            }        }, 50);    })();    <\/script><\/div>[vc_row_inner][vc_column_inner][\/vc_column_inner][\/vc_row_inner][\/vc_column][\/vc_row]<\/p>\n","protected":false},"excerpt":{"rendered":"<p>[vc_row][vc_column][vc_empty_space][\/vc_column][\/vc_row][vc_row][vc_column width=\u00a0\u00bb1\/2&Prime;][vc_column_text] Enregistrez-vous [\/vc_column_text][\/vc_column][vc_column width=\u00a0\u00bb1\/2&Prime;][vc_column_text] Si vous \u00eates d\u00e9j\u00e0 inscrit [\/vc_column_text][vc_row_inner][vc_column_inner][\/vc_column_inner][\/vc_row_inner][\/vc_column][\/vc_row]<\/p>\n","protected":false},"author":6,"featured_media":0,"parent":0,"menu_order":0,"comment_status":"closed","ping_status":"closed","template":"","meta":[],"aioseo_notices":[],"_links":{"self":[{"href":"https:\/\/mbconveyors.com\/fr\/wp-json\/wp\/v2\/pages\/6144"}],"collection":[{"href":"https:\/\/mbconveyors.com\/fr\/wp-json\/wp\/v2\/pages"}],"about":[{"href":"https:\/\/mbconveyors.com\/fr\/wp-json\/wp\/v2\/types\/page"}],"author":[{"embeddable":true,"href":"https:\/\/mbconveyors.com\/fr\/wp-json\/wp\/v2\/users\/6"}],"replies":[{"embeddable":true,"href":"https:\/\/mbconveyors.com\/fr\/wp-json\/wp\/v2\/comments?post=6144"}],"version-history":[{"count":1,"href":"https:\/\/mbconveyors.com\/fr\/wp-json\/wp\/v2\/pages\/6144\/revisions"}],"predecessor-version":[{"id":14060,"href":"https:\/\/mbconveyors.com\/fr\/wp-json\/wp\/v2\/pages\/6144\/revisions\/14060"}],"wp:attachment":[{"href":"https:\/\/mbconveyors.com\/fr\/wp-json\/wp\/v2\/media?parent=6144"}],"curies":[{"name":"wp","href":"https:\/\/api.w.org\/{rel}","templated":true}]}}