{"id":8854,"date":"2019-01-18T11:26:07","date_gmt":"2019-01-18T10:26:07","guid":{"rendered":"https:\/\/mbconveyors.com\/documentation-technique\/"},"modified":"2026-03-21T18:27:22","modified_gmt":"2026-03-21T17:27:22","slug":"documentation-commerciale","status":"publish","type":"page","link":"https:\/\/mbconveyors.com\/fr\/documentation-commerciale\/","title":{"rendered":"Documentation commerciale"},"content":{"rendered":"","protected":false},"excerpt":{"rendered":"<p>[vc_row][vc_column][vc_empty_space][vc_column_text] Dans cette section, vous pouvez t\u00e9l\u00e9charger la documentation commerciale disponible pour les utilisateurs enregistr\u00e9s [\/vc_column_text][\/vc_column][\/vc_row][vc_row][vc_column][vc_empty_space][vc_column_text] Manuel des produits [\/vc_column_text][vc_row_inner][vc_column_inner width=\u00a0\u00bb1\/4&Prime;]MANUEL DES PRODUITS ITA 2025-10[\/vc_column_inner][vc_column_inner width=\u00a0\u00bb1\/4&Prime;]MANUEL DES PRODUITS ENG 2025-10[\/vc_column_inner][vc_column_inner width=\u00a0\u00bb1\/4&Prime;]MANUEL DES PRODUITS DEU 2025-10[\/vc_column_inner][vc_column_inner width=\u00a0\u00bb1\/4&Prime;][\/vc_column_inner][\/vc_row_inner][\/vc_column][\/vc_row][vc_row][vc_column][vc_empty_space][vc_column_text] Product Overview [\/vc_column_text][vc_row_inner disable_element=\u00a0\u00bbyes\u00a0\u00bb][vc_column_inner width=\u00a0\u00bb1\/5&Prime;]CATALOGO ITA[\/vc_column_inner][vc_column_inner width=\u00a0\u00bb1\/5&Prime;]CATALOGO ENG[\/vc_column_inner][vc_column_inner width=\u00a0\u00bb1\/5&Prime;]CATALOGO FRA[\/vc_column_inner][vc_column_inner width=\u00a0\u00bb1\/5&Prime;]CATALOGO DEU[\/vc_column_inner][vc_column_inner width=\u00a0\u00bb1\/5&Prime;][\/vc_column_inner][\/vc_row_inner][vc_row_inner][vc_column_inner width=\u00a0\u00bb1\/4&Prime;]PRODUCT OVERVIEW ITA 2022-09[\/vc_column_inner][vc_column_inner width=\u00a0\u00bb1\/4&Prime;]PRODUCT OVERVIEW&hellip;<\/p>\n","protected":false},"author":11,"featured_media":0,"parent":0,"menu_order":0,"comment_status":"closed","ping_status":"closed","template":"","meta":[],"aioseo_notices":[],"_links":{"self":[{"href":"https:\/\/mbconveyors.com\/fr\/wp-json\/wp\/v2\/pages\/8854"}],"collection":[{"href":"https:\/\/mbconveyors.com\/fr\/wp-json\/wp\/v2\/pages"}],"about":[{"href":"https:\/\/mbconveyors.com\/fr\/wp-json\/wp\/v2\/types\/page"}],"author":[{"embeddable":true,"href":"https:\/\/mbconveyors.com\/fr\/wp-json\/wp\/v2\/users\/11"}],"replies":[{"embeddable":true,"href":"https:\/\/mbconveyors.com\/fr\/wp-json\/wp\/v2\/comments?post=8854"}],"version-history":[{"count":14,"href":"https:\/\/mbconveyors.com\/fr\/wp-json\/wp\/v2\/pages\/8854\/revisions"}],"predecessor-version":[{"id":18316,"href":"https:\/\/mbconveyors.com\/fr\/wp-json\/wp\/v2\/pages\/8854\/revisions\/18316"}],"wp:attachment":[{"href":"https:\/\/mbconveyors.com\/fr\/wp-json\/wp\/v2\/media?parent=8854"}],"curies":[{"name":"wp","href":"https:\/\/api.w.org\/{rel}","templated":true}]}}