{"id":9851,"date":"2019-01-30T17:08:50","date_gmt":"2019-01-30T16:08:50","guid":{"rendered":"https:\/\/mbconveyors.com\/plastic-belt\/"},"modified":"2020-06-14T19:01:17","modified_gmt":"2020-06-14T17:01:17","slug":"plastic-belt","status":"publish","type":"page","link":"https:\/\/mbconveyors.com\/fr\/plastic-belt\/","title":{"rendered":"Plastic belt"},"content":{"rendered":"<p>[vc_row equal_height=\u00a0\u00bbyes\u00a0\u00bb css=\u00a0\u00bb.vc_custom_1570705821717{margin-top: 70px !important;margin-bottom: 61px !important;}\u00a0\u00bb][vc_column width=\u00a0\u00bb3\/12&Prime; css=\u00a0\u00bb.vc_custom_1570705630277{margin-top: 0px !important;margin-bottom: 0px !important;padding-top: 0px !important;padding-bottom: 0px !important;}\u00a0\u00bb][vc_single_image image=\u00a0\u00bb7032&Prime; img_size=\u00a0\u00bbfull\u00a0\u00bb css=\u00a0\u00bb.vc_custom_1570705622819{margin-top: 0px !important;margin-bottom: 0px !important;padding-top: 0px !important;padding-bottom: 0px !important;}\u00a0\u00bb][\/vc_column][vc_column width=\u00a0\u00bb4\/12&Prime; css=\u00a0\u00bb.vc_custom_1543486482642{padding-right: 30px !important;padding-left: 30px !important;background-color: #eaeaea !important;}\u00a0\u00bb]<div id=\"ultimate-heading-57946a06f33ec00f9\" class=\"uvc-heading ult-adjust-bottom-margin ultimate-heading-57946a06f33ec00f9 uvc-7974 \" data-hspacer=\"no_spacer\"  data-halign=\"left\" style=\"text-align:left\"><div class=\"uvc-heading-spacer no_spacer\" style=\"top\"><\/div><div class=\"uvc-main-heading ult-responsive\"  data-ultimate-target='.uvc-heading.ultimate-heading-57946a06f33ec00f9 h2'  data-responsive-json-new='{\"font-size\":\"desktop:32px;\",\"line-height\":\"desktop:46px;\"}' ><h2 style=\"font-weight:bold;margin-bottom:15px;\">mission<\/h2><\/div><\/div><div class=\"uavc-list-icon uavc-list-icon-wrapper ult-adjust-bottom-margin   \"><ul class=\"uavc-list\"><li><div class=\"uavc-list-content\" id=\"list-icon-wrap-5453\">\n<div class=\"uavc-list-icon  \" data-animation=\"\" data-animation-delay=\"03\" style=\"margin-right:12px;\"><div class=\"ult-just-icon-wrapper  \"><div class=\"align-icon\" style=\"text-align:center;\">\n<div class=\"aio-icon none \"  style=\"color:#954b97;font-size:20px;display:inline-block;\">\n\t<i class=\"Defaults-circle-o\"><\/i>\n<\/div><\/div><\/div>\n<\/div><span  data-ultimate-target='#list-icon-wrap-5453 .uavc-list-desc'  data-responsive-json-new='{\"font-size\":\"\",\"line-height\":\"\"}'  class=\"uavc-list-desc ult-responsive\" style=\"\">Transport de produits tr\u00e8s chauds (jusqu&rsquo;\u00e0 130\u00b0C) ou de produits particuli\u00e8rement petits ou coupants<\/span><\/div><\/li><li><div class=\"uavc-list-content\" id=\"list-icon-wrap-2075\">\n<div class=\"uavc-list-icon  \" data-animation=\"\" data-animation-delay=\"03\" style=\"margin-right:12px;\"><div class=\"ult-just-icon-wrapper  \"><div class=\"align-icon\" style=\"text-align:center;\">\n<div class=\"aio-icon none \"  style=\"color:#954b97;font-size:20px;display:inline-block;\">\n\t<i class=\"Defaults-circle-o\"><\/i>\n<\/div><\/div><\/div>\n<\/div><span  data-ultimate-target='#list-icon-wrap-2075 .uavc-list-desc'  data-responsive-json-new='{\"font-size\":\"\",\"line-height\":\"\"}'  class=\"uavc-list-desc ult-responsive\" style=\"\">Pr\u00e9sence de charges \u00e9lectrostatiques<\/span><\/div><\/li><li><div class=\"uavc-list-content\" id=\"list-icon-wrap-1786\">\n<div class=\"uavc-list-icon  \" data-animation=\"\" data-animation-delay=\"03\" style=\"margin-right:12px;\"><div class=\"ult-just-icon-wrapper  \"><div class=\"align-icon\" style=\"text-align:center;\">\n<div class=\"aio-icon none \"  style=\"color:#954b97;font-size:20px;display:inline-block;\">\n\t<i class=\"Defaults-circle-o\"><\/i>\n<\/div><\/div><\/div>\n<\/div><span  data-ultimate-target='#list-icon-wrap-1786 .uavc-list-desc'  data-responsive-json-new='{\"font-size\":\"\",\"line-height\":\"\"}'  class=\"uavc-list-desc ult-responsive\" style=\"\">Favoriser le refroidissement du produit<\/span><\/div><\/li><\/ul><\/div>[\/vc_column][vc_column width=\u00a0\u00bb1\/12&Prime;][vc_empty_space height=\u00a0\u00bb90px\u00a0\u00bb][vc_icon icon_fontawesome=\u00a0\u00bbfa fa-arrow-right\u00a0\u00bb color=\u00a0\u00bbcustom\u00a0\u00bb size=\u00a0\u00bbxl\u00a0\u00bb align=\u00a0\u00bbcenter\u00a0\u00bb custom_color=\u00a0\u00bb#954b97&Prime;][\/vc_column][vc_column width=\u00a0\u00bb4\/12&Prime; css=\u00a0\u00bb.vc_custom_1543486417321{padding-right: 30px !important;padding-left: 30px !important;background-color: #eaeaea !important;}\u00a0\u00bb]<div id=\"ultimate-heading-3006a06f33ec0350\" class=\"uvc-heading ult-adjust-bottom-margin ultimate-heading-3006a06f33ec0350 uvc-7762 \" data-hspacer=\"no_spacer\"  data-halign=\"left\" style=\"text-align:left\"><div class=\"uvc-heading-spacer no_spacer\" style=\"top\"><\/div><div class=\"uvc-main-heading ult-responsive\"  data-ultimate-target='.uvc-heading.ultimate-heading-3006a06f33ec0350 h2'  data-responsive-json-new='{\"font-size\":\"desktop:32px;\",\"line-height\":\"desktop:46px;\"}' ><h2 style=\"font-weight:bold;margin-bottom:15px;\">solution<\/h2><\/div><\/div><div class=\"uavc-list-icon uavc-list-icon-wrapper ult-adjust-bottom-margin   \"><ul class=\"uavc-list\"><li><div class=\"uavc-list-content\" id=\"list-icon-wrap-9790\">\n<div class=\"uavc-list-icon  \" data-animation=\"\" data-animation-delay=\"03\" style=\"margin-right:12px;\"><div class=\"ult-just-icon-wrapper  \"><div class=\"align-icon\" style=\"text-align:center;\">\n<div class=\"aio-icon none \"  style=\"color:#954b97;font-size:20px;display:inline-block;\">\n\t<i class=\"Defaults-circle-o\"><\/i>\n<\/div><\/div><\/div>\n<\/div><span  data-ultimate-target='#list-icon-wrap-9790 .uavc-list-desc'  data-responsive-json-new='{\"font-size\":\"\",\"line-height\":\"\"}'  class=\"uavc-list-desc ult-responsive\" style=\"\">Convoyeurs \u00e0 tablier plastique brevet\u00e9 MB<\/span><\/div><\/li><li><div class=\"uavc-list-content\" id=\"list-icon-wrap-4706\">\n<div class=\"uavc-list-icon  \" data-animation=\"\" data-animation-delay=\"03\" style=\"margin-right:12px;\"><div class=\"ult-just-icon-wrapper  \"><div class=\"align-icon\" style=\"text-align:center;\">\n<div class=\"aio-icon none \"  style=\"color:#954b97;font-size:20px;display:inline-block;\">\n\t<i class=\"Defaults-circle-o\"><\/i>\n<\/div><\/div><\/div>\n<\/div><span  data-ultimate-target='#list-icon-wrap-4706 .uavc-list-desc'  data-responsive-json-new='{\"font-size\":\"\",\"line-height\":\"\"}'  class=\"uavc-list-desc ult-responsive\" style=\"\">Convoyeurs \u00e0 tablier plastique perfor\u00e9 brevet\u00e9 MB<\/span><\/div><\/li><\/ul><\/div>[\/vc_column][\/vc_row][vc_row][vc_column width=\u00a0\u00bb1\/2&Prime;][vc_single_image image=\u00a0\u00bb7501&Prime; img_size=\u00a0\u00bbfull\u00a0\u00bb][\/vc_column][vc_column width=\u00a0\u00bb1\/2&Prime;]<div id=\"ultimate-heading-73296a06f33ec04a8\" class=\"uvc-heading ult-adjust-bottom-margin ultimate-heading-73296a06f33ec04a8 uvc-6981 \" data-hspacer=\"line_only\"  data-halign=\"left\" style=\"text-align:left\"><div class=\"uvc-main-heading ult-responsive\"  data-ultimate-target='.uvc-heading.ultimate-heading-73296a06f33ec04a8 h2'  data-responsive-json-new='{\"font-size\":\"desktop:30px;\",\"line-height\":\"\"}' ><h2 style=\"font-family:&#039;Open Sans Condensed&#039;;font-style:italic;font-weight:700;\">PRINCIPALES CARACTERISTIQUES<\/h2><\/div><div class=\"uvc-heading-spacer line_only\" style=\"topheight:1px;\"><span class=\"uvc-headings-line\" style=\"border-style:solid;border-bottom-width:1px;border-color:#ccc;width:250px;\"><\/span><\/div><\/div>[vc_empty_space height=\u00a0\u00bb20px\u00a0\u00bb]<div class=\"uavc-list-icon uavc-list-icon-wrapper ult-adjust-bottom-margin   \"><ul class=\"uavc-list\"><li><div class=\"uavc-list-content\" id=\"list-icon-wrap-2334\">\n<div class=\"uavc-list-icon  \" data-animation=\"\" data-animation-delay=\"03\" style=\"margin-right:12px;\"><div class=\"ult-just-icon-wrapper  \"><div class=\"align-icon\" style=\"text-align:center;\">\n<div class=\"aio-icon none \"  style=\"color:#954b97;font-size:20px;display:inline-block;\">\n\t<i class=\"Defaults-circle-o\"><\/i>\n<\/div><\/div><\/div>\n<\/div><span  data-ultimate-target='#list-icon-wrap-2334 .uavc-list-desc'  data-responsive-json-new='{\"font-size\":\"\",\"line-height\":\"\"}'  class=\"uavc-list-desc ult-responsive\" style=\"\">Le bord lat\u00e9ral de retenue ne s\u2019ouvre pas pendant la rotation de la bande plastique sur les pignons d\u2019entra\u00eenement<\/span><\/div><\/li><li><div class=\"uavc-list-content\" id=\"list-icon-wrap-9169\">\n<div class=\"uavc-list-icon  \" data-animation=\"\" data-animation-delay=\"03\" style=\"margin-right:12px;\"><div class=\"ult-just-icon-wrapper  \"><div class=\"align-icon\" style=\"text-align:center;\">\n<div class=\"aio-icon none \"  style=\"color:#954b97;font-size:20px;display:inline-block;\">\n\t<i class=\"Defaults-circle-o\"><\/i>\n<\/div><\/div><\/div>\n<\/div><span  data-ultimate-target='#list-icon-wrap-9169 .uavc-list-desc'  data-responsive-json-new='{\"font-size\":\"\",\"line-height\":\"\"}'  class=\"uavc-list-desc ult-responsive\" style=\"\">La surface de contact de la bande est l\u00e9g\u00e8rement gaufr\u00e9e.<\/span><\/div><\/li><li><div class=\"uavc-list-content\" id=\"list-icon-wrap-1830\">\n<div class=\"uavc-list-icon  \" data-animation=\"\" data-animation-delay=\"03\" style=\"margin-right:12px;\"><div class=\"ult-just-icon-wrapper  \"><div class=\"align-icon\" style=\"text-align:center;\">\n<div class=\"aio-icon none \"  style=\"color:#954b97;font-size:20px;display:inline-block;\">\n\t<i class=\"Defaults-circle-o\"><\/i>\n<\/div><\/div><\/div>\n<\/div><span  data-ultimate-target='#list-icon-wrap-1830 .uavc-list-desc'  data-responsive-json-new='{\"font-size\":\"\",\"line-height\":\"\"}'  class=\"uavc-list-desc ult-responsive\" style=\"\">Bande plastique en PA6 charg\u00e9e en fibre de verre.<\/span><\/div><\/li><li><div class=\"uavc-list-content\" id=\"list-icon-wrap-1202\">\n<div class=\"uavc-list-icon  \" data-animation=\"\" data-animation-delay=\"03\" style=\"margin-right:12px;\"><div class=\"ult-just-icon-wrapper  \"><div class=\"align-icon\" style=\"text-align:center;\">\n<div class=\"aio-icon none \"  style=\"color:#954b97;font-size:20px;display:inline-block;\">\n\t<i class=\"Defaults-circle-o\"><\/i>\n<\/div><\/div><\/div>\n<\/div><span  data-ultimate-target='#list-icon-wrap-1202 .uavc-list-desc'  data-responsive-json-new='{\"font-size\":\"\",\"line-height\":\"\"}'  class=\"uavc-list-desc ult-responsive\" style=\"\">Temp\u00e9rature d\u2019utilisation de +1\u00b0C \u00e0 environ +130\u00b0C.<\/span><\/div><\/li><li><div class=\"uavc-list-content\" id=\"list-icon-wrap-5014\">\n<div class=\"uavc-list-icon  \" data-animation=\"\" data-animation-delay=\"03\" style=\"margin-right:12px;\"><div class=\"ult-just-icon-wrapper  \"><div class=\"align-icon\" style=\"text-align:center;\">\n<div class=\"aio-icon none \"  style=\"color:#954b97;font-size:20px;display:inline-block;\">\n\t<i class=\"Defaults-circle-o\"><\/i>\n<\/div><\/div><\/div>\n<\/div><span  data-ultimate-target='#list-icon-wrap-5014 .uavc-list-desc'  data-responsive-json-new='{\"font-size\":\"\",\"line-height\":\"\"}'  class=\"uavc-list-desc ult-responsive\" style=\"\">Tasseaux standard : h 35 ou 45 mm modulaires, pas min. 25 mm.<\/span><\/div><\/li><li><div class=\"uavc-list-content\" id=\"list-icon-wrap-8971\">\n<div class=\"uavc-list-icon  \" data-animation=\"\" data-animation-delay=\"03\" style=\"margin-right:12px;\"><div class=\"ult-just-icon-wrapper  \"><div class=\"align-icon\" style=\"text-align:center;\">\n<div class=\"aio-icon none \"  style=\"color:#954b97;font-size:20px;display:inline-block;\">\n\t<i class=\"Defaults-circle-o\"><\/i>\n<\/div><\/div><\/div>\n<\/div><span  data-ultimate-target='#list-icon-wrap-8971 .uavc-list-desc'  data-responsive-json-new='{\"font-size\":\"\",\"line-height\":\"\"}'  class=\"uavc-list-desc ult-responsive\" style=\"\">Possibilit\u00e9 d\u2019appliquer des tasseaux sp\u00e9ciaux en fonction des besoins du client.<\/span><\/div><\/li><li><div class=\"uavc-list-content\" id=\"list-icon-wrap-3234\">\n<div class=\"uavc-list-icon  \" data-animation=\"\" data-animation-delay=\"03\" style=\"margin-right:12px;\"><div class=\"ult-just-icon-wrapper  \"><div class=\"align-icon\" style=\"text-align:center;\">\n<div class=\"aio-icon none \"  style=\"color:#954b97;font-size:20px;display:inline-block;\">\n\t<i class=\"Defaults-circle-o\"><\/i>\n<\/div><\/div><\/div>\n<\/div><span  data-ultimate-target='#list-icon-wrap-3234 .uavc-list-desc'  data-responsive-json-new='{\"font-size\":\"\",\"line-height\":\"\"}'  class=\"uavc-list-desc ult-responsive\" style=\"\">A= de 175 \u00e0 775 mm (pas 100 mm).<\/span><\/div><\/li><\/ul><\/div>[\/vc_column][\/vc_row][vc_row][vc_column width=\u00a0\u00bb1\/4&Prime;]<div class=\"aio-icon-component    style_1\"><div id=\"Info-box-wrap-5531\" class=\"aio-icon-box default-icon\" style=\"\"  ><div class=\"aio-icon-default\"><div class=\"ult-just-icon-wrapper  \"><div class=\"align-icon\" style=\"text-align:center;\">\n<div class=\"aio-icon none \"  style=\"color:#954b97;font-size:16px;display:inline-block;\">\n\t<i class=\"Defaults-plus\"><\/i>\n<\/div><\/div><\/div><\/div><div class=\"aio-icon-header\" ><h3 class=\"aio-icon-title ult-responsive\"  data-ultimate-target='#Info-box-wrap-5531 .aio-icon-title'  data-responsive-json-new='{\"font-size\":\"desktop:24px;\",\"line-height\":\"\"}'  style=\"font-family:&#039;Open Sans Condensed&#039;;font-style:italic;font-weight:normal;font-style:normal;\">CARACT\u00c9RISTIQUES DIMENSIONNELLES<\/h3><\/div> <!-- header --><\/div> <!-- aio-icon-box --><\/div> <!-- aio-icon-component -->[vc_single_image image=\u00a0\u00bb7506&Prime; img_size=\u00a0\u00bbfull\u00a0\u00bb][\/vc_column][vc_column width=\u00a0\u00bb1\/4&Prime;]<div class=\"aio-icon-component    style_1\"><div id=\"Info-box-wrap-4568\" class=\"aio-icon-box default-icon\" style=\"\"  ><div class=\"aio-icon-default\"><div class=\"ult-just-icon-wrapper  \"><div class=\"align-icon\" style=\"text-align:center;\">\n<div class=\"aio-icon none \"  style=\"color:#954b97;font-size:16px;display:inline-block;\">\n\t<i class=\"Defaults-plus\"><\/i>\n<\/div><\/div><\/div><\/div><div class=\"aio-icon-header\" ><h3 class=\"aio-icon-title ult-responsive\"  data-ultimate-target='#Info-box-wrap-4568 .aio-icon-title'  data-responsive-json-new='{\"font-size\":\"desktop:24px;\",\"line-height\":\"\"}'  style=\"font-family:&#039;Open Sans Condensed&#039;;font-style:italic;font-weight:normal;font-style:normal;\">MODULE 25<\/h3><\/div> <!-- header --><\/div> <!-- aio-icon-box --><\/div> <!-- aio-icon-component -->[vc_single_image image=\u00a0\u00bb7503&Prime; img_size=\u00a0\u00bbfull\u00a0\u00bb][\/vc_column][vc_column width=\u00a0\u00bb1\/4&Prime;]<div class=\"aio-icon-component    style_1\"><div id=\"Info-box-wrap-5026\" class=\"aio-icon-box default-icon\" style=\"\"  ><div class=\"aio-icon-default\"><div class=\"ult-just-icon-wrapper  \"><div class=\"align-icon\" style=\"text-align:center;\">\n<div class=\"aio-icon none \"  style=\"color:#954b97;font-size:16px;display:inline-block;\">\n\t<i class=\"Defaults-plus\"><\/i>\n<\/div><\/div><\/div><\/div><div class=\"aio-icon-header\" ><h3 class=\"aio-icon-title ult-responsive\"  data-ultimate-target='#Info-box-wrap-5026 .aio-icon-title'  data-responsive-json-new='{\"font-size\":\"desktop:24px;\",\"line-height\":\"\"}'  style=\"font-family:&#039;Open Sans Condensed&#039;;font-style:italic;font-weight:normal;font-style:normal;\">MODULE 50<\/h3><\/div> <!-- header --><\/div> <!-- aio-icon-box --><\/div> <!-- aio-icon-component -->[vc_single_image image=\u00a0\u00bb7504&Prime; img_size=\u00a0\u00bbfull\u00a0\u00bb][\/vc_column][vc_column width=\u00a0\u00bb1\/4&Prime;]<div class=\"aio-icon-component    style_1\"><div id=\"Info-box-wrap-4733\" class=\"aio-icon-box default-icon\" style=\"\"  ><div class=\"aio-icon-default\"><div class=\"ult-just-icon-wrapper  \"><div class=\"align-icon\" style=\"text-align:center;\">\n<div class=\"aio-icon none \"  style=\"color:#954b97;font-size:16px;display:inline-block;\">\n\t<i class=\"Defaults-plus\"><\/i>\n<\/div><\/div><\/div><\/div><div class=\"aio-icon-header\" ><h3 class=\"aio-icon-title ult-responsive\"  data-ultimate-target='#Info-box-wrap-4733 .aio-icon-title'  data-responsive-json-new='{\"font-size\":\"desktop:24px;\",\"line-height\":\"\"}'  style=\"font-family:&#039;Open Sans Condensed&#039;;font-style:italic;font-weight:normal;font-style:normal;\">MODULE 100<\/h3><\/div> <!-- header --><\/div> <!-- aio-icon-box --><\/div> <!-- aio-icon-component -->[vc_single_image image=\u00a0\u00bb7505&Prime; img_size=\u00a0\u00bbfull\u00a0\u00bb][\/vc_column][\/vc_row][vc_row][vc_column width=\u00a0\u00bb1\/2&Prime;][vc_single_image image=\u00a0\u00bb7502&Prime; img_size=\u00a0\u00bbfull\u00a0\u00bb][\/vc_column][vc_column width=\u00a0\u00bb1\/2&Prime;]<div id=\"ultimate-heading-37566a06f33ec09f5\" class=\"uvc-heading ult-adjust-bottom-margin ultimate-heading-37566a06f33ec09f5 uvc-8885 \" data-hspacer=\"line_only\"  data-halign=\"left\" style=\"text-align:left\"><div class=\"uvc-main-heading ult-responsive\"  data-ultimate-target='.uvc-heading.ultimate-heading-37566a06f33ec09f5 h2'  data-responsive-json-new='{\"font-size\":\"desktop:30px;\",\"line-height\":\"\"}' ><h2 style=\"font-family:&#039;Open Sans Condensed&#039;;font-style:italic;font-weight:700;\">BANDE PERC\u00c9E BREVET\u00c9E<\/h2><\/div><div class=\"uvc-heading-spacer line_only\" style=\"topheight:1px;\"><span class=\"uvc-headings-line\" style=\"border-style:solid;border-bottom-width:1px;border-color:#ccc;width:250px;\"><\/span><\/div><div class=\"uvc-sub-heading ult-responsive\"  data-ultimate-target='.uvc-heading.ultimate-heading-37566a06f33ec09f5 .uvc-sub-heading '  data-responsive-json-new='{\"font-size\":\"\",\"line-height\":\"\"}'  style=\"font-weight:normal;margin-top:20px;\">On Vous pr\u00e9sente notre nouvelle bande perc\u00e9e brevet\u00e9e, con\u00e7ue pour les syst\u00e8mes de refroidissement. Comme on peut noter sur la photo ci-contre, cette typologie de bande pr\u00e9voit le passage de l\u2019air entre les mailles qui la composent afin de permettre le refroidissement du produit transport\u00e9.<\/div><\/div>[\/vc_column][\/vc_row][vc_row][vc_column][vc_empty_space height=\u00a0\u00bb30px\u00a0\u00bb]<div id=\"ultimate-heading-20466a06f33ec0a38\" class=\"uvc-heading ult-adjust-bottom-margin ultimate-heading-20466a06f33ec0a38 uvc-2848 \" data-hspacer=\"line_only\"  data-halign=\"left\" style=\"text-align:left\"><div class=\"uvc-main-heading ult-responsive\"  data-ultimate-target='.uvc-heading.ultimate-heading-20466a06f33ec0a38 h2'  data-responsive-json-new='{\"font-size\":\"desktop:30px;\",\"line-height\":\"\"}' ><h2 style=\"font-family:&#039;Open Sans Condensed&#039;;font-style:italic;font-weight:700;\">GAMME DE PRODUITS<\/h2><\/div><div class=\"uvc-heading-spacer line_only\" style=\"topheight:1px;\"><span class=\"uvc-headings-line\" style=\"border-style:solid;border-bottom-width:1px;border-color:#ccc;width:250px;\"><\/span><\/div><\/div>[vc_empty_space height=\u00a0\u00bb20px\u00a0\u00bb]<div class=\"dt-shortcode with-isotope\"><div class=\"wf-container dt-portfolio-shortcode loading-effect-fade-in iso-grid description-under-image content-align-left hover-color-static\" data-padding=\"20px\" data-cur-page=\"1\" data-posts-per-page=\"-1\" data-width=\"300px\" data-columns=\"4\">\n<div class=\"wf-cell\" data-post-id=\"8806\" data-date=\"2022-12-05T05:01:03+01:00\" data-name=\"PA TP\">\n<article class=\"post post-8806 dt_portfolio type-dt_portfolio status-publish has-post-thumbnail hentry dt_portfolio_category-plastic-belt-fra dt_portfolio_category-115\">\n\n\t<div class=\"project-list-media\">\n\t<figure class=\"buttons-on-img forward-post\">\n\t\t<a href=\"https:\/\/mbconveyors.com\/fr\/product\/pa-tp\/\" class=\"alignnone rollover layzr-bg\" title=\"MB_PA TP_IMG_preview_r02\"  aria-label=\"Post image\"><img class=\"preload-me iso-lazy-load aspect\" src=\"data:image\/svg+xml,%3Csvg%20xmlns%3D&#39;http%3A%2F%2Fwww.w3.org%2F2000%2Fsvg&#39;%20viewBox%3D&#39;0%200%20270%20180&#39;%2F%3E\" data-src=\"https:\/\/mbconveyors.com\/wp-content\/uploads\/2021\/06\/MB_PA-TP_IMG_preview_r02.jpg\" data-srcset=\"https:\/\/mbconveyors.com\/wp-content\/uploads\/2021\/06\/MB_PA-TP_IMG_preview_r02.jpg 270w\" loading=\"eager\" style=\"--ratio: 270 \/ 180\" sizes=\"(max-width: 270px) 100vw, 270px\" alt=\"\" width=\"270\" height=\"180\"  \/><\/a>\t\t\t<\/figure>\n<\/div>\n<div class=\"project-list-content\">\n\t<h3 class=\"entry-title\"><a href=\"https:\/\/mbconveyors.com\/fr\/product\/pa-tp\/\" title=\"PA TP\" rel=\"bookmark\">PA TP<\/a><\/h3><\/div>\n<\/article>\n\n<\/div>\n<div class=\"wf-cell\" data-post-id=\"8809\" data-date=\"2022-12-05T05:02:51+01:00\" data-name=\"CP TP\">\n<article class=\"post post-8809 dt_portfolio type-dt_portfolio status-publish has-post-thumbnail hentry dt_portfolio_category-plastic-belt-fra dt_portfolio_category-115\">\n\n\t<div class=\"project-list-media\">\n\t<figure class=\"buttons-on-img forward-post\">\n\t\t<a href=\"https:\/\/mbconveyors.com\/fr\/product\/cp-tp\/\" class=\"alignnone rollover layzr-bg\" title=\"MB_CP TP_IMG_preview_r02\"  aria-label=\"Post image\"><img class=\"preload-me iso-lazy-load aspect\" src=\"data:image\/svg+xml,%3Csvg%20xmlns%3D&#39;http%3A%2F%2Fwww.w3.org%2F2000%2Fsvg&#39;%20viewBox%3D&#39;0%200%20270%20180&#39;%2F%3E\" data-src=\"https:\/\/mbconveyors.com\/wp-content\/uploads\/2021\/06\/MB_CP-TP_IMG_preview_r02.jpg\" data-srcset=\"https:\/\/mbconveyors.com\/wp-content\/uploads\/2021\/06\/MB_CP-TP_IMG_preview_r02.jpg 270w\" loading=\"eager\" style=\"--ratio: 270 \/ 180\" sizes=\"(max-width: 270px) 100vw, 270px\" alt=\"\" width=\"270\" height=\"180\"  \/><\/a>\t\t\t<\/figure>\n<\/div>\n<div class=\"project-list-content\">\n\t<h3 class=\"entry-title\"><a href=\"https:\/\/mbconveyors.com\/fr\/product\/cp-tp\/\" title=\"CP TP\" rel=\"bookmark\">CP TP<\/a><\/h3><\/div>\n<\/article>\n\n<\/div>\n<div class=\"wf-cell\" data-post-id=\"8812\" data-date=\"2022-12-05T05:03:33+01:00\" data-name=\"CPT TP\">\n<article class=\"post post-8812 dt_portfolio type-dt_portfolio status-publish has-post-thumbnail hentry dt_portfolio_category-plastic-belt-fra dt_portfolio_category-115\">\n\n\t<div class=\"project-list-media\">\n\t<figure class=\"buttons-on-img forward-post\">\n\t\t<a href=\"https:\/\/mbconveyors.com\/fr\/product\/cpt-tp\/\" class=\"alignnone rollover layzr-bg\" title=\"MB_CPT TP_IMG_preview_r02\"  aria-label=\"Post image\"><img class=\"preload-me iso-lazy-load aspect\" src=\"data:image\/svg+xml,%3Csvg%20xmlns%3D&#39;http%3A%2F%2Fwww.w3.org%2F2000%2Fsvg&#39;%20viewBox%3D&#39;0%200%20270%20180&#39;%2F%3E\" data-src=\"https:\/\/mbconveyors.com\/wp-content\/uploads\/2021\/06\/MB_CPT-TP_IMG_preview_r02.jpg\" data-srcset=\"https:\/\/mbconveyors.com\/wp-content\/uploads\/2021\/06\/MB_CPT-TP_IMG_preview_r02.jpg 270w\" loading=\"eager\" style=\"--ratio: 270 \/ 180\" sizes=\"(max-width: 270px) 100vw, 270px\" alt=\"\" width=\"270\" height=\"180\"  \/><\/a>\t\t\t<\/figure>\n<\/div>\n<div class=\"project-list-content\">\n\t<h3 class=\"entry-title\"><a href=\"https:\/\/mbconveyors.com\/fr\/product\/cpt-tp\/\" title=\"CPT TP\" rel=\"bookmark\">CPT TP<\/a><\/h3><\/div>\n<\/article>\n\n<\/div><\/div><\/div>[\/vc_column][\/vc_row]<\/p>\n","protected":false},"excerpt":{"rendered":"<p>[vc_row equal_height=\u00a0\u00bbyes\u00a0\u00bb css=\u00a0\u00bb.vc_custom_1570705821717{margin-top: 70px !important;margin-bottom: 61px !important;}\u00a0\u00bb][vc_column width=\u00a0\u00bb3\/12&Prime; css=\u00a0\u00bb.vc_custom_1570705630277{margin-top: 0px !important;margin-bottom: 0px !important;padding-top: 0px !important;padding-bottom: 0px !important;}\u00a0\u00bb][vc_single_image image=\u00a0\u00bb7032&Prime; img_size=\u00a0\u00bbfull\u00a0\u00bb css=\u00a0\u00bb.vc_custom_1570705622819{margin-top: 0px !important;margin-bottom: 0px !important;padding-top: 0px !important;padding-bottom: 0px !important;}\u00a0\u00bb][\/vc_column][vc_column width=\u00a0\u00bb4\/12&Prime; css=\u00a0\u00bb.vc_custom_1543486482642{padding-right: 30px !important;padding-left: 30px !important;background-color: #eaeaea !important;}\u00a0\u00bb][\/vc_column][vc_column width=\u00a0\u00bb1\/12&Prime;][vc_empty_space height=\u00a0\u00bb90px\u00a0\u00bb][vc_icon icon_fontawesome=\u00a0\u00bbfa fa-arrow-right\u00a0\u00bb color=\u00a0\u00bbcustom\u00a0\u00bb size=\u00a0\u00bbxl\u00a0\u00bb align=\u00a0\u00bbcenter\u00a0\u00bb custom_color=\u00a0\u00bb#954b97&Prime;][\/vc_column][vc_column width=\u00a0\u00bb4\/12&Prime; css=\u00a0\u00bb.vc_custom_1543486417321{padding-right: 30px !important;padding-left: 30px !important;background-color: #eaeaea !important;}\u00a0\u00bb][\/vc_column][\/vc_row][vc_row][vc_column width=\u00a0\u00bb1\/2&Prime;][vc_single_image image=\u00a0\u00bb7501&Prime; img_size=\u00a0\u00bbfull\u00a0\u00bb][\/vc_column][vc_column&hellip;<\/p>\n","protected":false},"author":11,"featured_media":0,"parent":0,"menu_order":0,"comment_status":"closed","ping_status":"closed","template":"","meta":[],"aioseo_notices":[],"_links":{"self":[{"href":"https:\/\/mbconveyors.com\/fr\/wp-json\/wp\/v2\/pages\/9851"}],"collection":[{"href":"https:\/\/mbconveyors.com\/fr\/wp-json\/wp\/v2\/pages"}],"about":[{"href":"https:\/\/mbconveyors.com\/fr\/wp-json\/wp\/v2\/types\/page"}],"author":[{"embeddable":true,"href":"https:\/\/mbconveyors.com\/fr\/wp-json\/wp\/v2\/users\/11"}],"replies":[{"embeddable":true,"href":"https:\/\/mbconveyors.com\/fr\/wp-json\/wp\/v2\/comments?post=9851"}],"version-history":[{"count":0,"href":"https:\/\/mbconveyors.com\/fr\/wp-json\/wp\/v2\/pages\/9851\/revisions"}],"wp:attachment":[{"href":"https:\/\/mbconveyors.com\/fr\/wp-json\/wp\/v2\/media?parent=9851"}],"curies":[{"name":"wp","href":"https:\/\/api.w.org\/{rel}","templated":true}]}}