{"id":9859,"date":"2019-01-30T17:17:58","date_gmt":"2019-01-30T16:17:58","guid":{"rendered":"https:\/\/mbconveyors.com\/metal-belt\/"},"modified":"2020-06-14T18:38:00","modified_gmt":"2020-06-14T16:38:00","slug":"metal-belt","status":"publish","type":"page","link":"https:\/\/mbconveyors.com\/fr\/metal-belt\/","title":{"rendered":"Metal belt"},"content":{"rendered":"<p>[vc_row equal_height=\u00a0\u00bbyes\u00a0\u00bb css=\u00a0\u00bb.vc_custom_1570706614780{margin-top: 70px !important;margin-bottom: 61px !important;}\u00a0\u00bb][vc_column width=\u00a0\u00bb3\/12&Prime; css=\u00a0\u00bb.vc_custom_1570706590276{margin-top: 0px !important;margin-bottom: 0px !important;padding-top: 0px !important;padding-bottom: 0px !important;}\u00a0\u00bb][vc_single_image image=\u00a0\u00bb7026&Prime; img_size=\u00a0\u00bbfull\u00a0\u00bb css=\u00a0\u00bb.vc_custom_1570706582124{margin-top: 0px !important;margin-bottom: 0px !important;padding-top: 0px !important;padding-bottom: 0px !important;}\u00a0\u00bb][\/vc_column][vc_column width=\u00a0\u00bb4\/12&Prime; css=\u00a0\u00bb.vc_custom_1543486482642{padding-right: 30px !important;padding-left: 30px !important;background-color: #eaeaea !important;}\u00a0\u00bb]<div id=\"ultimate-heading-22826a06f43378208\" class=\"uvc-heading ult-adjust-bottom-margin ultimate-heading-22826a06f43378208 uvc-6733 \" data-hspacer=\"no_spacer\"  data-halign=\"left\" style=\"text-align:left\"><div class=\"uvc-heading-spacer no_spacer\" style=\"top\"><\/div><div class=\"uvc-main-heading ult-responsive\"  data-ultimate-target='.uvc-heading.ultimate-heading-22826a06f43378208 h2'  data-responsive-json-new='{\"font-size\":\"desktop:32px;\",\"line-height\":\"desktop:46px;\"}' ><h2 style=\"font-weight:bold;margin-bottom:15px;\">mission<\/h2><\/div><\/div><div class=\"uavc-list-icon uavc-list-icon-wrapper ult-adjust-bottom-margin   \"><ul class=\"uavc-list\"><li><div class=\"uavc-list-content\" id=\"list-icon-wrap-7708\">\n<div class=\"uavc-list-icon  \" data-animation=\"\" data-animation-delay=\"03\" style=\"margin-right:12px;\"><div class=\"ult-just-icon-wrapper  \"><div class=\"align-icon\" style=\"text-align:center;\">\n<div class=\"aio-icon none \"  style=\"color:#e5007d;font-size:20px;display:inline-block;\">\n\t<i class=\"Defaults-circle-o\"><\/i>\n<\/div><\/div><\/div>\n<\/div><span  data-ultimate-target='#list-icon-wrap-7708 .uavc-list-desc'  data-responsive-json-new='{\"font-size\":\"\",\"line-height\":\"\"}'  class=\"uavc-list-desc ult-responsive\" style=\"\">Transport de produits \u00e0 plus de 120 \u00b0 C<\/span><\/div><\/li><li><div class=\"uavc-list-content\" id=\"list-icon-wrap-1045\">\n<div class=\"uavc-list-icon  \" data-animation=\"\" data-animation-delay=\"03\" style=\"margin-right:12px;\"><div class=\"ult-just-icon-wrapper  \"><div class=\"align-icon\" style=\"text-align:center;\">\n<div class=\"aio-icon none \"  style=\"color:#e5007d;font-size:20px;display:inline-block;\">\n\t<i class=\"Defaults-circle-o\"><\/i>\n<\/div><\/div><\/div>\n<\/div><span  data-ultimate-target='#list-icon-wrap-1045 .uavc-list-desc'  data-responsive-json-new='{\"font-size\":\"\",\"line-height\":\"\"}'  class=\"uavc-list-desc ult-responsive\" style=\"\">Produits m\u00e9talliques tranchants ou avec pr\u00e9sence importante d&rsquo;huile<\/span><\/div><\/li><li><div class=\"uavc-list-content\" id=\"list-icon-wrap-8615\">\n<div class=\"uavc-list-icon  \" data-animation=\"\" data-animation-delay=\"03\" style=\"margin-right:12px;\"><div class=\"ult-just-icon-wrapper  \"><div class=\"align-icon\" style=\"text-align:center;\">\n<div class=\"aio-icon none \"  style=\"color:#e5007d;font-size:20px;display:inline-block;\">\n\t<i class=\"Defaults-circle-o\"><\/i>\n<\/div><\/div><\/div>\n<\/div><span  data-ultimate-target='#list-icon-wrap-8615 .uavc-list-desc'  data-responsive-json-new='{\"font-size\":\"\",\"line-height\":\"\"}'  class=\"uavc-list-desc ult-responsive\" style=\"\">Transport de charges lourdes<\/span><\/div><\/li><\/ul><\/div>[\/vc_column][vc_column width=\u00a0\u00bb1\/12&Prime;][vc_empty_space height=\u00a0\u00bb122px\u00a0\u00bb][vc_icon icon_fontawesome=\u00a0\u00bbfa fa-arrow-right\u00a0\u00bb color=\u00a0\u00bbcustom\u00a0\u00bb size=\u00a0\u00bbxl\u00a0\u00bb align=\u00a0\u00bbcenter\u00a0\u00bb custom_color=\u00a0\u00bb#e5007d\u00a0\u00bb][\/vc_column][vc_column width=\u00a0\u00bb4\/12&Prime; css=\u00a0\u00bb.vc_custom_1543486417321{padding-right: 30px !important;padding-left: 30px !important;background-color: #eaeaea !important;}\u00a0\u00bb]<div id=\"ultimate-heading-73556a06f43378434\" class=\"uvc-heading ult-adjust-bottom-margin ultimate-heading-73556a06f43378434 uvc-6402 \" data-hspacer=\"no_spacer\"  data-halign=\"left\" style=\"text-align:left\"><div class=\"uvc-heading-spacer no_spacer\" style=\"top\"><\/div><div class=\"uvc-main-heading ult-responsive\"  data-ultimate-target='.uvc-heading.ultimate-heading-73556a06f43378434 h2'  data-responsive-json-new='{\"font-size\":\"desktop:32px;\",\"line-height\":\"desktop:46px;\"}' ><h2 style=\"font-weight:bold;margin-bottom:15px;\">solution<\/h2><\/div><\/div><div class=\"uavc-list-icon uavc-list-icon-wrapper ult-adjust-bottom-margin   \"><ul class=\"uavc-list\"><li><div class=\"uavc-list-content\" id=\"list-icon-wrap-5261\">\n<div class=\"uavc-list-icon  \" data-animation=\"\" data-animation-delay=\"03\" style=\"margin-right:12px;\"><div class=\"ult-just-icon-wrapper  \"><div class=\"align-icon\" style=\"text-align:center;\">\n<div class=\"aio-icon none \"  style=\"color:#e5007d;font-size:20px;display:inline-block;\">\n\t<i class=\"Defaults-circle-o\"><\/i>\n<\/div><\/div><\/div>\n<\/div><span  data-ultimate-target='#list-icon-wrap-5261 .uavc-list-desc'  data-responsive-json-new='{\"font-size\":\"\",\"line-height\":\"\"}'  class=\"uavc-list-desc ult-responsive\" style=\"\">Convoyeurs \u00e0 rouleaux m\u00e9talliques MB<\/span><\/div><\/li><li><div class=\"uavc-list-content\" id=\"list-icon-wrap-6477\">\n<div class=\"uavc-list-icon  \" data-animation=\"\" data-animation-delay=\"03\" style=\"margin-right:12px;\"><div class=\"ult-just-icon-wrapper  \"><div class=\"align-icon\" style=\"text-align:center;\">\n<div class=\"aio-icon none \"  style=\"color:#e5007d;font-size:20px;display:inline-block;\">\n\t<i class=\"Defaults-circle-o\"><\/i>\n<\/div><\/div><\/div>\n<\/div><span  data-ultimate-target='#list-icon-wrap-6477 .uavc-list-desc'  data-responsive-json-new='{\"font-size\":\"\",\"line-height\":\"\"}'  class=\"uavc-list-desc ult-responsive\" style=\"\">Convoyeurs \u00e0 rouleaux m\u00e9talliques Heavy Duty<\/span><\/div><\/li><\/ul><\/div>[\/vc_column][\/vc_row][vc_row][vc_column width=\u00a0\u00bb1\/3&Prime;][vc_single_image image=\u00a0\u00bb7547&Prime; img_size=\u00a0\u00bbfull\u00a0\u00bb][\/vc_column][vc_column width=\u00a0\u00bb1\/3&Prime;][vc_single_image image=\u00a0\u00bb7551&Prime; img_size=\u00a0\u00bbfull\u00a0\u00bb][\/vc_column][vc_column width=\u00a0\u00bb1\/3&Prime;]<div id=\"ultimate-heading-56196a06f4337856a\" class=\"uvc-heading ult-adjust-bottom-margin ultimate-heading-56196a06f4337856a uvc-4752 \" data-hspacer=\"line_only\"  data-halign=\"left\" style=\"text-align:left\"><div class=\"uvc-main-heading ult-responsive\"  data-ultimate-target='.uvc-heading.ultimate-heading-56196a06f4337856a h2'  data-responsive-json-new='{\"font-size\":\"desktop:30px;\",\"line-height\":\"\"}' ><h2 style=\"font-family:&#039;Open Sans Condensed&#039;;font-style:italic;font-weight:700;\">PRINCIPALES CARACTERISTIQUES<\/h2><\/div><div class=\"uvc-heading-spacer line_only\" style=\"topheight:1px;\"><span class=\"uvc-headings-line\" style=\"border-style:solid;border-bottom-width:1px;border-color:#ccc;width:250px;\"><\/span><\/div><\/div>[vc_empty_space height=\u00a0\u00bb20px\u00a0\u00bb]<div class=\"uavc-list-icon uavc-list-icon-wrapper ult-adjust-bottom-margin   \"><ul class=\"uavc-list\"><li><div class=\"uavc-list-content\" id=\"list-icon-wrap-3067\">\n<div class=\"uavc-list-icon  \" data-animation=\"\" data-animation-delay=\"03\" style=\"margin-right:12px;\"><div class=\"ult-just-icon-wrapper  \"><div class=\"align-icon\" style=\"text-align:center;\">\n<div class=\"aio-icon none \"  style=\"color:#e5007d;font-size:20px;display:inline-block;\">\n\t<i class=\"Defaults-circle-o\"><\/i>\n<\/div><\/div><\/div>\n<\/div><span  data-ultimate-target='#list-icon-wrap-3067 .uavc-list-desc'  data-responsive-json-new='{\"font-size\":\"\",\"line-height\":\"\"}'  class=\"uavc-list-desc ult-responsive\" style=\"\">Le bord lat\u00e9ral de retenue ne s\u2019ouvre pas pendant la rotation de la bande m\u00e9tallique sur les pignons d\u2019entra\u00eenement.<\/span><\/div><\/li><li><div class=\"uavc-list-content\" id=\"list-icon-wrap-1248\">\n<div class=\"uavc-list-icon  \" data-animation=\"\" data-animation-delay=\"03\" style=\"margin-right:12px;\"><div class=\"ult-just-icon-wrapper  \"><div class=\"align-icon\" style=\"text-align:center;\">\n<div class=\"aio-icon none \"  style=\"color:#e5007d;font-size:20px;display:inline-block;\">\n\t<i class=\"Defaults-circle-o\"><\/i>\n<\/div><\/div><\/div>\n<\/div><span  data-ultimate-target='#list-icon-wrap-1248 .uavc-list-desc'  data-responsive-json-new='{\"font-size\":\"\",\"line-height\":\"\"}'  class=\"uavc-list-desc ult-responsive\" style=\"\">Temp\u00e9rature d\u2019utilisation jusqu\u2019\u00e0 200\u00b0C.<\/span><\/div><\/li><li><div class=\"uavc-list-content\" id=\"list-icon-wrap-6724\">\n<div class=\"uavc-list-icon  \" data-animation=\"\" data-animation-delay=\"03\" style=\"margin-right:12px;\"><div class=\"ult-just-icon-wrapper  \"><div class=\"align-icon\" style=\"text-align:center;\">\n<div class=\"aio-icon none \"  style=\"color:#e5007d;font-size:20px;display:inline-block;\">\n\t<i class=\"Defaults-circle-o\"><\/i>\n<\/div><\/div><\/div>\n<\/div><span  data-ultimate-target='#list-icon-wrap-6724 .uavc-list-desc'  data-responsive-json-new='{\"font-size\":\"\",\"line-height\":\"\"}'  class=\"uavc-list-desc ult-responsive\" style=\"\">Tasseaux standard : h 20 ou 30 mm, pas min. 100 mm.<\/span><\/div><\/li><li><div class=\"uavc-list-content\" id=\"list-icon-wrap-8647\">\n<div class=\"uavc-list-icon  \" data-animation=\"\" data-animation-delay=\"03\" style=\"margin-right:12px;\"><div class=\"ult-just-icon-wrapper  \"><div class=\"align-icon\" style=\"text-align:center;\">\n<div class=\"aio-icon none \"  style=\"color:#e5007d;font-size:20px;display:inline-block;\">\n\t<i class=\"Defaults-circle-o\"><\/i>\n<\/div><\/div><\/div>\n<\/div><span  data-ultimate-target='#list-icon-wrap-8647 .uavc-list-desc'  data-responsive-json-new='{\"font-size\":\"\",\"line-height\":\"\"}'  class=\"uavc-list-desc ult-responsive\" style=\"\">A= de 150 \u00e0 750 mm (pas 100 mm).<\/span><\/div><\/li><\/ul><\/div>[\/vc_column][\/vc_row][vc_row][vc_column]<div id=\"ultimate-heading-80956a06f433786e2\" class=\"uvc-heading ult-adjust-bottom-margin ultimate-heading-80956a06f433786e2 uvc-6619 \" data-hspacer=\"line_only\"  data-halign=\"left\" style=\"text-align:left\"><div class=\"uvc-main-heading ult-responsive\"  data-ultimate-target='.uvc-heading.ultimate-heading-80956a06f433786e2 h2'  data-responsive-json-new='{\"font-size\":\"desktop:30px;\",\"line-height\":\"\"}' ><h2 style=\"font-family:&#039;Open Sans Condensed&#039;;font-style:italic;font-weight:700;\">BANDE EN ACIER AVEC DIFF\u00c9RENTES SURFACES<\/h2><\/div><div class=\"uvc-heading-spacer line_only\" style=\"topheight:1px;\"><span class=\"uvc-headings-line\" style=\"border-style:solid;border-bottom-width:1px;border-color:#ccc;width:250px;\"><\/span><\/div><\/div>[vc_empty_space height=\u00a0\u00bb20px\u00a0\u00bb][vc_row_inner][vc_column_inner width=\u00a0\u00bb1\/4&Prime;]<div class=\"aio-icon-component    style_1\"><div id=\"Info-box-wrap-6944\" class=\"aio-icon-box default-icon\" style=\"\"  ><div class=\"aio-icon-default\"><div class=\"ult-just-icon-wrapper  \"><div class=\"align-icon\" style=\"text-align:center;\">\n<div class=\"aio-icon none \"  style=\"color:#e5007d;font-size:16px;display:inline-block;\">\n\t<i class=\"Defaults-plus\"><\/i>\n<\/div><\/div><\/div><\/div><div class=\"aio-icon-header\" ><h3 class=\"aio-icon-title ult-responsive\"  data-ultimate-target='#Info-box-wrap-6944 .aio-icon-title'  data-responsive-json-new='{\"font-size\":\"desktop:24px;\",\"line-height\":\"\"}'  style=\"font-family:&#039;Open Sans Condensed&#039;;font-style:italic;font-weight:normal;font-style:normal;color:#565656;\">LISSE<\/h3><\/div> <!-- header --><div class=\"aio-icon-description ult-responsive\"  data-ultimate-target='#Info-box-wrap-6944 .aio-icon-description'  data-responsive-json-new='{\"font-size\":\"\",\"line-height\":\"\"}'  style=\"\">Ad\u00e9quate \u00e0 l\u2019installation des tasseaux.<\/div> <!-- description --><\/div> <!-- aio-icon-box --><\/div> <!-- aio-icon-component -->[vc_single_image image=\u00a0\u00bb7552&Prime; img_size=\u00a0\u00bbfull\u00a0\u00bb][vc_column_text]D\u00e9tail de la surface.[\/vc_column_text][vc_single_image image=\u00a0\u00bb7555&Prime; img_size=\u00a0\u00bbfull\u00a0\u00bb][\/vc_column_inner][vc_column_inner width=\u00a0\u00bb1\/4&Prime;]<div class=\"aio-icon-component    style_1\"><div id=\"Info-box-wrap-4785\" class=\"aio-icon-box left-icon\" style=\"\"  ><div class=\"aio-icon-left\"><div class=\"ult-just-icon-wrapper  \"><div class=\"align-icon\" style=\"text-align:center;\">\n<div class=\"aio-icon none \"  style=\"color:#e5007d;font-size:16px;display:inline-block;\">\n\t<i class=\"Defaults-plus\"><\/i>\n<\/div><\/div><\/div><\/div><div class=\"aio-ibd-block\"><div class=\"aio-icon-header\" ><h3 class=\"aio-icon-title ult-responsive\"  data-ultimate-target='#Info-box-wrap-4785 .aio-icon-title'  data-responsive-json-new='{\"font-size\":\"desktop:24px;\",\"line-height\":\"\"}'  style=\"font-family:&#039;Open Sans Condensed&#039;;font-style:italic;font-weight:normal;font-style:normal;color:#565656;\">GAUFR\u00c9E (STANDARD)<\/h3><\/div> <!-- header --><div class=\"aio-icon-description ult-responsive\"  data-ultimate-target='#Info-box-wrap-4785 .aio-icon-description'  data-responsive-json-new='{\"font-size\":\"\",\"line-height\":\"\"}'  style=\"\">La bande gaufr\u00e9e limite le contact direct du produit sur la surface.<\/div> <!-- description --><\/div> <!-- aio-ibd-block --><\/div> <!-- aio-icon-box --><\/div> <!-- aio-icon-component -->[vc_single_image image=\u00a0\u00bb7554&Prime; img_size=\u00a0\u00bbfull\u00a0\u00bb][vc_column_text]D\u00e9tail de la surface.[\/vc_column_text][vc_single_image image=\u00a0\u00bb7556&Prime; img_size=\u00a0\u00bbfull\u00a0\u00bb][\/vc_column_inner][vc_column_inner width=\u00a0\u00bb1\/4&Prime;]<div class=\"aio-icon-component    style_1\"><div id=\"Info-box-wrap-4954\" class=\"aio-icon-box default-icon\" style=\"\"  ><div class=\"aio-icon-default\"><div class=\"ult-just-icon-wrapper  \"><div class=\"align-icon\" style=\"text-align:center;\">\n<div class=\"aio-icon none \"  style=\"color:#e5007d;font-size:16px;display:inline-block;\">\n\t<i class=\"Defaults-plus\"><\/i>\n<\/div><\/div><\/div><\/div><div class=\"aio-icon-header\" ><h3 class=\"aio-icon-title ult-responsive\"  data-ultimate-target='#Info-box-wrap-4954 .aio-icon-title'  data-responsive-json-new='{\"font-size\":\"desktop:24px;\",\"line-height\":\"\"}'  style=\"font-family:&#039;Open Sans Condensed&#039;;font-style:italic;font-weight:normal;font-style:normal;color:#565656;\">GAUFR\u00c9E ET PERC\u00c9E<\/h3><\/div> <!-- header --><div class=\"aio-icon-description ult-responsive\"  data-ultimate-target='#Info-box-wrap-4954 .aio-icon-description'  data-responsive-json-new='{\"font-size\":\"\",\"line-height\":\"\"}'  style=\"\">En pr\u00e9sence de liquides \u00e0 d\u00e9canter.<\/div> <!-- description --><\/div> <!-- aio-icon-box --><\/div> <!-- aio-icon-component -->[vc_single_image image=\u00a0\u00bb7557&Prime; img_size=\u00a0\u00bbfull\u00a0\u00bb css=\u00a0\u00bb.vc_custom_1561975965855{margin-top: 29px !important;}\u00a0\u00bb][vc_column_text]D\u00e9tail de la surface.[\/vc_column_text][vc_single_image image=\u00a0\u00bb7553&Prime; img_size=\u00a0\u00bbfull\u00a0\u00bb][\/vc_column_inner][vc_column_inner width=\u00a0\u00bb1\/4&Prime;]<div class=\"aio-icon-component    style_1\"><div id=\"Info-box-wrap-9384\" class=\"aio-icon-box left-icon\" style=\"\"  ><div class=\"aio-icon-left\"><div class=\"ult-just-icon-wrapper  \"><div class=\"align-icon\" style=\"text-align:center;\">\n<div class=\"aio-icon none \"  style=\"color:#e5007d;font-size:16px;display:inline-block;\">\n\t<i class=\"Defaults-plus\"><\/i>\n<\/div><\/div><\/div><\/div><div class=\"aio-ibd-block\"><div class=\"aio-icon-header\" ><h3 class=\"aio-icon-title ult-responsive\"  data-ultimate-target='#Info-box-wrap-9384 .aio-icon-title'  data-responsive-json-new='{\"font-size\":\"desktop:24px;\",\"line-height\":\"\"}'  style=\"font-family:&#039;Open Sans Condensed&#039;;font-style:italic;font-weight:normal;font-style:normal;color:#565656;\">EN TREILLIS<\/h3><\/div> <!-- header --><div class=\"aio-icon-description ult-responsive\"  data-ultimate-target='#Info-box-wrap-9384 .aio-icon-description'  data-responsive-json-new='{\"font-size\":\"\",\"line-height\":\"\"}'  style=\"\">En pr\u00e9sence de grosses quantit\u00e9s de liquides \u00e0 d\u00e9canter.<\/div> <!-- description --><\/div> <!-- aio-ibd-block --><\/div> <!-- aio-icon-box --><\/div> <!-- aio-icon-component -->[vc_single_image image=\u00a0\u00bb7558&Prime; img_size=\u00a0\u00bbfull\u00a0\u00bb][vc_column_text]D\u00e9tail de la surface.[\/vc_column_text][vc_single_image image=\u00a0\u00bb7559&Prime; img_size=\u00a0\u00bbfull\u00a0\u00bb][\/vc_column_inner][\/vc_row_inner][\/vc_column][\/vc_row][vc_row][vc_column][vc_empty_space height=\u00a0\u00bb30px\u00a0\u00bb]<div id=\"ultimate-heading-72976a06f43378919\" class=\"uvc-heading ult-adjust-bottom-margin ultimate-heading-72976a06f43378919 uvc-2569 \" data-hspacer=\"line_only\"  data-halign=\"left\" style=\"text-align:left\"><div class=\"uvc-main-heading ult-responsive\"  data-ultimate-target='.uvc-heading.ultimate-heading-72976a06f43378919 h2'  data-responsive-json-new='{\"font-size\":\"desktop:30px;\",\"line-height\":\"\"}' ><h2 style=\"font-family:&#039;Open Sans Condensed&#039;;font-style:italic;font-weight:700;\">GAMME DE PRODUITS<\/h2><\/div><div class=\"uvc-heading-spacer line_only\" style=\"topheight:1px;\"><span class=\"uvc-headings-line\" style=\"border-style:solid;border-bottom-width:1px;border-color:#ccc;width:250px;\"><\/span><\/div><\/div>[vc_empty_space height=\u00a0\u00bb20px\u00a0\u00bb]<div class=\"dt-shortcode with-isotope\"><div class=\"wf-container dt-portfolio-shortcode loading-effect-fade-in iso-grid description-under-image content-align-left hover-color-static\" data-padding=\"20px\" data-cur-page=\"1\" data-posts-per-page=\"-1\" data-width=\"300px\" data-columns=\"4\">\n<div class=\"wf-cell\" data-post-id=\"8815\" data-date=\"2022-12-05T06:01:18+01:00\" data-name=\"PA TM\">\n<article class=\"post post-8815 dt_portfolio type-dt_portfolio status-publish has-post-thumbnail hentry dt_portfolio_category-metal-belt-fra dt_portfolio_category-116\">\n\n\t<div class=\"project-list-media\">\n\t<figure class=\"buttons-on-img forward-post\">\n\t\t<a href=\"https:\/\/mbconveyors.com\/fr\/product\/pa-tm\/\" class=\"alignnone rollover layzr-bg\" title=\"MB_PA TM_IMG_preview_r02\"  aria-label=\"Post image\"><img class=\"preload-me iso-lazy-load aspect\" src=\"data:image\/svg+xml,%3Csvg%20xmlns%3D&#39;http%3A%2F%2Fwww.w3.org%2F2000%2Fsvg&#39;%20viewBox%3D&#39;0%200%20270%20180&#39;%2F%3E\" data-src=\"https:\/\/mbconveyors.com\/wp-content\/uploads\/2021\/06\/MB_PA-TM_IMG_preview_r02.jpg\" data-srcset=\"https:\/\/mbconveyors.com\/wp-content\/uploads\/2021\/06\/MB_PA-TM_IMG_preview_r02.jpg 270w\" loading=\"eager\" style=\"--ratio: 270 \/ 180\" sizes=\"(max-width: 270px) 100vw, 270px\" alt=\"\" width=\"270\" height=\"180\"  \/><\/a>\t\t\t<\/figure>\n<\/div>\n<div class=\"project-list-content\">\n\t<h3 class=\"entry-title\"><a href=\"https:\/\/mbconveyors.com\/fr\/product\/pa-tm\/\" title=\"PA TM\" rel=\"bookmark\">PA TM<\/a><\/h3><\/div>\n<\/article>\n\n<\/div>\n<div class=\"wf-cell\" data-post-id=\"8818\" data-date=\"2022-12-05T06:02:02+01:00\" data-name=\"CP TM\">\n<article class=\"post post-8818 dt_portfolio type-dt_portfolio status-publish has-post-thumbnail hentry dt_portfolio_category-metal-belt-fra dt_portfolio_category-116\">\n\n\t<div class=\"project-list-media\">\n\t<figure class=\"buttons-on-img forward-post\">\n\t\t<a href=\"https:\/\/mbconveyors.com\/fr\/product\/cp-tm\/\" class=\"alignnone rollover layzr-bg\" title=\"MB_CP TM_IMG_preview_r02\"  aria-label=\"Post image\"><img class=\"preload-me iso-lazy-load aspect\" src=\"data:image\/svg+xml,%3Csvg%20xmlns%3D&#39;http%3A%2F%2Fwww.w3.org%2F2000%2Fsvg&#39;%20viewBox%3D&#39;0%200%20270%20180&#39;%2F%3E\" data-src=\"https:\/\/mbconveyors.com\/wp-content\/uploads\/2021\/06\/MB_CP-TM_IMG_preview_r02.jpg\" data-srcset=\"https:\/\/mbconveyors.com\/wp-content\/uploads\/2021\/06\/MB_CP-TM_IMG_preview_r02.jpg 270w\" loading=\"eager\" style=\"--ratio: 270 \/ 180\" sizes=\"(max-width: 270px) 100vw, 270px\" alt=\"\" width=\"270\" height=\"180\"  \/><\/a>\t\t\t<\/figure>\n<\/div>\n<div class=\"project-list-content\">\n\t<h3 class=\"entry-title\"><a href=\"https:\/\/mbconveyors.com\/fr\/product\/cp-tm\/\" title=\"CP TM\" rel=\"bookmark\">CP TM<\/a><\/h3><\/div>\n<\/article>\n\n<\/div>\n<div class=\"wf-cell\" data-post-id=\"8821\" data-date=\"2022-12-05T06:03:55+01:00\" data-name=\"CPT TM\">\n<article class=\"post post-8821 dt_portfolio type-dt_portfolio status-publish has-post-thumbnail hentry dt_portfolio_category-metal-belt-fra dt_portfolio_category-116\">\n\n\t<div class=\"project-list-media\">\n\t<figure class=\"buttons-on-img forward-post\">\n\t\t<a href=\"https:\/\/mbconveyors.com\/fr\/product\/cpt-tm\/\" class=\"alignnone rollover layzr-bg\" title=\"MB_CPT TM_IMG_preview_r02\"  aria-label=\"Post image\"><img class=\"preload-me iso-lazy-load aspect\" src=\"data:image\/svg+xml,%3Csvg%20xmlns%3D&#39;http%3A%2F%2Fwww.w3.org%2F2000%2Fsvg&#39;%20viewBox%3D&#39;0%200%20270%20180&#39;%2F%3E\" data-src=\"https:\/\/mbconveyors.com\/wp-content\/uploads\/2021\/06\/MB_CPT-TM_IMG_preview_r02.jpg\" data-srcset=\"https:\/\/mbconveyors.com\/wp-content\/uploads\/2021\/06\/MB_CPT-TM_IMG_preview_r02.jpg 270w\" loading=\"eager\" style=\"--ratio: 270 \/ 180\" sizes=\"(max-width: 270px) 100vw, 270px\" alt=\"\" width=\"270\" height=\"180\"  \/><\/a>\t\t\t<\/figure>\n<\/div>\n<div class=\"project-list-content\">\n\t<h3 class=\"entry-title\"><a href=\"https:\/\/mbconveyors.com\/fr\/product\/cpt-tm\/\" title=\"CPT TM\" rel=\"bookmark\">CPT TM<\/a><\/h3><\/div>\n<\/article>\n\n<\/div><\/div><\/div>[\/vc_column][\/vc_row]<\/p>\n","protected":false},"excerpt":{"rendered":"<p>[vc_row equal_height=\u00a0\u00bbyes\u00a0\u00bb css=\u00a0\u00bb.vc_custom_1570706614780{margin-top: 70px !important;margin-bottom: 61px !important;}\u00a0\u00bb][vc_column width=\u00a0\u00bb3\/12&Prime; css=\u00a0\u00bb.vc_custom_1570706590276{margin-top: 0px !important;margin-bottom: 0px !important;padding-top: 0px !important;padding-bottom: 0px !important;}\u00a0\u00bb][vc_single_image image=\u00a0\u00bb7026&Prime; img_size=\u00a0\u00bbfull\u00a0\u00bb css=\u00a0\u00bb.vc_custom_1570706582124{margin-top: 0px !important;margin-bottom: 0px !important;padding-top: 0px !important;padding-bottom: 0px !important;}\u00a0\u00bb][\/vc_column][vc_column width=\u00a0\u00bb4\/12&Prime; css=\u00a0\u00bb.vc_custom_1543486482642{padding-right: 30px !important;padding-left: 30px !important;background-color: #eaeaea !important;}\u00a0\u00bb][\/vc_column][vc_column width=\u00a0\u00bb1\/12&Prime;][vc_empty_space height=\u00a0\u00bb122px\u00a0\u00bb][vc_icon icon_fontawesome=\u00a0\u00bbfa fa-arrow-right\u00a0\u00bb color=\u00a0\u00bbcustom\u00a0\u00bb size=\u00a0\u00bbxl\u00a0\u00bb align=\u00a0\u00bbcenter\u00a0\u00bb custom_color=\u00a0\u00bb#e5007d\u00a0\u00bb][\/vc_column][vc_column width=\u00a0\u00bb4\/12&Prime; css=\u00a0\u00bb.vc_custom_1543486417321{padding-right: 30px !important;padding-left: 30px !important;background-color: #eaeaea !important;}\u00a0\u00bb][\/vc_column][\/vc_row][vc_row][vc_column width=\u00a0\u00bb1\/3&Prime;][vc_single_image image=\u00a0\u00bb7547&Prime; img_size=\u00a0\u00bbfull\u00a0\u00bb][\/vc_column][vc_column&hellip;<\/p>\n","protected":false},"author":11,"featured_media":0,"parent":0,"menu_order":0,"comment_status":"closed","ping_status":"closed","template":"","meta":[],"aioseo_notices":[],"_links":{"self":[{"href":"https:\/\/mbconveyors.com\/fr\/wp-json\/wp\/v2\/pages\/9859"}],"collection":[{"href":"https:\/\/mbconveyors.com\/fr\/wp-json\/wp\/v2\/pages"}],"about":[{"href":"https:\/\/mbconveyors.com\/fr\/wp-json\/wp\/v2\/types\/page"}],"author":[{"embeddable":true,"href":"https:\/\/mbconveyors.com\/fr\/wp-json\/wp\/v2\/users\/11"}],"replies":[{"embeddable":true,"href":"https:\/\/mbconveyors.com\/fr\/wp-json\/wp\/v2\/comments?post=9859"}],"version-history":[{"count":0,"href":"https:\/\/mbconveyors.com\/fr\/wp-json\/wp\/v2\/pages\/9859\/revisions"}],"wp:attachment":[{"href":"https:\/\/mbconveyors.com\/fr\/wp-json\/wp\/v2\/media?parent=9859"}],"curies":[{"name":"wp","href":"https:\/\/api.w.org\/{rel}","templated":true}]}}