{"id":9880,"date":"2018-07-10T15:56:45","date_gmt":"2018-07-10T13:56:45","guid":{"rendered":"https:\/\/mbconveyors.com\/cookie-policy\/"},"modified":"2019-12-27T13:27:57","modified_gmt":"2019-12-27T12:27:57","slug":"cookie-policy","status":"publish","type":"page","link":"https:\/\/mbconveyors.com\/fr\/cookie-policy\/","title":{"rendered":"Cookie Policy"},"content":{"rendered":"<p>[vc_row][vc_column][vc_column_text]Ces informations ont \u00e9t\u00e9 pr\u00e9par\u00e9es et personnalis\u00e9es sp\u00e9cifiquement pour ce site sur la base des dispositions du R\u00e8glement UE 2016\/679 \u00e9mis par le Garant pour la protection des donn\u00e9es personnelles.<\/p>\n<h3><strong>Que sont les cookies?<\/strong><\/h3>\n<p>Les cookies sont de petites cha\u00eenes de texte, pas n\u00e9cessairement des fichiers \u00e0 l&rsquo;int\u00e9rieur de l&rsquo;ordinateur, envoy\u00e9s par un serveur \u00e0 un client, puis d&rsquo;un site Web au visiteur, puis renvoy\u00e9s pour lecture par le serveur. Chaque fois que l&rsquo;utilisateur retourne sur le m\u00eame site Web, le navigateur r\u00e9cup\u00e8re et envoie le fichier au serveur de site. En g\u00e9n\u00e9ral, les cookies ont pour but d&rsquo;am\u00e9liorer le fonctionnement du site Web et l&rsquo;exp\u00e9rience utilisateur de son utilisation, par exemple par l&rsquo;authentification automatique, la m\u00e9morisation de la langue, la taille et le type de texte, l&#8217;emplacement ou les informations \u00e0 des fins statistiques, car les pages Web en elles-m\u00eames n&rsquo;ont pas de \u00ab\u00a0m\u00e9moire\u00a0\u00bb.<\/p>\n<p>Aucune donn\u00e9e personnelle de l&rsquo;utilisateur n&rsquo;est acquise par le site \u00e0 cet \u00e9gard. Les cookies ne sont pas utilis\u00e9s pour transmettre des informations personnelles et aucun syst\u00e8me de suivi des utilisateurs n&rsquo;est utilis\u00e9.<\/p>\n<p>Si vous partagez l&rsquo;acc\u00e8s \u00e0 l&rsquo;ordinateur, nous vous recommandons de toujours supprimer vos donn\u00e9es de navigation \u00e0 chaque fois que vous fermez votre navigateur. Cela augmente la s\u00e9curit\u00e9 en supprimant les donn\u00e9es sensibles apr\u00e8s votre session de navigation.<\/p>\n<h3><strong>Quels cookies ce site utilise-t-il?<\/strong><\/h3>\n<p>\u2013\u00a0<strong>Technique<\/strong>: Nous n&rsquo;utilisons que des cookies techniques anonymes indispensables au bon fonctionnement du site, \u00e0 la gestion des sessions et aux fonctions internes de notre syst\u00e8me.<\/p>\n<p>\u2013\u00a0<strong>Analytique<\/strong>: Nous n&rsquo;utilisons pas de cookies tiers (Google) pour analyser le comportement des visiteurs \u00e0 des fins statistiques.<\/p>\n<p>&nbsp;<\/p>\n<h3><strong>Comment g\u00e9rer \/ bloquer les cookies sur votre PC<\/strong><\/h3>\n<p>Les cookies peuvent \u00eatre supprim\u00e9s ou modifi\u00e9s directement depuis le navigateur de l&rsquo;utilisateur. Le visiteur a le contr\u00f4le total des cookies et de leur utilisation. Nous vous rappelons qu&rsquo;en d\u00e9sactivant les cookies, il ne sera pas possible d&rsquo;acc\u00e9der \u00e0 l&rsquo;affichage et \u00e0 l&rsquo;utilisation corrects du site.<\/p>\n<p>Nous nous r\u00e9f\u00e9rons aux guides des navigateurs les plus utilis\u00e9s pour conna\u00eetre les diff\u00e9rentes mani\u00e8res de g\u00e9rer les cookies:<\/p>\n<p><a href=\"https:\/\/support.google.com\/accounts\/answer\/61416?hl=it\">\u2013 Guida ai cookies \u2013 Chrome<\/a><\/p>\n<p>\u2013\u00a0<a href=\"https:\/\/support.mozilla.org\/it\/kb\/Attivare%20e%20disattivare%20i%20cookie\">Guida ai cookies \u2013 Firefox<\/a><\/p>\n<p>\u2013\u00a0<a href=\"https:\/\/support.apple.com\/it-it\/HT201265\">Guida ai cookies \u2013 Safari<\/a><\/p>\n<p>\u2013\u00a0<a href=\"http:\/\/windows.microsoft.com\/it-it\/windows7\/block-enable-or-allow-cookies\">Guida ai cookies \u2013 Internet Explorer<\/a><\/p>\n<p>Nous nous r\u00e9servons le droit de modifier cette politique en mati\u00e8re de cookies, en tout ou en partie, \u00e0 notre discr\u00e9tion. Tous ses changements entreront en vigueur imm\u00e9diatement apr\u00e8s la publication de la Politique mise \u00e0 jour sur le Site. L&rsquo;utilisation du Site ou des Services apr\u00e8s la modification de cette Politique implique l&rsquo;acceptation de ces changements. Si vous n&rsquo;acceptez pas les conditions de cette politique en mati\u00e8re de cookies, en tout ou en partie, vous devez cesser d&rsquo;utiliser le site et les services que nous proposons.<\/p>\n<p>[\/vc_column_text][\/vc_column][\/vc_row]<\/p>\n","protected":false},"excerpt":{"rendered":"<p>[vc_row][vc_column][vc_column_text]Ces informations ont \u00e9t\u00e9 pr\u00e9par\u00e9es et personnalis\u00e9es sp\u00e9cifiquement pour ce site sur la base des dispositions du R\u00e8glement UE 2016\/679 \u00e9mis par le Garant pour la protection des donn\u00e9es personnelles. Que sont les cookies? Les cookies sont de petites cha\u00eenes de texte, pas n\u00e9cessairement des fichiers \u00e0 l&rsquo;int\u00e9rieur de l&rsquo;ordinateur, envoy\u00e9s par un serveur \u00e0&hellip;<\/p>\n","protected":false},"author":11,"featured_media":0,"parent":0,"menu_order":0,"comment_status":"closed","ping_status":"closed","template":"","meta":[],"aioseo_notices":[],"_links":{"self":[{"href":"https:\/\/mbconveyors.com\/fr\/wp-json\/wp\/v2\/pages\/9880"}],"collection":[{"href":"https:\/\/mbconveyors.com\/fr\/wp-json\/wp\/v2\/pages"}],"about":[{"href":"https:\/\/mbconveyors.com\/fr\/wp-json\/wp\/v2\/types\/page"}],"author":[{"embeddable":true,"href":"https:\/\/mbconveyors.com\/fr\/wp-json\/wp\/v2\/users\/11"}],"replies":[{"embeddable":true,"href":"https:\/\/mbconveyors.com\/fr\/wp-json\/wp\/v2\/comments?post=9880"}],"version-history":[{"count":0,"href":"https:\/\/mbconveyors.com\/fr\/wp-json\/wp\/v2\/pages\/9880\/revisions"}],"wp:attachment":[{"href":"https:\/\/mbconveyors.com\/fr\/wp-json\/wp\/v2\/media?parent=9880"}],"curies":[{"name":"wp","href":"https:\/\/api.w.org\/{rel}","templated":true}]}}