{"id":2353,"date":"2018-07-10T15:52:26","date_gmt":"2018-07-10T13:52:26","guid":{"rendered":"http:\/\/mbconveyors.com\/?page_id=2353"},"modified":"2019-01-30T16:28:02","modified_gmt":"2019-01-30T15:28:02","slug":"privacy-policy","status":"publish","type":"page","link":"https:\/\/mbconveyors.com\/it\/privacy-policy\/","title":{"rendered":"Privacy Policy"},"content":{"rendered":"<p>[vc_row][vc_column][vc_column_text]La societ\u00e0 <strong>MB Conveyors srl, con sede in Via della Scienza, 7 \u2013 36070 Brogliano (VI),\u00a0<\/strong><strong>P.IVA 01734290248<\/strong>, (in seguito, \u201cTitolare\u201d), La informa ai sensi dell\u2019art. 13 Regolamento UE n. 2016\/679 (in seguito, \u201cGDPR\u201d) che i Suoi dati saranno trattati con le modalit\u00e0, le tempistiche e per le finalit\u00e0 qui di seguito riportate.<\/p>\n<p>La presente informativa pu\u00f2 subire modifiche e integrazioni a seguito dell\u2019introduzione di nuove norme al riguardo, La invitiamo pertanto\u00a0 a controllare periodicamente la presente pagina.<\/p>\n<p>Qualora Lei avesse meno di 16 anni, ai sensi dell\u2019art.8, comma 1 GDPR, il suo consenso sar\u00e0 valido solo se prestato o autorizzato dal titolare della responsabilit\u00e0 genitoriale.<\/p>\n<h3><strong>Oggetto del trattamento<\/strong><\/h3>\n<p>Il Titolare tratta i dati personali identificativi (ad esempio: nome, cognome, ragione sociale, indirizzo, telefono, e-mail, riferimenti bancari e di pagamento, codice fiscale) \u2013 (in seguito, \u201cdati personali\u201d o anche \u201cdati\u201d) da Lei comunicati (online, di persona, via telefono, via e-mail o con qualsiasi mezzo lecito) per le finalit\u00e0 di seguito descritte.<\/p>\n<h3><strong>Titolare del trattamento<\/strong><\/h3>\n<p>Il titolare del trattamento \u00e8\u00a0la societ\u00e0 <strong>MB Conveyors srl, con sede in Via della Scienza, 7 \u2013 36070 Brogliano (VI), P.IVA 01734290248<\/strong>,\u00a0nella persona del suo legale rappresentante sig. Gianpietro Baldisserotto, contattabile telefonicamente allo <strong>0445.444555<\/strong>\u00a0o all\u2019indirizzo e-mail\u00a0 <strong>sales@mbconveyors.com<\/strong><\/p>\n<h3><strong>Finalit\u00e0 del trattamento e base giuridica<\/strong><\/h3>\n<p>I Suoi dati personali sono trattati:<\/p>\n<p><strong>1. senza il Suo consenso espresso<\/strong>\u00a0art. 6 lett. b), e) GDPR), per le seguenti finalit\u00e0:<\/p>\n<ul>\n<li>concludere contratti con il Titolare;<\/li>\n<li>adempiere agli obblighi precontrattuali, contrattuali e fiscali derivanti da rapporti con Lei in essere;<\/li>\n<li>ai fini della tutela del diritto di credito e della migliore gestione dei nostri diritti relativi al singolo rapporto contrattuale con Lei in essere;<\/li>\n<li>adempiere agli obblighi previsti dalla legge, da un regolamento, dalla normativa comunitaria o da un ordine dell\u2019Autorit\u00e0 (come ad esempio in materia di antiriciclaggio);<\/li>\n<li>esercitare i diritti del Titolare (come ad esempio il diritto di difesa in giudizio);<\/li>\n<\/ul>\n<p><strong>\u00a02. solo previo Suo consenso espresso\u00a0<\/strong>(art. 7 GDPR), per le seguenti finalit\u00e0:<\/p>\n<ul>\n<li>via e-mail, posta e\/o sms e\/o whatsapp e\/o contatti telefonici, inviarLe o comunicarLe: newsletter, comunicazioni commerciali e\/o materiale pubblicitario su prodotti o servizi offerti dal Titolare e rilevazione del grado di soddisfazione sulla qualit\u00e0 dei prodotti e dei servizi;<\/li>\n<li>inviarLe e-mail, posta e\/o sms e\/o whatsapp e\/o contatti telefonici per lo svolgimento di analisi di mercato, statistiche e di controllo qualit\u00e0, operazioni di marketing, attivit\u00e0 di informazione su future iniziative commerciali, nuovi prodotti e servizi;<\/li>\n<li>inviarLe e-mail, posta e\/o sms e\/o whatsapp e\/o contatti telefonici per l\u2019esecuzione di iniziative promozionali in genere.<\/li>\n<\/ul>\n<p>Le segnaliamo che se \u00e8 gi\u00e0 nostro cliente o fornitore ed ha gi\u00e0 prestato il suo consenso espresso potremo inviarLe comunicazioni commerciali o di marketing relative a servizi e prodotti del Titolare analoghi a quelli di cui ha gi\u00e0 usufruito, salvo Suo dissenso. Il consenso a tale tipo di trattamento dei Suoi dati pu\u00f2 essere da Lei revocato in qualsiasi momento.<\/p>\n<h3><strong>Modalit\u00e0 di trattamento<\/strong><\/h3>\n<p>I dati personali da Lei forniti, formeranno oggetto di operazioni di trattamento nel rispetto della normativa sopracitata e degli obblighi di riservatezza cui \u00e8 ispirata l\u2019attivit\u00e0 del Titolare. I dati verranno trattati sia con strumenti informatici sia su supporti cartacei sia su ogni altro tipo di supporto idoneo, nel rispetto di adeguate misure tecniche, organizzative e di sicurezza previste dal GDPR.<\/p>\n<h3><strong>Destinatari dei dati<\/strong><\/h3>\n<p>Nei limiti pertinenti alle finalit\u00e0 di trattamento indicate, i Suoi dati potranno essere comunicati a dipendenti e collaboratori del Titolare; alla rete di agenti del Titolare; a societ\u00e0 consociate; collegate e controllate; a partner commerciali; a societ\u00e0 capogruppo; a societ\u00e0 di factoring; a istituti di credito; a societ\u00e0 di recupero crediti; a societ\u00e0 di assicurazione del credito; a professionisti e consulenti; ad aziende operanti nel settore del trasporto; a nostri subfornitori o subappaltatori se impegnati nell\u2019esecuzione di attivit\u00e0 attinenti ai nostri rapporti contrattuali; a soggetti appositamente incaricati e\/o autorizzati dal Titolare che forniscano alla stessa servizi di elaborazione dati, consulenza, certificazioni del bilancio, o che svolgano comunque attivit\u00e0 strumentali, complementari e funzionali a quella del Titolare in esecuzione di attivit\u00e0 attinenti al rapporto contrattuale in essere; ed altres\u00ec a tutti i soggetti ai quali la comunicazione sia dovuta in ragione di obblighi di legge.<\/p>\n<h3><strong>Comunicazione dei dati<\/strong><\/h3>\n<p>Senza la necessit\u00e0 di un espresso consenso (art. 6 lett. b) e c) GDPR), il Titolare potr\u00e0 comunicare i Suoi dati per le finalit\u00e0 di cui al punto 1 a Organismi di vigilanza, Autorit\u00e0 giudiziarie, a societ\u00e0 di assicurazione per la prestazione di servizi assicurativi, nonch\u00e9 a quei soggetti ai quali la comunicazione sia obbligatoria per legge per l\u2019espletamento delle finalit\u00e0 dette. Detti soggetti tratteranno i dati nella loro qualit\u00e0 di autonomi titolari del trattamento. I Suoi dati non saranno diffusi.<\/p>\n<h3><strong>Trasferimento dei dati all\u2019estero<\/strong><\/h3>\n<p>I dati personali sono conservati su server ubicati in Italia, all\u2019interno dell\u2019Unione Europea.<\/p>\n<p>I dati raccolti non saranno oggetto di trasferimento in Paesi extra UE.<\/p>\n<h3><strong>Periodo di conservazione<\/strong><\/h3>\n<p>I dati raccolti verranno conservati per un arco di tempo non superiore al conseguimento delle finalit\u00e0 per le quali sono trattati (\u201cprincipio di limitazione della conservazione\u201d, art.5, GDPR) o in base alle scadenze previste dalle norme di legge.<\/p>\n<p>Il Titolare tratter\u00e0 quindi i dati personali per il tempo necessario per adempiere alle finalit\u00e0 di cui sopra e comunque per non oltre 10 anni dalla cessazione del rapporto per le finalit\u00e0 di cui al punto 1 sopra indicato e per non oltre 5 anni dalla raccolta dei dati per le finalit\u00e0 di cui al punto 2 sopra indicato.<\/p>\n<p>Nel caso di dati personali contenuti in curriculum vitae, tali dati saranno trattati per un periodo non superiore ai 12 mesi.<\/p>\n<p>La verifica sulla obsolescenza dei dati conservati in relazione alle finalit\u00e0 per cui sono stati raccolti viene effettuata periodicamente.<\/p>\n<p>&nbsp;<\/p>\n<h3><strong>Natura del conferimento dei dati e conseguenze del rifiuto di rispondere<\/strong><\/h3>\n<p>Il conferimento dei dati per le finalit\u00e0 di cui al punto 1 sopra riportato \u00e8 obbligatorio. In loro assenza, non potremo garantirLe l\u2019adempimento di quanto previsto al punto 1.<\/p>\n<p>Il conferimento dei dati per le finalit\u00e0 di cui al punto 2 sopra riportato \u00e8 invece facoltativo. Pu\u00f2 quindi decidere di non conferire alcun dato o di negare successivamente la possibilit\u00e0 di trattare dati gi\u00e0 forniti.<\/p>\n<h3><strong>Diritti dell\u2019interessato<\/strong><\/h3>\n<p>Nella Sua qualit\u00e0 di interessato, ha i diritti di cui all\u2019art. 15 GDPR e precisamente i diritti di:<\/p>\n<ol>\n<li>ottenere la conferma dell\u2019esistenza o meno di dati personali che La riguardano, anche se non ancora registrati, e la loro comunicazione in forma intelligibile;<\/li>\n<li>ottenere l\u2019indicazione: dell\u2019origine dei dati personali; delle finalit\u00e0 e modalit\u00e0 del trattamento; della logica applicata in caso di trattamento effettuato con l\u2019ausilio di strumenti elettronici; \u00a0degli estremi identificativi del titolare, dei responsabili e del rappresentante designato ai sensi dell\u2019art. 3, comma 1, GDPR; dei soggetti o delle categorie di soggetti ai quali i dati personali possono essere comunicati o che possono venirne a conoscenza in qualit\u00e0 di rappresentante designato nel territorio dello Stato, di responsabili o incaricati;<\/li>\n<li>ottenere: l\u2019aggiornamento, la rettificazione ovvero, quando vi ha interesse, l\u2019integrazione dei dati; la cancellazione, la trasformazione in forma anonima o il blocco dei dati trattati in violazione di legge, compresi quelli di cui non \u00e8 necessaria la conservazione in relazione agli scopi per i quali i dati sono stati raccolti o successivamente trattati; l\u2019attestazione che le operazioni di cui sopra sono state portate a conoscenza, anche per quanto riguarda il loro contenuto, di coloro ai quali i dati sono stati comunicati o diffusi, eccettuato il caso in cui tale adempimento si rivela impossibile o comporta un impiego di mezzi manifestamente sproporzionato rispetto al diritto tutelato;<\/li>\n<li>opporsi, in tutto o in parte: per motivi legittimi al trattamento dei dati personali che La riguardano, ancorch\u00e9 pertinenti allo scopo della raccolta; al trattamento di dati personali che La riguardano a fini di invio di materiale pubblicitario o di vendita diretta o per il compimento di ricerche di mercato o di comunicazione commerciale, mediante l\u2019uso di sistemi automatizzati di chiamata senza l\u2019intervento di un operatore mediante e-mail e\/o mediante modalit\u00e0 di marketing tradizionali mediante telefono e\/o posta cartacea. Si fa presente che il diritto di opposizione dell\u2019interessato, esposto al precedente punto, per finalit\u00e0 di marketing diretto mediante modalit\u00e0 automatizzate si estende a quelle tradizionali e che comunque resta salva la possibilit\u00e0 per l\u2019interessato di esercitare il diritto di opposizione anche solo in parte. Pertanto, l\u2019interessato pu\u00f2 decidere di ricevere solo comunicazioni mediante modalit\u00e0 tradizionali ovvero solo comunicazioni automatizzate oppure nessuna delle due tipologie di comunicazione.<\/li>\n<\/ol>\n<p>Ove applicabili, ha altres\u00ec i diritti di cui agli artt. 16-21 GDPR (Diritto di rettifica, diritto all\u2019oblio, diritto di limitazione di trattamento, diritto alla portabilit\u00e0 dei dati, diritto di opposizione), nonch\u00e9 il diritto di reclamo all\u2019Autorit\u00e0 Garante.<\/p>\n<p>&nbsp;<\/p>\n<h3><strong>Modalit\u00e0 di esercizio dei diritti<\/strong><\/h3>\n<p>Lei potr\u00e0 in qualsiasi momento esercitare i diritti sopra citati inviando:<\/p>\n<p>\u2013 una raccomandata a.r. a <strong>MB Conveyors srl, via della Scienza, 7 \u2013 36070 Brogliano (VI);<\/strong>\u00a0oppure una PEC all\u2019indirizzo\u00a0\u00a0 <strong>mbconveyors@legalmail.it<\/strong>[\/vc_column_text][\/vc_column][\/vc_row]<\/p>\n","protected":false},"excerpt":{"rendered":"<p>[vc_row][vc_column][vc_column_text]La societ\u00e0 MB Conveyors srl, con sede in Via della Scienza, 7 \u2013 36070 Brogliano (VI),\u00a0P.IVA 01734290248, (in seguito, \u201cTitolare\u201d), La informa ai sensi dell\u2019art. 13 Regolamento UE n. 2016\/679 (in seguito, \u201cGDPR\u201d) che i Suoi dati saranno trattati con le modalit\u00e0, le tempistiche e per le finalit\u00e0 qui di seguito riportate. La presente informativa&hellip;<\/p>\n","protected":false},"author":11,"featured_media":0,"parent":0,"menu_order":0,"comment_status":"closed","ping_status":"closed","template":"","meta":[],"aioseo_notices":[],"_links":{"self":[{"href":"https:\/\/mbconveyors.com\/it\/wp-json\/wp\/v2\/pages\/2353"}],"collection":[{"href":"https:\/\/mbconveyors.com\/it\/wp-json\/wp\/v2\/pages"}],"about":[{"href":"https:\/\/mbconveyors.com\/it\/wp-json\/wp\/v2\/types\/page"}],"author":[{"embeddable":true,"href":"https:\/\/mbconveyors.com\/it\/wp-json\/wp\/v2\/users\/11"}],"replies":[{"embeddable":true,"href":"https:\/\/mbconveyors.com\/it\/wp-json\/wp\/v2\/comments?post=2353"}],"version-history":[{"count":0,"href":"https:\/\/mbconveyors.com\/it\/wp-json\/wp\/v2\/pages\/2353\/revisions"}],"wp:attachment":[{"href":"https:\/\/mbconveyors.com\/it\/wp-json\/wp\/v2\/media?parent=2353"}],"curies":[{"name":"wp","href":"https:\/\/api.w.org\/{rel}","templated":true}]}}