{"id":2356,"date":"2018-07-10T15:56:45","date_gmt":"2018-07-10T13:56:45","guid":{"rendered":"http:\/\/mbconveyors.com\/?page_id=2356"},"modified":"2018-11-28T16:50:44","modified_gmt":"2018-11-28T15:50:44","slug":"cookie-policy","status":"publish","type":"page","link":"https:\/\/mbconveyors.com\/it\/cookie-policy\/","title":{"rendered":"Cookie Policy"},"content":{"rendered":"<p>[vc_row][vc_column][vc_column_text]La presente informativa \u00e8 stata redatta e personalizzata appositamente per il presente sito in base a quanto previsto Regolamento UE 2016\/679 emanato dal Garante per la protezione dei dati personali.<\/p>\n<h3><strong>Cosa sono i Cookies?<\/strong><\/h3>\n<p>I cookies sono delle piccole stringhe di testo, non necessariamente file all\u2019interno del computer, inviate da un server ad un client, quindi da un sito web al visitatore, e successivamente rimandate indietro per la lettura da parte del server. Ogni volta che l\u2019utente torna sullo stesso sito web, il browser recupera e invia il file al server del sito. In generale, la finalit\u00e0 dei cookies \u00e8 di migliorare il funzionamento del sito web e l\u2019esperienza dell\u2019utente nell\u2019utilizzo stesso, ad esempio attraverso l\u2019autenticazione automatica, la memorizzazione della lingua, grandezza e tipo di testo, localit\u00e0, o informazioni per fini statistici, poich\u00e9 di per s\u00e9 le pagine web non hanno alcuna \u201cmemoria\u201d.<\/p>\n<p>Nessun dato personale degli utenti viene in proposito acquisito dal sito. Non viene fatto uso di cookies per la trasmissione di informazioni di carattere personale, n\u00e9 vengono utilizzati sistemi per il tracciamento degli utenti.<\/p>\n<p>Se condividi l\u2019accesso al computer, ti consigliamo di cancellare sempre i dati di navigazione ogni volta che chiudi il tuo browser. Ci\u00f2 aumenta la sicurezza eliminando i dati sensibili dopo la tua sessione di navigazione.<\/p>\n<h3><strong>Quali cookies utilizza questo sito?<\/strong><\/h3>\n<p>\u2013\u00a0<strong>Tecnici<\/strong>: Utilizziamo solamente cookies tecnici anonimi indispensabili per il corretto funzionamento del sito, per la gestione della sessione e per le funzionalit\u00e0 interne del nostro sistema.<\/p>\n<p>\u2013\u00a0<strong>Analitici<\/strong>: Non utilizziamo cookies di terze parti (Google), per analizzare il comportamenti dei visitatori a scopi statistici.<\/p>\n<p>&nbsp;<\/p>\n<h3><strong>Come gestire\/bloccare i cookies sul tuo PC<\/strong><\/h3>\n<p>I cookies possono essere eliminati o modificati direttamente dal browser dell\u2019utente. Il visitatore ha il pieno controllo dei cookies e sul loro utilizzo. Ricordiamo che disabilitando i cookies non sar\u00e0 possibile accedere alla corretta visualizzazione e utilizzo del sito.<\/p>\n<p>Rimandiamo alle guide dei browser pi\u00f9 usati per conoscere le varie modalit\u00e0 di gestione dei cookies:<\/p>\n<p><a href=\"https:\/\/support.google.com\/accounts\/answer\/61416?hl=it\">\u2013 Guida ai cookies \u2013 Chrome<\/a><\/p>\n<p>\u2013\u00a0<a href=\"https:\/\/support.mozilla.org\/it\/kb\/Attivare%20e%20disattivare%20i%20cookie\">Guida ai cookies \u2013 Firefox<\/a><\/p>\n<p>\u2013\u00a0<a href=\"https:\/\/support.apple.com\/it-it\/HT201265\">Guida ai cookies \u2013 Safari<\/a><\/p>\n<p>\u2013\u00a0<a href=\"http:\/\/windows.microsoft.com\/it-it\/windows7\/block-enable-or-allow-cookies\">Guida ai cookies \u2013 Internet Explorer<\/a><\/p>\n<p>Ci riserviamo il diritto di modificare la presente Policy sui Cookies, in tutto o in parte, a nostra discrezione. Tutte le sue modifiche diverranno efficaci subito dopo la pubblicazione sul Sito della Policy aggiornata. L\u2019uso del Sito o dei Servizi successivamente la modifica della presente Policy implica accettazione di tali modifiche. Se non acconsenti ai termini della presente Policy sui Cookies in tutto o in parte, devi interrompere l\u2019uso del Sito e dei Servizi che noi offriamo.<\/p>\n<p>[\/vc_column_text][\/vc_column][\/vc_row]<\/p>\n","protected":false},"excerpt":{"rendered":"<p>[vc_row][vc_column][vc_column_text]La presente informativa \u00e8 stata redatta e personalizzata appositamente per il presente sito in base a quanto previsto Regolamento UE 2016\/679 emanato dal Garante per la protezione dei dati personali. Cosa sono i Cookies? I cookies sono delle piccole stringhe di testo, non necessariamente file all\u2019interno del computer, inviate da un server ad un client,&hellip;<\/p>\n","protected":false},"author":11,"featured_media":0,"parent":0,"menu_order":0,"comment_status":"closed","ping_status":"closed","template":"","meta":[],"aioseo_notices":[],"_links":{"self":[{"href":"https:\/\/mbconveyors.com\/it\/wp-json\/wp\/v2\/pages\/2356"}],"collection":[{"href":"https:\/\/mbconveyors.com\/it\/wp-json\/wp\/v2\/pages"}],"about":[{"href":"https:\/\/mbconveyors.com\/it\/wp-json\/wp\/v2\/types\/page"}],"author":[{"embeddable":true,"href":"https:\/\/mbconveyors.com\/it\/wp-json\/wp\/v2\/users\/11"}],"replies":[{"embeddable":true,"href":"https:\/\/mbconveyors.com\/it\/wp-json\/wp\/v2\/comments?post=2356"}],"version-history":[{"count":0,"href":"https:\/\/mbconveyors.com\/it\/wp-json\/wp\/v2\/pages\/2356\/revisions"}],"wp:attachment":[{"href":"https:\/\/mbconveyors.com\/it\/wp-json\/wp\/v2\/media?parent=2356"}],"curies":[{"name":"wp","href":"https:\/\/api.w.org\/{rel}","templated":true}]}}